{"id":1010,"date":"2016-11-28T12:36:52","date_gmt":"2016-11-28T11:36:52","guid":{"rendered":"http:\/\/saintemariemayorga64220.fr\/?page_id=1010"},"modified":"2018-03-22T14:56:57","modified_gmt":"2018-03-22T13:56:57","slug":"restauration","status":"publish","type":"page","link":"https:\/\/saintemariemayorga64220.fr\/es\/restauration\/","title":{"rendered":"(Fran\u00e7ais) RESTAURATION"},"content":{"rendered":"<p><\/p>\n<p style=\"text-align: center;\">\n<p style=\"text-align: center;\"><strong><span style=\"color: #3366ff;\">\u00a0<\/span><\/strong><\/p>\n<p style=\"text-align: center;\">\n<p>&nbsp;<\/p>","protected":false},"excerpt":{"rendered":"<p>\u00a0 &nbsp;<\/p>\n","protected":false},"author":1,"featured_media":0,"parent":0,"menu_order":0,"comment_status":"closed","ping_status":"closed","template":"","meta":{"spay_email":""},"jetpack_sharing_enabled":true,"jetpack_shortlink":"https:\/\/wp.me\/P9jAgw-gi","jetpack_likes_enabled":true,"jetpack-related-posts":[{"id":74,"url":"https:\/\/saintemariemayorga64220.fr\/es\/college-jean-de-mayorga\/mayorga-pratique\/renseignements-pratiques\/cantin\/","url_meta":{"origin":1010,"position":0},"title":"Comedor","date":"26 de octubre de 2014","format":false,"excerpt":" [et_pb_slide heading=\"Comedor\" use_bg_overlay=\"on\" use_text_overlay=\"off\" _builder_version=\"3.0.84\" header_level=\"h1\" header_font=\"||||||||\" body_font=\"||||||||\" background_image=\"http:\/\/saintemariemayorga64220.fr\/wp-content\/uploads\/2014\/10\/background-1239436_1920.jpg\" custom_button=\"off\" button_icon_placement=\"right\" button_on_hover=\"on\" background_color=\"#ffffff\" use_background_color_gradient=\"off\" background_color_gradient_start=\"#2b87da\" background_color_gradient_end=\"#29c4a9\" background_color_gradient_type=\"linear\" background_color_gradient_direction=\"180deg\" background_color_gradient_direction_radial=\"center\" background_color_gradient_start_position=\"0%\" background_color_gradient_end_position=\"100%\" parallax=\"off\" parallax_method=\"on\" background_size=\"cover\" background_position=\"center\" background_repeat=\"no-repeat\" background_blend=\"normal\" allow_player_pause=\"off\" text_border_radius=\"3\" alignment=\"center\"\u2026","rel":"","context":"Entrada similar","img":{"alt_text":"","src":"","width":0,"height":0},"classes":[]},{"id":1058,"url":"https:\/\/saintemariemayorga64220.fr\/es\/ensemble-scolaire\/","url_meta":{"origin":1010,"position":1},"title":"El centro escolar","date":"18 de enero de 2017","format":false,"excerpt":"[et_pb_accordion open_toggle_text_color=\"#020202\" open_toggle_background_color=\"#ffffff\" closed_toggle_text_color=\"#020202\" closed_toggle_background_color=\"#b5b5b5\" _builder_version=\"3.0.84\" body_font=\"||||||||\" toggle_font=\"|800|||||||\" toggle_text_align=\"left\" toggle_font_size=\"24px\" toggle_text_color=\"#ffffff\"\u2026","rel":"","context":"Entrada similar","img":{"alt_text":"","src":"","width":0,"height":0},"classes":[]},{"id":814,"url":"https:\/\/saintemariemayorga64220.fr\/es\/la-presse-en-parle\/","url_meta":{"origin":1010,"position":2},"title":"La prensa habla de nosotros","date":"28 de enero de 2016","format":false,"excerpt":"[et_pb_cta title=\"Semaine du go\u00fbt \u00e0 l'\u00e9cole Sainte Marie\u2026","rel":"","context":"Entrada similar","img":{"alt_text":"","src":"https:\/\/i0.wp.com\/bpsgm.fr\/wp-content\/uploads\/2015\/06\/eleves.png?resize=350%2C200","width":350,"height":200},"classes":[]},{"id":68,"url":"https:\/\/saintemariemayorga64220.fr\/es\/college-jean-de-mayorga\/mayorga-pratique\/renseignements-pratiques\/transports-scolaires\/","url_meta":{"origin":1010,"position":3},"title":"Transporte escolar","date":"26 de octubre de 2014","format":false,"excerpt":" [et_pb_slide _builder_version=\"3.0.84\" heading=\"Transports scolaires\" use_background_color_gradient=\"off\" background_color_gradient_start=\"#2b87da\" background_color_gradient_end=\"#29c4a9\" background_color_gradient_type=\"linear\" background_color_gradient_direction=\"180deg\" background_color_gradient_direction_radial=\"center\" background_color_gradient_start_position=\"0%\" background_color_gradient_end_position=\"100%\" background_image=\"http:\/\/saintemariemayorga64220.fr\/wp-content\/uploads\/2014\/10\/auto-2583303_1920.jpg\" parallax=\"off\" parallax_method=\"on\" background_size=\"cover\" background_position=\"center\" background_repeat=\"no-repeat\" background_blend=\"normal\" allow_player_pause=\"off\" use_bg_overlay=\"on\" use_text_overlay=\"off\" text_border_radius=\"3\" alignment=\"center\" background_layout=\"dark\" header_level=\"h1\" header_font=\"||||||||\" header_font_size=\"65\" header_font_size_tablet=\"65\" header_font_size_phone=\"65\" body_font=\"||||||||\" custom_button=\"off\" button_bg_use_color_gradient=\"off\" button_bg_color_gradient_start=\"#2b87da\" button_bg_color_gradient_end=\"#29c4a9\" button_bg_color_gradient_type=\"linear\"\u2026","rel":"","context":"Entrada similar","img":{"alt_text":"","src":"","width":0,"height":0},"classes":[]},{"id":805,"url":"https:\/\/saintemariemayorga64220.fr\/es\/lhistorique\/","url_meta":{"origin":1010,"position":4},"title":"Historia","date":"28 de enero de 2016","format":false,"excerpt":"L\u2019ensemble scolaire Sainte Marie \u2013 Mayorga\u00a0se trouve \u00e0 St Jean Pied de Port, village\u00a0des Pyr\u00e9n\u00e9es Atlantiques.\u00a0Capitale de la Basse Navarre, St Jean Pied de Port doit ce vocable \u00e0 sa situation au pied du \u00ab\u00a0port\u00a0\u00bb ou \u00ab\u00a0col\u00a0\u00bb de Ronceveaux (col\u2026","rel":"","context":"Entrada similar","img":{"alt_text":"","src":"","width":0,"height":0},"classes":[]},{"id":959,"url":"https:\/\/saintemariemayorga64220.fr\/es\/retrouver-toutes-actualites-compte-facebook\/","url_meta":{"origin":1010,"position":5},"title":"Retrouver toutes les actualit\u00e9s sur notre compte Facebook","date":"11 de junio de 2016","format":false,"excerpt":"","rel":"","context":"Entrada similar","img":{"alt_text":"","src":"","width":0,"height":0},"classes":[]}],"_links":{"self":[{"href":"https:\/\/saintemariemayorga64220.fr\/es\/wp-json\/wp\/v2\/pages\/1010"}],"collection":[{"href":"https:\/\/saintemariemayorga64220.fr\/es\/wp-json\/wp\/v2\/pages"}],"about":[{"href":"https:\/\/saintemariemayorga64220.fr\/es\/wp-json\/wp\/v2\/types\/page"}],"author":[{"embeddable":true,"href":"https:\/\/saintemariemayorga64220.fr\/es\/wp-json\/wp\/v2\/users\/1"}],"replies":[{"embeddable":true,"href":"https:\/\/saintemariemayorga64220.fr\/es\/wp-json\/wp\/v2\/comments?post=1010"}],"version-history":[{"count":6,"href":"https:\/\/saintemariemayorga64220.fr\/es\/wp-json\/wp\/v2\/pages\/1010\/revisions"}],"predecessor-version":[{"id":1537,"href":"https:\/\/saintemariemayorga64220.fr\/es\/wp-json\/wp\/v2\/pages\/1010\/revisions\/1537"}],"wp:attachment":[{"href":"https:\/\/saintemariemayorga64220.fr\/es\/wp-json\/wp\/v2\/media?parent=1010"}],"curies":[{"name":"wp","href":"https:\/\/api.w.org\/{rel}","templated":true}]}}