{"id":125,"date":"2014-10-26T14:35:28","date_gmt":"2014-10-26T13:35:28","guid":{"rendered":"http:\/\/saintemariemayorga64220.fr\/?page_id=125"},"modified":"2025-07-02T08:33:17","modified_gmt":"2025-07-02T07:33:17","slug":"apel","status":"publish","type":"page","link":"https:\/\/saintemariemayorga64220.fr\/es\/les-associations\/apel\/","title":{"rendered":"APEL"},"content":{"rendered":"<p>[et_pb_section fb_built=\u00bb1&#8243; admin_label=\u00bbsection\u00bb _builder_version=\u00bb3.0.47&#8243;][et_pb_row admin_label=\u00bbrow\u00bb _builder_version=\u00bb3.0.47&#8243; background_size=\u00bbinitial\u00bb background_position=\u00bbtop_left\u00bb background_repeat=\u00bbrepeat\u00bb][et_pb_column type=\u00bb4_4&#8243; _builder_version=\u00bb3.0.47&#8243; parallax=\u00bboff\u00bb parallax_method=\u00bbon\u00bb][et_pb_text admin_label=\u00bbText\u00bb _builder_version=\u00bb3.0.47&#8243; background_size=\u00bbinitial\u00bb background_position=\u00bbtop_left\u00bb background_repeat=\u00bbrepeat\u00bb inline_fonts=\u00bbABeeZee\u00bb]<\/p>\n<h3><span style=\"font-size: large;\"><span style=\"text-decoration: underline;\">Pr\u00e9sentation<\/span><\/span><\/h3>\n<p><span style=\"font-family: ABeeZee; font-weight: normal;\">Avec ses 878 000 familles adh\u00e9rentes, l&#8217;Apel (Association de parents d&#8217;\u00e9l\u00e8ves de l&#8217;enseignement libre) est la plus importante association nationale de parents d&#8217;\u00e9l\u00e8ves. C&#8217;est \u00e9galement la seule association de parents d&#8217;\u00e9l\u00e8ves reconnue dans le Statut de l&#8217;Enseignement catholique. Il s&#8217;agit d&#8217;une association loi de 1901.<\/span><\/p>\n<h3><span style=\"font-size: large;\"><span style=\"text-decoration: underline;\">R\u00f4le de L&#8217;APEL<\/span><\/span><\/h3>\n<p><span style=\"font-family: ABeeZee; font-weight: normal;\">Les Apel <strong>agissent et s&#8217;impliquent dans la vie des \u00e9tablissements<\/strong> scolaires. Elles ont la responsabilit\u00e9 de repr\u00e9senter les parents, au sein des \u00e9tablissements comme aupr\u00e8s des responsables de l&#8217;Institution scolaire et des pouvoirs publics.<\/span><\/p>\n<p><span style=\"font-family: ABeeZee; font-weight: normal;\">&#8211; L\u2019Apel repr\u00e9sente les parents au sein de l\u2019institution scolaire et aupr\u00e8s des pouvoirs publics<\/span><\/p>\n<p><span style=\"font-family: ABeeZee; font-weight: normal;\">-L\u2019Apel participe au d\u00e9bat \u00e9ducatif national<\/span><\/p>\n<p><span style=\"font-family: ABeeZee; font-weight: normal;\">-L\u2019Apel s\u2019implique dans la vie des \u00e9tablissements scolaires<\/span><\/p>\n<p><span style=\"font-family: ABeeZee; font-weight: normal;\">-L\u2019Apel soutient les parents dans leur t\u00e2che \u00e9ducative<\/span><\/p>\n<h3><span style=\"font-size: large;\"><span style=\"text-decoration: underline;\">Les \u00e9v\u00e8nements<\/span><\/span><\/h3>\n<p><span style=\"font-family: ABeeZee; font-weight: normal;\">Des exemples de ce qui a \u00e9t\u00e9 fait : Loto, Pelote, Carnaval, Soir\u00e9e Zumba, Tournoi de mus, tombola&#8230;<\/span><\/p>\n<h3><span style=\"font-size: large;\"><span style=\"text-decoration: underline;\">Organisation<\/span><\/span><\/h3>\n<p><span style=\"font-family: ABeeZee;\">Comme toute association, l\u2019APEL est compos\u00e9e de membres et d\u2019un bureau.<\/span><\/p>\n<p><span style=\"font-family: ABeeZee;\">Pr\u00e9sident : Mme CHOLLET<\/span><\/p>\n<p>&nbsp;<\/p>\n<p>[\/et_pb_text][\/et_pb_column][\/et_pb_row][\/et_pb_section]<\/p>\n","protected":false},"excerpt":{"rendered":"<p>[et_pb_section fb_built=\u00bb1&#8243; admin_label=\u00bbsection\u00bb _builder_version=\u00bb3.0.47&#8243;][et_pb_row admin_label=\u00bbrow\u00bb _builder_version=\u00bb3.0.47&#8243; background_size=\u00bbinitial\u00bb background_position=\u00bbtop_left\u00bb background_repeat=\u00bbrepeat\u00bb][et_pb_column type=\u00bb4_4&#8243; _builder_version=\u00bb3.0.47&#8243; parallax=\u00bboff\u00bb parallax_method=\u00bbon\u00bb][et_pb_text admin_label=\u00bbText\u00bb _builder_version=\u00bb3.0.47&#8243; background_size=\u00bbinitial\u00bb background_position=\u00bbtop_left\u00bb background_repeat=\u00bbrepeat\u00bb inline_fonts=\u00bbABeeZee\u00bb] Pr\u00e9sentation Avec ses 878 000 familles adh\u00e9rentes, l&#8217;Apel (Association de parents d&#8217;\u00e9l\u00e8ves de l&#8217;enseignement libre) est la plus importante association nationale de parents d&#8217;\u00e9l\u00e8ves. C&#8217;est \u00e9galement la seule association de parents d&#8217;\u00e9l\u00e8ves reconnue dans le Statut [&hellip;]<\/p>\n","protected":false},"author":1,"featured_media":0,"parent":801,"menu_order":0,"comment_status":"closed","ping_status":"open","template":"","meta":{"spay_email":""},"jetpack_sharing_enabled":true,"jetpack_shortlink":"https:\/\/wp.me\/P9jAgw-21","jetpack_likes_enabled":true,"jetpack-related-posts":[{"id":814,"url":"https:\/\/saintemariemayorga64220.fr\/es\/la-presse-en-parle\/","url_meta":{"origin":125,"position":0},"title":"La prensa habla de nosotros","date":"28 de enero de 2016","format":false,"excerpt":"[et_pb_cta title=\"Semaine du go\u00fbt \u00e0 l'\u00e9cole Sainte Marie\u2026","rel":"","context":"Entrada similar","img":{"alt_text":"","src":"https:\/\/i0.wp.com\/bpsgm.fr\/wp-content\/uploads\/2015\/06\/eleves.png?resize=350%2C200","width":350,"height":200},"classes":[]},{"id":2052,"url":"https:\/\/saintemariemayorga64220.fr\/es\/modules\/","url_meta":{"origin":125,"position":1},"title":"Modules","date":"26 de noviembre de 2025","format":false,"excerpt":"[et_pb_slide heading=\"Une poule sur un mur\" button_text=\"Voir les r\u00e9sultats\u2026","rel":"","context":"Entrada similar","img":{"alt_text":"","src":"https:\/\/i0.wp.com\/saintemariemayorga64220.fr\/wp-content\/uploads\/2020\/04\/10-225x300.jpg?resize=350%2C200&ssl=1","width":350,"height":200},"classes":[]},{"id":712,"url":"https:\/\/saintemariemayorga64220.fr\/es\/ecole-sainte-marie\/le-bilinguisme\/","url_meta":{"origin":125,"position":2},"title":"LE BILINGUISME","date":"24 de octubre de 2015","format":false,"excerpt":"L'\u00e9cole Sainte Marie dispose d'une fili\u00e8re bilingue basque. La maternelle bilingue basque a bascul\u00e9 dans un dispositif immersif depuis 2015. Mais \u00e0 partir du CP, cette fili\u00e8re dispense une partie des cours en langue basque et l'autre en fran\u00e7ais\u2026","rel":"","context":"Entrada similar","img":{"alt_text":"","src":"","width":0,"height":0},"classes":[]},{"id":54,"url":"https:\/\/saintemariemayorga64220.fr\/es\/college-jean-de-mayorga\/la-vie-a-mayorga\/les-ateliers-et-le-sport\/","url_meta":{"origin":125,"position":3},"title":"El deporte y los talleres","date":"26 de octubre de 2014","format":false,"excerpt":"Les ateliers Une fois par semaine, plusieurs ateliers sont propos\u00e9s dans l'emploi du temps (1 ou 2 s\u00e9ances) : Sports : Skate, Rugby en partenariat avec l'US Nafarroa,\u00a0 Activit\u00e9s culturelles : th\u00e9\u00e2tre, jeux de soci\u00e9t\u00e9s, danse,\u00a0 Un\u2026","rel":"","context":"Entrada similar","img":{"alt_text":"","src":"","width":0,"height":0},"classes":[]},{"id":72,"url":"https:\/\/saintemariemayorga64220.fr\/es\/college-jean-de-mayorga\/mayorga-pratique\/renseignements-pratiques\/etude-du-soir\/","url_meta":{"origin":125,"position":4},"title":"Permanencia por la tarde","date":"26 de octubre de 2014","format":false,"excerpt":" [et_pb_slide heading=\"Permanencia por la tarde\" use_bg_overlay=\"on\" use_text_overlay=\"off\" _builder_version=\"3.0.84\" header_level=\"h1\" header_font=\"||||||||\" body_font=\"||||||||\" background_image=\"http:\/\/saintemariemayorga64220.fr\/wp-content\/uploads\/2014\/10\/books-2158737_1920.jpg\" custom_button=\"off\" button_icon_placement=\"right\" button_on_hover=\"on\" background_color=\"#ffffff\" header_font_size=\"45px\" use_background_color_gradient=\"off\" background_color_gradient_start=\"#2b87da\" background_color_gradient_end=\"#29c4a9\" background_color_gradient_type=\"linear\" background_color_gradient_direction=\"180deg\" background_color_gradient_direction_radial=\"center\" background_color_gradient_start_position=\"0%\" background_color_gradient_end_position=\"100%\" parallax=\"off\" parallax_method=\"on\" background_size=\"cover\" background_position=\"center\" background_repeat=\"no-repeat\" background_blend=\"normal\"\u2026","rel":"","context":"Entrada similar","img":{"alt_text":"","src":"","width":0,"height":0},"classes":[]},{"id":2680,"url":"https:\/\/saintemariemayorga64220.fr\/es\/college-2\/","url_meta":{"origin":125,"position":5},"title":"Coll\u00e8ge","date":"22 de enero de 2026","format":false,"excerpt":" Voir la Page\u2026","rel":"","context":"Entrada similar","img":{"alt_text":"","src":"","width":0,"height":0},"classes":[]}],"_links":{"self":[{"href":"https:\/\/saintemariemayorga64220.fr\/es\/wp-json\/wp\/v2\/pages\/125"}],"collection":[{"href":"https:\/\/saintemariemayorga64220.fr\/es\/wp-json\/wp\/v2\/pages"}],"about":[{"href":"https:\/\/saintemariemayorga64220.fr\/es\/wp-json\/wp\/v2\/types\/page"}],"author":[{"embeddable":true,"href":"https:\/\/saintemariemayorga64220.fr\/es\/wp-json\/wp\/v2\/users\/1"}],"replies":[{"embeddable":true,"href":"https:\/\/saintemariemayorga64220.fr\/es\/wp-json\/wp\/v2\/comments?post=125"}],"version-history":[{"count":8,"href":"https:\/\/saintemariemayorga64220.fr\/es\/wp-json\/wp\/v2\/pages\/125\/revisions"}],"predecessor-version":[{"id":2013,"href":"https:\/\/saintemariemayorga64220.fr\/es\/wp-json\/wp\/v2\/pages\/125\/revisions\/2013"}],"up":[{"embeddable":true,"href":"https:\/\/saintemariemayorga64220.fr\/es\/wp-json\/wp\/v2\/pages\/801"}],"wp:attachment":[{"href":"https:\/\/saintemariemayorga64220.fr\/es\/wp-json\/wp\/v2\/media?parent=125"}],"curies":[{"name":"wp","href":"https:\/\/api.w.org\/{rel}","templated":true}]}}