{"id":127,"date":"2014-10-26T14:35:43","date_gmt":"2014-10-26T13:35:43","guid":{"rendered":"http:\/\/saintemariemayorga64220.fr\/?page_id=127"},"modified":"2018-02-16T10:10:19","modified_gmt":"2018-02-16T09:10:19","slug":"ogec","status":"publish","type":"page","link":"https:\/\/saintemariemayorga64220.fr\/es\/les-associations\/ogec\/","title":{"rendered":"OGEC"},"content":{"rendered":"<p>[et_pb_section fb_built=\u00bb1&#8243; admin_label=\u00bbsection\u00bb _builder_version=\u00bb3.0.47&#8243;][et_pb_row admin_label=\u00bbrow\u00bb _builder_version=\u00bb3.0.47&#8243; background_size=\u00bbinitial\u00bb background_position=\u00bbtop_left\u00bb background_repeat=\u00bbrepeat\u00bb][et_pb_column type=\u00bb4_4&#8243; _builder_version=\u00bb3.0.47&#8243; parallax=\u00bboff\u00bb parallax_method=\u00bbon\u00bb][et_pb_text admin_label=\u00bbText\u00bb _builder_version=\u00bb3.0.47&#8243; background_size=\u00bbinitial\u00bb background_position=\u00bbtop_left\u00bb background_repeat=\u00bbrepeat\u00bb inline_fonts=\u00bbABeeZee\u00bb]<\/p>\n<h1>OGEC Sainte Marie &#8211; Jean de Mayorga<\/h1>\n<p>&nbsp;<\/p>\n<h2>Pr\u00e9sentation<\/h2>\n<p><span style=\"font-family: ABeeZee;\">L&#8217;OGEC est l&#8217;organisme de gestion de l&#8217;Enseignement Catholique; il s&#8217;agit d&#8217;une association loi 1901 dont les membres \u00e9lus sont des b\u00e9n\u00e9voles qui mettent leurs comp\u00e9tences diverses au service de l&#8217;\u00e9cole et du coll\u00e8ge en lui assurant une repr\u00e9sentation morale sur le plan juridique.<\/span><br \/><span style=\"font-family: ABeeZee;\"> L&#8217;OGEC est membre \u00e0 part enti\u00e8re de la communaut\u00e9 \u00e9ducative<\/span>.<\/p>\n<p>&nbsp;<\/p>\n<h2>R\u00f4le de l&#8217;OGEC<\/h2>\n<p><span style=\"font-family: ABeeZee; font-weight: normal;\">L&#8217;OGEC a pour mission de donner \u00e0 la communaut\u00e9 \u00e9ducative les conditions mat\u00e9rielles qui permettent de mettre en \u0153uvre son projet \u00e9ducatif, p\u00e9dagogique et pastoral en \u00e9troite collaboration avec les chefs d&#8217;\u00e9tablissement.<\/span><br \/><span style=\"font-family: ABeeZee; font-weight: normal;\"> Son r\u00f4le s&#8217;exerce dans les domaines suivants :<\/span><\/p>\n<ul>\n<li><span style=\"font-family: ABeeZee; font-weight: normal;\">la gestion \u00e9conomique et financi\u00e8re<\/span><\/li>\n<li><span style=\"font-family: ABeeZee; font-weight: normal;\">la gestion sociale : l&#8217;OGEC est l&#8217;employeur du personnel non-enseignant (personnel administratif, aide-maternelle, personnel de cuisine &#8230; )<\/span><\/li>\n<li><span style=\"font-family: ABeeZee; font-weight: normal;\">la gestion immobili\u00e8re : l&#8217;OGEC a la charge de l&#8217;entretien et de la r\u00e9novation des b\u00e2timents scolaires.<\/span><\/li>\n<\/ul>\n<p>&nbsp;<\/p>\n<h2>Organisation<\/h2>\n<p><span style=\"font-family: ABeeZee; font-weight: normal;\">Comme toute association, l&#8217;OGEC est compos\u00e9 de membres, d&#8217;un conseil d&#8217;administration et d&#8217;un bureau.<\/span><\/p>\n<ul>\n<li><span style=\"font-family: ABeeZee; font-weight: normal;\">Pr\u00e9sident : M. INCHAUSPE Laurent<\/span><\/li>\n<li><span style=\"font-family: ABeeZee; font-weight: normal;\">Tr\u00e9sorier : M. MAYTE Eric<\/span><\/li>\n<li><span style=\"font-family: ABeeZee; font-weight: normal;\">Secr\u00e9taire : Mme JAUREITO Solange<\/span><\/li>\n<li><span style=\"font-family: ABeeZee; font-weight: normal;\">Administrateurs : Madame APHAULE et M. AGUERRE<\/span><\/li>\n<li><span style=\"font-family: ABeeZee; font-weight: normal;\">Membres de droit : <\/span>\n<ul>\n<li><span style=\"font-family: ABeeZee; font-weight: normal;\">Monsieur APHAULE, directeur dioc\u00e9sain<\/span><\/li>\n<li><span style=\"font-family: ABeeZee; font-weight: normal;\">Monsieur BONTAN, Secr\u00e9taire g\u00e9n\u00e9ral UDOGEC<\/span><\/li>\n<li><span style=\"font-family: ABeeZee; font-weight: normal;\">Monsieur RIBAL, pr\u00e9sident de l&#8217;APEL<\/span><\/li>\n<\/ul>\n<\/li>\n<\/ul>\n<p>[\/et_pb_text][\/et_pb_column][\/et_pb_row][\/et_pb_section]<\/p>\n","protected":false},"excerpt":{"rendered":"<p>[et_pb_section fb_built=\u00bb1&#8243; admin_label=\u00bbsection\u00bb _builder_version=\u00bb3.0.47&#8243;][et_pb_row admin_label=\u00bbrow\u00bb _builder_version=\u00bb3.0.47&#8243; background_size=\u00bbinitial\u00bb background_position=\u00bbtop_left\u00bb background_repeat=\u00bbrepeat\u00bb][et_pb_column type=\u00bb4_4&#8243; _builder_version=\u00bb3.0.47&#8243; parallax=\u00bboff\u00bb parallax_method=\u00bbon\u00bb][et_pb_text admin_label=\u00bbText\u00bb _builder_version=\u00bb3.0.47&#8243; background_size=\u00bbinitial\u00bb background_position=\u00bbtop_left\u00bb background_repeat=\u00bbrepeat\u00bb inline_fonts=\u00bbABeeZee\u00bb] OGEC Sainte Marie &#8211; Jean de Mayorga &nbsp; Pr\u00e9sentation L&#8217;OGEC est l&#8217;organisme de gestion de l&#8217;Enseignement Catholique; il s&#8217;agit d&#8217;une association loi 1901 dont les membres \u00e9lus sont des b\u00e9n\u00e9voles qui mettent leurs comp\u00e9tences diverses au [&hellip;]<\/p>\n","protected":false},"author":1,"featured_media":0,"parent":801,"menu_order":0,"comment_status":"closed","ping_status":"open","template":"","meta":{"spay_email":""},"jetpack_sharing_enabled":true,"jetpack_shortlink":"https:\/\/wp.me\/P9jAgw-23","jetpack_likes_enabled":true,"jetpack-related-posts":[{"id":2052,"url":"https:\/\/saintemariemayorga64220.fr\/es\/modules\/","url_meta":{"origin":127,"position":0},"title":"Modules","date":"26 de noviembre de 2025","format":false,"excerpt":"[et_pb_slide heading=\"Une poule sur un mur\" button_text=\"Voir les r\u00e9sultats\u2026","rel":"","context":"Entrada similar","img":{"alt_text":"","src":"https:\/\/i0.wp.com\/saintemariemayorga64220.fr\/wp-content\/uploads\/2020\/04\/10-225x300.jpg?resize=350%2C200&ssl=1","width":350,"height":200},"classes":[]},{"id":2680,"url":"https:\/\/saintemariemayorga64220.fr\/es\/college-2\/","url_meta":{"origin":127,"position":1},"title":"Coll\u00e8ge","date":"22 de enero de 2026","format":false,"excerpt":" Voir la Page\u2026","rel":"","context":"Entrada similar","img":{"alt_text":"","src":"","width":0,"height":0},"classes":[]},{"id":54,"url":"https:\/\/saintemariemayorga64220.fr\/es\/college-jean-de-mayorga\/la-vie-a-mayorga\/les-ateliers-et-le-sport\/","url_meta":{"origin":127,"position":2},"title":"El deporte y los talleres","date":"26 de octubre de 2014","format":false,"excerpt":"Les ateliers Une fois par semaine, plusieurs ateliers sont propos\u00e9s dans l'emploi du temps (1 ou 2 s\u00e9ances) : Sports : Skate, Rugby en partenariat avec l'US Nafarroa,\u00a0 Activit\u00e9s culturelles : th\u00e9\u00e2tre, jeux de soci\u00e9t\u00e9s, danse,\u00a0 Un\u2026","rel":"","context":"Entrada similar","img":{"alt_text":"","src":"","width":0,"height":0},"classes":[]},{"id":62,"url":"https:\/\/saintemariemayorga64220.fr\/es\/college-jean-de-mayorga\/mayorga-pratique\/renseignements-pratiques\/inscriptions\/","url_meta":{"origin":127,"position":3},"title":"Inscripci\u00f3n","date":"26 de octubre de 2014","format":false,"excerpt":"[et_pb_section fb_built=\"1\"\u2026","rel":"","context":"Entrada similar","img":{"alt_text":"","src":"","width":0,"height":0},"classes":[]},{"id":64,"url":"https:\/\/saintemariemayorga64220.fr\/es\/college-jean-de-mayorga\/mayorga-pratique\/renseignements-pratiques\/horaires\/","url_meta":{"origin":127,"position":4},"title":"Horarios","date":"26 de octubre de 2014","format":false,"excerpt":"[et_pb_slider\u2026","rel":"","context":"Entrada similar","img":{"alt_text":"","src":"","width":0,"height":0},"classes":[]},{"id":72,"url":"https:\/\/saintemariemayorga64220.fr\/es\/college-jean-de-mayorga\/mayorga-pratique\/renseignements-pratiques\/etude-du-soir\/","url_meta":{"origin":127,"position":5},"title":"Permanencia por la tarde","date":"26 de octubre de 2014","format":false,"excerpt":" [et_pb_slide heading=\"Permanencia por la tarde\" use_bg_overlay=\"on\" use_text_overlay=\"off\" _builder_version=\"3.0.84\" header_level=\"h1\" header_font=\"||||||||\" body_font=\"||||||||\" background_image=\"http:\/\/saintemariemayorga64220.fr\/wp-content\/uploads\/2014\/10\/books-2158737_1920.jpg\" custom_button=\"off\" button_icon_placement=\"right\" button_on_hover=\"on\" background_color=\"#ffffff\" header_font_size=\"45px\" use_background_color_gradient=\"off\" background_color_gradient_start=\"#2b87da\" background_color_gradient_end=\"#29c4a9\" background_color_gradient_type=\"linear\" background_color_gradient_direction=\"180deg\" background_color_gradient_direction_radial=\"center\" background_color_gradient_start_position=\"0%\" background_color_gradient_end_position=\"100%\" parallax=\"off\" parallax_method=\"on\" background_size=\"cover\" background_position=\"center\" background_repeat=\"no-repeat\" background_blend=\"normal\"\u2026","rel":"","context":"Entrada similar","img":{"alt_text":"","src":"","width":0,"height":0},"classes":[]}],"_links":{"self":[{"href":"https:\/\/saintemariemayorga64220.fr\/es\/wp-json\/wp\/v2\/pages\/127"}],"collection":[{"href":"https:\/\/saintemariemayorga64220.fr\/es\/wp-json\/wp\/v2\/pages"}],"about":[{"href":"https:\/\/saintemariemayorga64220.fr\/es\/wp-json\/wp\/v2\/types\/page"}],"author":[{"embeddable":true,"href":"https:\/\/saintemariemayorga64220.fr\/es\/wp-json\/wp\/v2\/users\/1"}],"replies":[{"embeddable":true,"href":"https:\/\/saintemariemayorga64220.fr\/es\/wp-json\/wp\/v2\/comments?post=127"}],"version-history":[{"count":10,"href":"https:\/\/saintemariemayorga64220.fr\/es\/wp-json\/wp\/v2\/pages\/127\/revisions"}],"predecessor-version":[{"id":1417,"href":"https:\/\/saintemariemayorga64220.fr\/es\/wp-json\/wp\/v2\/pages\/127\/revisions\/1417"}],"up":[{"embeddable":true,"href":"https:\/\/saintemariemayorga64220.fr\/es\/wp-json\/wp\/v2\/pages\/801"}],"wp:attachment":[{"href":"https:\/\/saintemariemayorga64220.fr\/es\/wp-json\/wp\/v2\/media?parent=127"}],"curies":[{"name":"wp","href":"https:\/\/api.w.org\/{rel}","templated":true}]}}