{"id":17,"date":"2014-09-28T12:47:10","date_gmt":"2014-09-28T11:47:10","guid":{"rendered":"http:\/\/saintemariemayorga64220.fr\/?page_id=17"},"modified":"2026-01-21T15:12:39","modified_gmt":"2026-01-21T14:12:39","slug":"accueil","status":"publish","type":"page","link":"https:\/\/saintemariemayorga64220.fr\/es\/","title":{"rendered":"Inicio"},"content":{"rendered":"<p>[et_pb_section fb_built=\u00bb1&#8243; _builder_version=\u00bb3.0.84&#8243; custom_padding=\u00bb70px|0px|33px|0px\u00bb][et_pb_row make_fullwidth=\u00bbon\u00bb custom_padding=\u00bb0px|0px|0px|0px\u00bb _builder_version=\u00bb3.0.84&#8243; background_size=\u00bbinitial\u00bb background_position=\u00bbtop_left\u00bb background_repeat=\u00bbrepeat\u00bb][et_pb_column type=\u00bb4_4&#8243; _builder_version=\u00bb3.0.47&#8243; parallax=\u00bboff\u00bb parallax_method=\u00bbon\u00bb][et_pb_slider _builder_version=\u00bb3.0.84&#8243; auto=\u00bbon\u00bb auto_speed=\u00bb4000&#8243; box_shadow_style=\u00bbpreset2&#8243; box_shadow_horizontal=\u00bb9px\u00bb][et_pb_slide heading=\u00bbBienvenue &#8211; Ongi Etorri &#8211; Bienvenido\u00bb use_bg_overlay=\u00bboff\u00bb use_text_overlay=\u00bboff\u00bb _builder_version=\u00bb3.0.84&#8243; header_level=\u00bbh1&#8243; header_font_size=\u00bb44px\u00bb header_letter_spacing=\u00bb5px\u00bb background_image=\u00bbhttp:\/\/saintemariemayorga64220.fr\/wp-content\/uploads\/2018\/02\/ecole.jpg\u00bb custom_button=\u00bboff\u00bb button_icon_placement=\u00bbright\u00bb button_on_hover=\u00bbon\u00bb][\/et_pb_slide][et_pb_slide heading=\u00bbBilinguisme &#8211; Elebitasuna &#8211; Biling\u00fcismo\u00bb use_bg_overlay=\u00bboff\u00bb use_text_overlay=\u00bboff\u00bb _builder_version=\u00bb3.0.84&#8243; header_level=\u00bbh1&#8243; background_image=\u00bbhttp:\/\/saintemariemayorga64220.fr\/wp-content\/uploads\/2018\/02\/IMG_0052.jpg\u00bb custom_button=\u00bboff\u00bb button_icon_placement=\u00bbright\u00bb button_on_hover=\u00bbon\u00bb][\/et_pb_slide][\/et_pb_slider][\/et_pb_column][\/et_pb_row][\/et_pb_section][et_pb_section fb_built=\u00bb1&#8243; _builder_version=\u00bb3.0.84&#8243; parallax=\u00bbon\u00bb custom_padding=\u00bb54px|0px|5px|0px\u00bb][et_pb_row _builder_version=\u00bb3.0.84&#8243;][et_pb_column type=\u00bb4_4&#8243; _builder_version=\u00bb3.0.84&#8243; parallax=\u00bboff\u00bb parallax_method=\u00bbon\u00bb][et_pb_tabs _builder_version=\u00bb3.0.84&#8243; tab_font_size=\u00bb21px\u00bb tab_line_height=\u00bb2.1em\u00bb body_font_size=\u00bb13px\u00bb max_width=\u00bb90%\u00bb module_alignment=\u00bbcenter\u00bb box_shadow_style=\u00bbpreset5&#8243;][et_pb_tab title=\u00bbBienvenue\u00bb _builder_version=\u00bb3.0.84&#8243; body_font_size=\u00bb11px\u00bb inline_fonts=\u00bbAmatic SC\u00bb]<\/p>\n<p><span style=\"font-family: inherit; font-weight: normal; font-size: large;\">Notre \u00e9tablissement a pour volont\u00e9 de prendre soin de chaque jeune, en visant, en confiance avec les familles, une \u00e9ducation qui int\u00e8gre toutes les dimensions de la personne, le tout dans un cadre familial et privil\u00e9gi\u00e9 (b\u00e2timent historique sur la route des p\u00e9lerins de St Jacques de Compostelle). <\/span><\/p>\n<p><span style=\"font-family: inherit; font-weight: normal; font-size: large;\">Ainsi, nous avons pour chaque jeune :<\/span><\/p>\n<p style=\"padding-left: 30px;\"><span style=\"font-family: inherit; font-weight: normal; font-size: large;\">&#8211; Un projet scolaire : \u00abje suis accompagn\u00e9 pour viser la r\u00e9ussite, celle que je veux mienne\u00bb.<\/span><\/p>\n<p style=\"padding-left: 30px;\"><span style=\"font-family: inherit; font-weight: normal; font-size: large;\">&#8211; Un projet \u00e9ducatif : \u00bb j&#8217;apprends \u00e0 m&#8217;engager, \u00e0 me responsabiliser\u00bb.<\/span><\/p>\n<p style=\"padding-left: 30px;\"><span style=\"font-family: inherit; font-weight: normal; font-size: large;\">&#8211; Un projet d&#8217;\u00e9ducation \u00e0 la relation : \u00abj&#8217;apprends \u00e0 vivre avec les autres et \u00e0 mieux me conna\u00eetre\u00bb.<\/span><\/p>\n<p style=\"padding-left: 30px;\"><span style=\"font-family: inherit; font-weight: normal; font-size: large;\">&#8211; Un projet culturel et spirituel : \u00abje suis riche d&#8217;un tas de comp\u00e9tences que je peux mettre au service d&#8217;un groupe, de ma classe, de la soci\u00e9t\u00e9 et je peux apprendre \u00e0 conna\u00eetre J\u00e9sus si je le souhaite\u00bb.<\/span><\/p>\n<p style=\"padding-left: 30px;\"><span style=\"font-family: inherit; font-weight: normal; font-size: large;\">&#8211; Un projet d&#8217;\u00e9ducation avec les familles : \u00abmon \u00e9cole et ma famille dialoguent \u00e9troitement pour mon \u00e9ducation dans une relation de confiance, d&#8217;\u00e9coute r\u00e9ciproque\u00bb.<\/span><\/p>\n<p style=\"padding-left: 30px;\"><span style=\"font-family: inherit; font-weight: normal; font-size: large;\"><\/span><\/p>\n<p><span style=\"font-family: inherit; font-weight: normal; font-size: large;\">C&#8217;est dans ce cadre serein que nous aurons le plaisir de vous accueillir, de la petite section \u00e0 la troisi\u00e8me, pour une inscription ou un projet sp\u00e9cifique (maternelle en immersion basque ou pas, bilinguisme basque ou fili\u00e8re monolingue, ateliers, internat, accueil de jeunes Espagnols&#8230;).<\/span><\/p>\n<p><span style=\"font-family: ABeeZee; font-weight: normal; font-size: medium;\"><\/span><\/p>\n<p>[\/et_pb_tab][et_pb_tab title=\u00bbOngi etorri\u00bb _builder_version=\u00bb3.0.84&#8243; body_font_size=\u00bb11px\u00bb body_line_height=\u00bb1.8em\u00bb]<\/p>\n<p>Gure ikastetxeak gazte bakotxaz arta hartzeko borondatea badu, familiekin konfiantzazko harremanean, pertsonaren alderdi guziak kontuan hartzen dituen hezkuntza helburu, hori guzia familian bezalako giro pribilegiatu batean (eraikin historiko bat, Konpostelako beilarien bidean). Beraz, gazte bakotxarendako, badugu:<\/p>\n<p style=\"padding-left: 30px;\">\u2013 Eskolako proiektu bat : \u00ab lagundua naiz, erreusitzea helburu \u00bb.<br \/> \u2013 Hezkuntza proiektu bat : \u00ab ikasten dut engaiatzen eta arduraz jokatzen \u00bb.<br \/> \u2013 Gorputzari eta harremanari buruzko hezkuntza proiektu bat : \u00ab ikasten dut bertzeekin bizitzen eta ene burua hobeki ezagutzen \u00bb.<br \/> \u2013 Proiektu kulturala eta izpirituzkoa : \u00ab gaitasun anitz baditut eta Jesus ezagutzen ikasten ahal dut, nahi baldin badut \u00bb.<br \/> \u2013 Hezkuntza proiektu bat, familiekin : \u00ab ene eskola eta ene familia elkarrizketa hurbilean ari dira, ene hezkuntzaren onetan \u00bb.<\/p>\n<p>Giro la\u00f1o hortan, zure errezibitzeko plazera ukanen dugu, ama eskolako ttipien gelatik hirugarreneko ikastalderaino, izena emateko edo proiektu berezi batendako (ama eskola murgiltze ereduan, euskal elebiduntasuna, barnetegia, espainol gazteen errezibitzea\u2026).<\/p>\n<p>[\/et_pb_tab][\/et_pb_tabs][\/et_pb_column][\/et_pb_row][et_pb_row use_custom_width=\u00bbon\u00bb custom_width_px=\u00bb1170px\u00bb custom_padding=\u00bb27px|0px|22px|0px\u00bb _builder_version=\u00bb3.0.84&#8243;][et_pb_column type=\u00bb1_4&#8243; _builder_version=\u00bb3.0.84&#8243; parallax=\u00bboff\u00bb parallax_method=\u00bbon\u00bb][et_pb_number_counter title=\u00bbProfesseurs\/Erakasleak\u00bb number=\u00bb22&#8243; percent_sign=\u00bboff\u00bb _builder_version=\u00bb3.0.84&#8243; title_font=\u00bb||||||||\u00bb title_text_align=\u00bbcenter\u00bb title_font_size=\u00bb14px\u00bb number_font=\u00bb||||||||\u00bb number_font_size=\u00bb50px\u00bb number_text_color=\u00bb#7ebec5&#8243; number_line_height=\u00bb100px\u00bb max_width=\u00bb80%\u00bb module_alignment=\u00bbcenter\u00bb]<\/p>\n<p>\u00a0<\/p>\n<p>[\/et_pb_number_counter][\/et_pb_column][et_pb_column type=\u00bb1_4&#8243; _builder_version=\u00bb3.0.84&#8243; parallax=\u00bboff\u00bb parallax_method=\u00bbon\u00bb][et_pb_number_counter title=\u00bbPersonnels\/Langileak\u00bb number=\u00bb13&#8243; percent_sign=\u00bboff\u00bb _builder_version=\u00bb3.0.84&#8243; title_font=\u00bb||||||||\u00bb title_text_align=\u00bbcenter\u00bb title_font_size=\u00bb15px\u00bb number_font=\u00bb||||||||\u00bb number_font_size=\u00bb50px\u00bb number_text_color=\u00bb#7ebec5&#8243; number_line_height=\u00bb100px\u00bb max_width=\u00bb80%\u00bb]<\/p>\n<p>\u00a0<\/p>\n<p>[\/et_pb_number_counter][\/et_pb_column][et_pb_column type=\u00bb1_4&#8243; _builder_version=\u00bb3.0.84&#8243; parallax=\u00bboff\u00bb parallax_method=\u00bbon\u00bb][et_pb_number_counter title=\u00bbEl\u00e8ves\/Ikasleak\u00bb number=\u00bb264&#8243; percent_sign=\u00bboff\u00bb _builder_version=\u00bb3.0.84&#8243; title_font=\u00bb||||||||\u00bb title_text_align=\u00bbcenter\u00bb title_font_size=\u00bb15px\u00bb title_font_size_last_edited=\u00bboff|desktop\u00bb number_font=\u00bb||||||||\u00bb number_font_size=\u00bb50px\u00bb number_text_color=\u00bb#7ebec5&#8243; number_line_height=\u00bb100px\u00bb max_width=\u00bb80%\u00bb module_alignment=\u00bbcenter\u00bb]<\/p>\n<p>\u00a0<\/p>\n<p>[\/et_pb_number_counter][\/et_pb_column][et_pb_column type=\u00bb1_4&#8243; _builder_version=\u00bb3.0.84&#8243; parallax=\u00bboff\u00bb parallax_method=\u00bbon\u00bb][et_pb_number_counter title=\u00bbInternes\/Barnategiko ikasleak\u00bb number=\u00bb26&#8243; percent_sign=\u00bboff\u00bb _builder_version=\u00bb3.0.84&#8243; title_font=\u00bb||||||||\u00bb title_font_size=\u00bb15px\u00bb number_font=\u00bb||||||||\u00bb number_font_size=\u00bb50px\u00bb number_text_color=\u00bb#7ebec5&#8243; number_line_height=\u00bb100px\u00bb max_width=\u00bb80%\u00bb module_alignment=\u00bbcenter\u00bb]<\/p>\n<p>\u00a0<\/p>\n<p>[\/et_pb_number_counter][\/et_pb_column][\/et_pb_row][\/et_pb_section][et_pb_section fb_built=\u00bb1&#8243; _builder_version=\u00bb3.0.84&#8243; custom_padding=\u00bb50.5167px|0px|1px|0px\u00bb][et_pb_row custom_padding=\u00bb25.25px|0px|0px|0px\u00bb _builder_version=\u00bb3.0.84&#8243;][et_pb_column type=\u00bb4_4&#8243; _builder_version=\u00bb3.0.84&#8243; parallax=\u00bboff\u00bb parallax_method=\u00bbon\u00bb][et_pb_text _builder_version=\u00bb3.0.84&#8243; text_font=\u00bb|800|||||||\u00bb text_font_size=\u00bb13px\u00bb quote_font=\u00bb||||||||\u00bb header_font=\u00bb||||||||\u00bb header_text_align=\u00bbcenter\u00bb header_2_font=\u00bbAbril Fatface|700|||||||\u00bb header_2_text_align=\u00bbcenter\u00bb header_2_font_size=\u00bb35px\u00bb]<\/p>\n<h2 style=\"text-align: center;\"><strong>Zoom sur&#8230;<\/strong><\/h2>\n<p>[\/et_pb_text][\/et_pb_column][\/et_pb_row][\/et_pb_section][et_pb_section fb_built=\u00bb1&#8243; _builder_version=\u00bb3.0.84&#8243; custom_padding=\u00bb3px|0px|50px|0px\u00bb][et_pb_row make_fullwidth=\u00bbon\u00bb custom_padding=\u00bb18px|0px|25.25px|0px\u00bb _builder_version=\u00bb3.0.84&#8243; module_alignment=\u00bbcenter\u00bb][et_pb_column type=\u00bb1_3&#8243; _builder_version=\u00bb3.0.84&#8243; parallax=\u00bboff\u00bb parallax_method=\u00bbon\u00bb][et_pb_cta button_url=\u00bbhttps:\/\/saintemariemayorga64220.fr\/ensemble-scolaire\/\u00bb button_text=\u00bbEnsemble scolaire\u00bb _builder_version=\u00bb3.0.84&#8243; header_level=\u00bbh1&#8243; header_font=\u00bb|800|||||||\u00bb header_text_align=\u00bbcenter\u00bb header_font_size=\u00bb50px\u00bb header_line_height=\u00bb2.2em\u00bb body_font=\u00bb|700|||||||\u00bb body_text_align=\u00bbcenter\u00bb body_font_size=\u00bb26px\u00bb body_line_height=\u00bb2.3em\u00bb background_image=\u00bbhttps:\/\/saintemariemayorga64220.fr\/wp-content\/uploads\/2015\/12\/cropped-GIFlogoColorLarge-2.gif\u00bb parallax=\u00bbon\u00bb use_border_color=\u00bbon\u00bb custom_button=\u00bbon\u00bb button_text_size=\u00bb20px\u00bb button_font=\u00bbComing Soon|700|||||||\u00bb button_use_icon=\u00bboff\u00bb button_border_radius_hover=\u00bb3px\u00bb button_alignment=\u00bbcenter\u00bb animation_style=\u00bbzoom\u00bb box_shadow_style=\u00bbpreset7&#8243; box_shadow_color=\u00bbrgba(7,7,7,0.3)\u00bb header_text_color=\u00bb#727272&#8243; button_text_color=\u00bb#232323&#8243;][\/et_pb_cta][\/et_pb_column][et_pb_column type=\u00bb1_3&#8243; _builder_version=\u00bb3.0.84&#8243; parallax=\u00bboff\u00bb parallax_method=\u00bbon\u00bb][et_pb_cta button_url=\u00bbhttps:\/\/saintemariemayorga64220.fr\/ecole-sainte-marie\/\u00bb button_text=\u00bb\u00c9cole Ste Marie\u00bb _builder_version=\u00bb3.0.84&#8243; header_level=\u00bbh1&#8243; header_font=\u00bb|800|||||||\u00bb header_text_align=\u00bbcenter\u00bb header_font_size=\u00bb50px\u00bb header_line_height=\u00bb2.2em\u00bb body_font=\u00bb|700|||||||\u00bb body_text_align=\u00bbcenter\u00bb body_font_size=\u00bb26px\u00bb body_line_height=\u00bb2.3em\u00bb background_image=\u00bbhttps:\/\/saintemariemayorga64220.fr\/wp-content\/uploads\/2025\/12\/20251222_110153-panoram-scaled.jpg\u00bb background_position=\u00bbtop_center\u00bb custom_button=\u00bbon\u00bb button_text_size=\u00bb20px\u00bb button_font=\u00bbCarter One|700|||||||\u00bb button_use_icon=\u00bboff\u00bb button_border_radius_hover=\u00bb3px\u00bb button_alignment=\u00bbcenter\u00bb animation_style=\u00bbzoom\u00bb box_shadow_style=\u00bbpreset7&#8243; box_shadow_color=\u00bbrgba(7,7,7,0.3)\u00bb][\/et_pb_cta][\/et_pb_column][et_pb_column type=\u00bb1_3&#8243; _builder_version=\u00bb3.0.84&#8243; parallax=\u00bboff\u00bb parallax_method=\u00bbon\u00bb][et_pb_cta button_url=\u00bbhttps:\/\/saintemariemayorga64220.fr\/college\/\u00bb button_text=\u00bbColl\u00e8ge Mayorga\u00bb _builder_version=\u00bb3.0.84&#8243; header_level=\u00bbh1&#8243; header_font=\u00bb|800|||||||\u00bb header_text_align=\u00bbcenter\u00bb header_font_size=\u00bb50px\u00bb header_line_height=\u00bb2.2em\u00bb body_font=\u00bb|700|||||||\u00bb body_text_align=\u00bbcenter\u00bb body_font_size=\u00bb26px\u00bb body_line_height=\u00bb2.3em\u00bb background_image=\u00bbhttps:\/\/saintemariemayorga64220.fr\/wp-content\/uploads\/2025\/12\/P2420501-panoram-scaled.jpg\u00bb background_position=\u00bbtop_center\u00bb custom_button=\u00bbon\u00bb button_text_size=\u00bb20px\u00bb button_font=\u00bbCarter One|700|||||||\u00bb button_use_icon=\u00bboff\u00bb button_alignment=\u00bbcenter\u00bb animation_style=\u00bbzoom\u00bb box_shadow_style=\u00bbpreset7&#8243; box_shadow_color=\u00bbrgba(2,2,2,0.3)\u00bb][\/et_pb_cta][\/et_pb_column][\/et_pb_row][\/et_pb_section]<\/p>\n","protected":false},"excerpt":{"rendered":"<p>[et_pb_section fb_built=\u00bb1&#8243; _builder_version=\u00bb3.0.84&#8243; custom_padding=\u00bb70px|0px|33px|0px\u00bb][et_pb_row make_fullwidth=\u00bbon\u00bb custom_padding=\u00bb0px|0px|0px|0px\u00bb _builder_version=\u00bb3.0.84&#8243; background_size=\u00bbinitial\u00bb background_position=\u00bbtop_left\u00bb background_repeat=\u00bbrepeat\u00bb][et_pb_column type=\u00bb4_4&#8243; _builder_version=\u00bb3.0.47&#8243; parallax=\u00bboff\u00bb parallax_method=\u00bbon\u00bb][et_pb_slider _builder_version=\u00bb3.0.84&#8243; auto=\u00bbon\u00bb auto_speed=\u00bb4000&#8243; box_shadow_style=\u00bbpreset2&#8243; box_shadow_horizontal=\u00bb9px\u00bb][et_pb_slide heading=\u00bbBienvenue &#8211; Ongi Etorri &#8211; Bienvenido\u00bb use_bg_overlay=\u00bboff\u00bb use_text_overlay=\u00bboff\u00bb _builder_version=\u00bb3.0.84&#8243; header_level=\u00bbh1&#8243; header_font_size=\u00bb44px\u00bb header_letter_spacing=\u00bb5px\u00bb background_image=\u00bbhttp:\/\/saintemariemayorga64220.fr\/wp-content\/uploads\/2018\/02\/ecole.jpg\u00bb custom_button=\u00bboff\u00bb button_icon_placement=\u00bbright\u00bb button_on_hover=\u00bbon\u00bb][\/et_pb_slide][et_pb_slide heading=\u00bbBilinguisme &#8211; Elebitasuna &#8211; Biling\u00fcismo\u00bb use_bg_overlay=\u00bboff\u00bb use_text_overlay=\u00bboff\u00bb _builder_version=\u00bb3.0.84&#8243; header_level=\u00bbh1&#8243; background_image=\u00bbhttp:\/\/saintemariemayorga64220.fr\/wp-content\/uploads\/2018\/02\/IMG_0052.jpg\u00bb custom_button=\u00bboff\u00bb button_icon_placement=\u00bbright\u00bb button_on_hover=\u00bbon\u00bb][\/et_pb_slide][\/et_pb_slider][\/et_pb_column][\/et_pb_row][\/et_pb_section][et_pb_section fb_built=\u00bb1&#8243; _builder_version=\u00bb3.0.84&#8243; parallax=\u00bbon\u00bb custom_padding=\u00bb54px|0px|5px|0px\u00bb][et_pb_row _builder_version=\u00bb3.0.84&#8243;][et_pb_column type=\u00bb4_4&#8243; _builder_version=\u00bb3.0.84&#8243; [&hellip;]<\/p>\n","protected":false},"author":1,"featured_media":0,"parent":62,"menu_order":1,"comment_status":"closed","ping_status":"closed","template":"","meta":{"spay_email":""},"jetpack_sharing_enabled":true,"jetpack_shortlink":"https:\/\/wp.me\/P9jAgw-h","jetpack_likes_enabled":true,"jetpack-related-posts":[{"id":68,"url":"https:\/\/saintemariemayorga64220.fr\/es\/college-jean-de-mayorga\/mayorga-pratique\/renseignements-pratiques\/transports-scolaires\/","url_meta":{"origin":17,"position":0},"title":"Transporte escolar","date":"26 de octubre de 2014","format":false,"excerpt":" [et_pb_slide _builder_version=\"3.0.84\" heading=\"Transports scolaires\" use_background_color_gradient=\"off\" background_color_gradient_start=\"#2b87da\" background_color_gradient_end=\"#29c4a9\" background_color_gradient_type=\"linear\" background_color_gradient_direction=\"180deg\" background_color_gradient_direction_radial=\"center\" background_color_gradient_start_position=\"0%\" background_color_gradient_end_position=\"100%\" background_image=\"http:\/\/saintemariemayorga64220.fr\/wp-content\/uploads\/2014\/10\/auto-2583303_1920.jpg\" parallax=\"off\" parallax_method=\"on\" background_size=\"cover\" background_position=\"center\" background_repeat=\"no-repeat\" background_blend=\"normal\" allow_player_pause=\"off\" use_bg_overlay=\"on\" use_text_overlay=\"off\" text_border_radius=\"3\" alignment=\"center\" background_layout=\"dark\" header_level=\"h1\" header_font=\"||||||||\" header_font_size=\"65\" header_font_size_tablet=\"65\" header_font_size_phone=\"65\" body_font=\"||||||||\" custom_button=\"off\" button_bg_use_color_gradient=\"off\" button_bg_color_gradient_start=\"#2b87da\" button_bg_color_gradient_end=\"#29c4a9\" button_bg_color_gradient_type=\"linear\"\u2026","rel":"","context":"Entrada similar","img":{"alt_text":"","src":"","width":0,"height":0},"classes":[]},{"id":72,"url":"https:\/\/saintemariemayorga64220.fr\/es\/college-jean-de-mayorga\/mayorga-pratique\/renseignements-pratiques\/etude-du-soir\/","url_meta":{"origin":17,"position":1},"title":"Permanencia por la tarde","date":"26 de octubre de 2014","format":false,"excerpt":" [et_pb_slide heading=\"Permanencia por la tarde\" use_bg_overlay=\"on\" use_text_overlay=\"off\" _builder_version=\"3.0.84\" header_level=\"h1\" header_font=\"||||||||\" body_font=\"||||||||\" background_image=\"http:\/\/saintemariemayorga64220.fr\/wp-content\/uploads\/2014\/10\/books-2158737_1920.jpg\" custom_button=\"off\" button_icon_placement=\"right\" button_on_hover=\"on\" background_color=\"#ffffff\" header_font_size=\"45px\" use_background_color_gradient=\"off\" background_color_gradient_start=\"#2b87da\" background_color_gradient_end=\"#29c4a9\" background_color_gradient_type=\"linear\" background_color_gradient_direction=\"180deg\" background_color_gradient_direction_radial=\"center\" background_color_gradient_start_position=\"0%\" background_color_gradient_end_position=\"100%\" parallax=\"off\" parallax_method=\"on\" background_size=\"cover\" background_position=\"center\" background_repeat=\"no-repeat\" background_blend=\"normal\"\u2026","rel":"","context":"Entrada similar","img":{"alt_text":"","src":"","width":0,"height":0},"classes":[]},{"id":74,"url":"https:\/\/saintemariemayorga64220.fr\/es\/college-jean-de-mayorga\/mayorga-pratique\/renseignements-pratiques\/cantin\/","url_meta":{"origin":17,"position":2},"title":"Comedor","date":"26 de octubre de 2014","format":false,"excerpt":" [et_pb_slide heading=\"Comedor\" use_bg_overlay=\"on\" use_text_overlay=\"off\" _builder_version=\"3.0.84\" header_level=\"h1\" header_font=\"||||||||\" body_font=\"||||||||\" background_image=\"http:\/\/saintemariemayorga64220.fr\/wp-content\/uploads\/2014\/10\/background-1239436_1920.jpg\" custom_button=\"off\" button_icon_placement=\"right\" button_on_hover=\"on\" background_color=\"#ffffff\" use_background_color_gradient=\"off\" background_color_gradient_start=\"#2b87da\" background_color_gradient_end=\"#29c4a9\" background_color_gradient_type=\"linear\" background_color_gradient_direction=\"180deg\" background_color_gradient_direction_radial=\"center\" background_color_gradient_start_position=\"0%\" background_color_gradient_end_position=\"100%\" parallax=\"off\" parallax_method=\"on\" background_size=\"cover\" background_position=\"center\" background_repeat=\"no-repeat\" background_blend=\"normal\" allow_player_pause=\"off\" text_border_radius=\"3\" alignment=\"center\"\u2026","rel":"","context":"Entrada similar","img":{"alt_text":"","src":"","width":0,"height":0},"classes":[]},{"id":2052,"url":"https:\/\/saintemariemayorga64220.fr\/es\/modules\/","url_meta":{"origin":17,"position":3},"title":"Modules","date":"26 de noviembre de 2025","format":false,"excerpt":"[et_pb_slide heading=\"Une poule sur un mur\" button_text=\"Voir les r\u00e9sultats\u2026","rel":"","context":"Entrada similar","img":{"alt_text":"","src":"https:\/\/i0.wp.com\/saintemariemayorga64220.fr\/wp-content\/uploads\/2020\/04\/10-225x300.jpg?resize=350%2C200&ssl=1","width":350,"height":200},"classes":[]},{"id":52,"url":"https:\/\/saintemariemayorga64220.fr\/es\/college-jean-de-mayorga\/la-vie-a-mayorga\/le-bilinguisme-et-loption-basque\/","url_meta":{"origin":17,"position":4},"title":"El biling\u00fcismo y la opci\u00f3n vasco","date":"26 de octubre de 2014","format":false,"excerpt":" [et_pb_slide _builder_version=\"3.0.84\" use_background_color_gradient=\"off\" background_color_gradient_start=\"#2b87da\" background_color_gradient_end=\"#29c4a9\" background_color_gradient_type=\"linear\" background_color_gradient_direction=\"180deg\" background_color_gradient_direction_radial=\"center\" background_color_gradient_start_position=\"0%\" background_color_gradient_end_position=\"100%\" background_image=\"http:\/\/saintemariemayorga64220.fr\/wp-content\/uploads\/2015\/10\/DSCN1903.jpg\" parallax=\"off\" parallax_method=\"on\" background_size=\"cover\" background_position=\"center\" background_repeat=\"no-repeat\" background_blend=\"normal\" allow_player_pause=\"off\" use_bg_overlay=\"off\" use_text_overlay=\"off\" text_border_radius=\"3\" alignment=\"center\" background_layout=\"dark\" header_level=\"h1\" header_font=\"||||||||\" body_font=\"||||||||\" custom_button=\"off\" button_bg_use_color_gradient=\"off\" button_bg_color_gradient_start=\"#2b87da\" button_bg_color_gradient_end=\"#29c4a9\" button_bg_color_gradient_type=\"linear\" button_bg_color_gradient_direction_radial=\"center\" button_bg_size=\"cover\" button_bg_position=\"center\" button_bg_repeat=\"no-repeat\" button_bg_blend=\"normal\" button_font=\"||||||||\"\u2026","rel":"","context":"Entrada similar","img":{"alt_text":"","src":"https:\/\/i0.wp.com\/saintemariemayorga64220.fr\/wp-content\/uploads\/2015\/10\/DSCN1903-300x225.jpg?resize=350%2C200","width":350,"height":200},"classes":[]},{"id":62,"url":"https:\/\/saintemariemayorga64220.fr\/es\/college-jean-de-mayorga\/mayorga-pratique\/renseignements-pratiques\/inscriptions\/","url_meta":{"origin":17,"position":5},"title":"Inscripci\u00f3n","date":"26 de octubre de 2014","format":false,"excerpt":"[et_pb_section fb_built=\"1\"\u2026","rel":"","context":"Entrada similar","img":{"alt_text":"","src":"","width":0,"height":0},"classes":[]}],"_links":{"self":[{"href":"https:\/\/saintemariemayorga64220.fr\/es\/wp-json\/wp\/v2\/pages\/17"}],"collection":[{"href":"https:\/\/saintemariemayorga64220.fr\/es\/wp-json\/wp\/v2\/pages"}],"about":[{"href":"https:\/\/saintemariemayorga64220.fr\/es\/wp-json\/wp\/v2\/types\/page"}],"author":[{"embeddable":true,"href":"https:\/\/saintemariemayorga64220.fr\/es\/wp-json\/wp\/v2\/users\/1"}],"replies":[{"embeddable":true,"href":"https:\/\/saintemariemayorga64220.fr\/es\/wp-json\/wp\/v2\/comments?post=17"}],"version-history":[{"count":218,"href":"https:\/\/saintemariemayorga64220.fr\/es\/wp-json\/wp\/v2\/pages\/17\/revisions"}],"predecessor-version":[{"id":2694,"href":"https:\/\/saintemariemayorga64220.fr\/es\/wp-json\/wp\/v2\/pages\/17\/revisions\/2694"}],"up":[{"embeddable":true,"href":"https:\/\/saintemariemayorga64220.fr\/es\/wp-json\/wp\/v2\/pages\/62"}],"wp:attachment":[{"href":"https:\/\/saintemariemayorga64220.fr\/es\/wp-json\/wp\/v2\/media?parent=17"}],"curies":[{"name":"wp","href":"https:\/\/api.w.org\/{rel}","templated":true}]}}