{"id":2034,"date":"2025-11-24T16:10:18","date_gmt":"2025-11-24T15:10:18","guid":{"rendered":"https:\/\/saintemariemayorga64220.fr\/?page_id=2034"},"modified":"2025-11-24T16:10:52","modified_gmt":"2025-11-24T15:10:52","slug":"nom-different-pour-cette-page","status":"publish","type":"page","link":"https:\/\/saintemariemayorga64220.fr\/es\/nom-different-pour-cette-page\/","title":{"rendered":"Page de test"},"content":{"rendered":"\n<p>Ceci est le contenu de la page de test<\/p>\n","protected":false},"excerpt":{"rendered":"<p>Ceci est le contenu de la page de test<\/p>\n","protected":false},"author":3,"featured_media":0,"parent":0,"menu_order":0,"comment_status":"closed","ping_status":"closed","template":"","meta":{"spay_email":""},"jetpack_sharing_enabled":true,"jetpack_shortlink":"https:\/\/wp.me\/P9jAgw-wO","jetpack_likes_enabled":true,"jetpack-related-posts":[{"id":2052,"url":"https:\/\/saintemariemayorga64220.fr\/es\/modules\/","url_meta":{"origin":2034,"position":0},"title":"Modules","date":"26 de noviembre de 2025","format":false,"excerpt":"[et_pb_slide heading=\"Une poule sur un mur\" button_text=\"Voir les r\u00e9sultats\u2026","rel":"","context":"Entrada similar","img":{"alt_text":"","src":"https:\/\/i0.wp.com\/saintemariemayorga64220.fr\/wp-content\/uploads\/2020\/04\/10-225x300.jpg?resize=350%2C200&ssl=1","width":350,"height":200},"classes":[]},{"id":2680,"url":"https:\/\/saintemariemayorga64220.fr\/es\/college-2\/","url_meta":{"origin":2034,"position":1},"title":"Coll\u00e8ge","date":"22 de enero de 2026","format":false,"excerpt":" Voir la Page\u2026","rel":"","context":"Entrada similar","img":{"alt_text":"","src":"","width":0,"height":0},"classes":[]},{"id":24,"url":"https:\/\/saintemariemayorga64220.fr\/es\/ecole-sainte-marie\/","url_meta":{"origin":2034,"position":2},"title":"\u00c9cole","date":"26 de octubre de 2014","format":false,"excerpt":"","rel":"","context":"Entrada similar","img":{"alt_text":"","src":"","width":0,"height":0},"classes":[]},{"id":2126,"url":"https:\/\/saintemariemayorga64220.fr\/es\/serge1\/","url_meta":{"origin":2034,"position":3},"title":"Serge1","date":"26 de noviembre de 2025","format":false,"excerpt":"","rel":"","context":"Entrada similar","img":{"alt_text":"","src":"","width":0,"height":0},"classes":[]},{"id":129,"url":"https:\/\/saintemariemayorga64220.fr\/es\/mentions-legales\/","url_meta":{"origin":2034,"position":4},"title":"Mentions L\u00e9gales","date":"28 de octubre de 2014","format":false,"excerpt":"1. Pr\u00e9sentation du site. En vertu de l\u2019article 6 de la loi n\u00b0 2004-575 du 21 juin 2004 pour la confiance dans l\u2019\u00e9conomie num\u00e9rique, il est pr\u00e9cis\u00e9 aux utilisateurs du site www.mayorgasaintemarie.fr l\u2019identit\u00e9 des diff\u00e9rents intervenants dans le cadre de sa r\u00e9alisation et de son suivi : Propri\u00e9taire : Ecole\u2026","rel":"","context":"Entrada similar","img":{"alt_text":"","src":"","width":0,"height":0},"classes":[]},{"id":2124,"url":"https:\/\/saintemariemayorga64220.fr\/es\/florence-1\/","url_meta":{"origin":2034,"position":5},"title":"Florence 1","date":"26 de noviembre de 2025","format":false,"excerpt":"","rel":"","context":"Entrada similar","img":{"alt_text":"","src":"https:\/\/i0.wp.com\/saintemariemayorga64220.fr\/wp-content\/uploads\/2025\/11\/Capture-decran-2025-11-04-114626-300x251.png?resize=350%2C200&ssl=1","width":350,"height":200},"classes":[]}],"_links":{"self":[{"href":"https:\/\/saintemariemayorga64220.fr\/es\/wp-json\/wp\/v2\/pages\/2034"}],"collection":[{"href":"https:\/\/saintemariemayorga64220.fr\/es\/wp-json\/wp\/v2\/pages"}],"about":[{"href":"https:\/\/saintemariemayorga64220.fr\/es\/wp-json\/wp\/v2\/types\/page"}],"author":[{"embeddable":true,"href":"https:\/\/saintemariemayorga64220.fr\/es\/wp-json\/wp\/v2\/users\/3"}],"replies":[{"embeddable":true,"href":"https:\/\/saintemariemayorga64220.fr\/es\/wp-json\/wp\/v2\/comments?post=2034"}],"version-history":[{"count":1,"href":"https:\/\/saintemariemayorga64220.fr\/es\/wp-json\/wp\/v2\/pages\/2034\/revisions"}],"predecessor-version":[{"id":2035,"href":"https:\/\/saintemariemayorga64220.fr\/es\/wp-json\/wp\/v2\/pages\/2034\/revisions\/2035"}],"wp:attachment":[{"href":"https:\/\/saintemariemayorga64220.fr\/es\/wp-json\/wp\/v2\/media?parent=2034"}],"curies":[{"name":"wp","href":"https:\/\/api.w.org\/{rel}","templated":true}]}}