{"id":2052,"date":"2025-11-26T09:08:25","date_gmt":"2025-11-26T08:08:25","guid":{"rendered":"https:\/\/saintemariemayorga64220.fr\/?page_id=2052"},"modified":"2026-01-21T13:48:42","modified_gmt":"2026-01-21T12:48:42","slug":"modules","status":"publish","type":"page","link":"https:\/\/saintemariemayorga64220.fr\/es\/modules\/","title":{"rendered":"Modules"},"content":{"rendered":"<p>[et_pb_section fb_built=\u00bb1&#8243; admin_label=\u00bbsection\u00bb _builder_version=\u00bb3.0.47&#8243;][et_pb_row make_fullwidth=\u00bbon\u00bb _builder_version=\u00bb3.0.84&#8243; animation_style=\u00bbslide\u00bb][et_pb_column type=\u00bb4_4&#8243; _builder_version=\u00bb3.0.84&#8243; parallax=\u00bboff\u00bb parallax_method=\u00bbon\u00bb][et_pb_slider _builder_version=\u00bb3.0.84&#8243; animation_style=\u00bbslide\u00bb auto=\u00bbon\u00bb][et_pb_slide heading=\u00bbSt Jean de Mayorga\u00bb button_text=\u00bbLien 1&#8243; _builder_version=\u00bb3.0.84&#8243; background_image=\u00bbhttps:\/\/saintemariemayorga64220.fr\/wp-content\/uploads\/2025\/11\/ecole.jpg\u00bb][\/et_pb_slide][et_pb_slide heading=\u00bbVenir \u00e0 Mayorga ? \u00bb button_text=\u00bbFruit\u00e9 et vitamin\u00e9&#8230;\u00bb button_link=\u00bbhttps:\/\/www.societe.com\/societe\/ogec-sainte-marie-jean-de-mayorga-782368518.html\u00bb background_layout=\u00bblight\u00bb _builder_version=\u00bb3.0.84&#8243; background_image=\u00bbhttps:\/\/saintemariemayorga64220.fr\/wp-content\/uploads\/2014\/10\/background-1239436_1920.jpg\u00bb][\/et_pb_slide][\/et_pb_slider][\/et_pb_column][\/et_pb_row][et_pb_row make_fullwidth=\u00bbon\u00bb _builder_version=\u00bb3.0.84&#8243;][et_pb_column type=\u00bb4_4&#8243; _builder_version=\u00bb3.0.84&#8243; parallax=\u00bboff\u00bb parallax_method=\u00bbon\u00bb][et_pb_slider _builder_version=\u00bb3.0.84&#8243; background_image=\u00bbhttps:\/\/saintemariemayorga64220.fr\/wp-content\/uploads\/2020\/11\/poulailler-2.jpg\u00bb][et_pb_slide heading=\u00bbUne poule sur un mur\u00bb button_text=\u00bbVoir les r\u00e9sultats du brevet&#8230;\u00bb button_link=\u00bbhttps:\/\/www.ac-bordeaux.fr\/resultats-du-dnb-127276&#8243; _builder_version=\u00bb3.0.84&#8243;][\/et_pb_slide][\/et_pb_slider][et_pb_slider _builder_version=\u00bb3.0.84&#8243; background_image=\u00bbhttps:\/\/saintemariemayorga64220.fr\/wp-content\/uploads\/2020\/11\/poulailler-2.jpg\u00bb][et_pb_slide button_text=\u00bbVoir les r\u00e9sultats du brevet&#8230;\u00bb button_link=\u00bbhttps:\/\/www.ac-bordeaux.fr\/resultats-du-dnb-127276&#8243; _builder_version=\u00bb3.0.84&#8243; header_font=\u00bbABeeZee||||||||\u00bb body_font=\u00bbDelius Unicase||||||||\u00bb background_image=\u00bbhttps:\/\/saintemariemayorga64220.fr\/wp-content\/uploads\/2026\/01\/Fond-colore.png\u00bb]<\/p>\n<h1><span style=\"color: #0000ff;\">Une poule sur un mur&#8230;<\/span><\/h1>\n<p><span style=\"color: #ff6600;\">Qui picotte du pain dur.<\/span><\/p>\n<p>[\/et_pb_slide][\/et_pb_slider][\/et_pb_column][\/et_pb_row][et_pb_row make_fullwidth=\u00bbon\u00bb _builder_version=\u00bb3.0.84&#8243;][et_pb_column type=\u00bb1_3&#8243; _builder_version=\u00bb3.0.84&#8243; parallax=\u00bboff\u00bb parallax_method=\u00bbon\u00bb][et_pb_accordion admin_label=\u00bbAccord\u00e9on test\u00bb _builder_version=\u00bb3.0.84&#8243; toggle_font=\u00bb||||||||\u00bb use_background_color_gradient=\u00bbon\u00bb background_color_gradient_start=\u00bb#29c4a9&#8243; background_color_gradient_end=\u00bb#2b87da\u00bb background_color_gradient_type=\u00bbradial\u00bb animation_style=\u00bbfade\u00bb][et_pb_accordion_item title=\u00bbModule accord\u00e9on\u00bb open=\u00bbon\u00bb _builder_version=\u00bb3.0.84&#8243; use_background_color_gradient=\u00bbon\u00bb background_color_gradient_direction=\u00bb236deg\u00bb]<\/p>\n<p>Contenu du premier accord\u00e9on<\/p>\n<p>[\/et_pb_accordion_item][et_pb_accordion_item title=\u00bb2 \u00e8me accord\u00e9on\u00bb _builder_version=\u00bb3.0.84&#8243; open=\u00bboff\u00bb]<\/p>\n<p>Contenu du deuxi\u00e8me<\/p>\n<p>[\/et_pb_accordion_item][\/et_pb_accordion][et_pb_sidebar _builder_version=\u00bb3.0.84&#8243;][\/et_pb_sidebar][\/et_pb_column][et_pb_column type=\u00bb1_3&#8243; _builder_version=\u00bb3.0.84&#8243; parallax=\u00bboff\u00bb parallax_method=\u00bbon\u00bb][et_pb_slider _builder_version=\u00bb3.0.84&#8243; use_background_color_gradient=\u00bbon\u00bb background_color_gradient_start=\u00bb#29c4a9&#8243; background_color_gradient_end=\u00bb#2b87da\u00bb background_color_gradient_direction=\u00bb131deg\u00bb background_color_gradient_start_position=\u00bb100%\u00bb][et_pb_slide heading=\u00bbDiaporama\u00bb button_text=\u00bbAllez voir\u00bb image=\u00bbhttps:\/\/saintemariemayorga64220.fr\/wp-content\/uploads\/2020\/11\/poulailler-2.jpg\u00bb _builder_version=\u00bb3.0.84&#8243;]<\/p>\n<p>Diapo 1<\/p>\n<p>[\/et_pb_slide][et_pb_slide heading=\u00bbDiapo 2&#8243; image=\u00bbhttps:\/\/saintemariemayorga64220.fr\/wp-content\/uploads\/2020\/04\/3.jpg\u00bb _builder_version=\u00bb3.0.84&#8243;]<\/p>\n<p>Texte diapo 2<\/p>\n<p>[\/et_pb_slide][\/et_pb_slider][\/et_pb_column][et_pb_column type=\u00bb1_3&#8243; _builder_version=\u00bb3.0.84&#8243; parallax=\u00bboff\u00bb parallax_method=\u00bbon\u00bb][et_pb_text _builder_version=\u00bb3.0.84&#8243;]<\/p>\n<p>Module texte<br \/>+ photo<\/p>\n<p><a href=\"https:\/\/i0.wp.com\/saintemariemayorga64220.fr\/wp-content\/uploads\/2020\/04\/10.jpg?ssl=1\"><img data-attachment-id=\"1797\" data-permalink=\"https:\/\/saintemariemayorga64220.fr\/es\/10-2\/\" data-orig-file=\"https:\/\/i0.wp.com\/saintemariemayorga64220.fr\/wp-content\/uploads\/2020\/04\/10.jpg?fit=1200%2C1600&amp;ssl=1\" data-orig-size=\"1200,1600\" data-comments-opened=\"0\" data-image-meta=\"{&quot;aperture&quot;:&quot;0&quot;,&quot;credit&quot;:&quot;&quot;,&quot;camera&quot;:&quot;&quot;,&quot;caption&quot;:&quot;&quot;,&quot;created_timestamp&quot;:&quot;0&quot;,&quot;copyright&quot;:&quot;&quot;,&quot;focal_length&quot;:&quot;0&quot;,&quot;iso&quot;:&quot;0&quot;,&quot;shutter_speed&quot;:&quot;0&quot;,&quot;title&quot;:&quot;&quot;,&quot;orientation&quot;:&quot;0&quot;}\" data-image-title=\"10\" data-image-description=\"\" data-image-caption=\"\" data-medium-file=\"https:\/\/i0.wp.com\/saintemariemayorga64220.fr\/wp-content\/uploads\/2020\/04\/10.jpg?fit=225%2C300&amp;ssl=1\" data-large-file=\"https:\/\/i0.wp.com\/saintemariemayorga64220.fr\/wp-content\/uploads\/2020\/04\/10.jpg?fit=768%2C1024&amp;ssl=1\" loading=\"lazy\" src=\"https:\/\/i0.wp.com\/saintemariemayorga64220.fr\/wp-content\/uploads\/2020\/04\/10.jpg?resize=225%2C300&#038;ssl=1\" width=\"225\" height=\"300\" alt=\"\" class=\"wp-image-1797 alignnone size-medium\" srcset=\"https:\/\/i0.wp.com\/saintemariemayorga64220.fr\/wp-content\/uploads\/2020\/04\/10.jpg?resize=225%2C300&amp;ssl=1 225w, https:\/\/i0.wp.com\/saintemariemayorga64220.fr\/wp-content\/uploads\/2020\/04\/10.jpg?resize=768%2C1024&amp;ssl=1 768w, https:\/\/i0.wp.com\/saintemariemayorga64220.fr\/wp-content\/uploads\/2020\/04\/10.jpg?resize=1080%2C1440&amp;ssl=1 1080w, https:\/\/i0.wp.com\/saintemariemayorga64220.fr\/wp-content\/uploads\/2020\/04\/10.jpg?w=1200&amp;ssl=1 1200w\" sizes=\"(max-width: 225px) 100vw, 225px\" data-recalc-dims=\"1\" \/><\/a><\/p>\n<p>Plus lien en cliquant ici :<\/p>\n<p><a href=\"https:\/\/www.societe.com\/societe\/ogec-sainte-marie-jean-de-mayorga-782368518.html\" target=\"_blank\" rel=\"noopener noreferrer\" title=\"L'OGEC de Mayorga\">OGEC Mayorga&#8230;<\/a><\/p>\n<p>\u00a0<\/p>\n<p>[\/et_pb_text][\/et_pb_column][\/et_pb_row][et_pb_row _builder_version=\u00bb3.0.84&#8243;][et_pb_column type=\u00bb4_4&#8243; _builder_version=\u00bb3.0.84&#8243; parallax=\u00bboff\u00bb parallax_method=\u00bbon\u00bb][et_pb_text _builder_version=\u00bb3.0.84&#8243;]<\/p>\n<p>Texte au kilom\u00e8tre :<\/p>\n<p>Quam quidem partem accusationis admiratus sum et moleste tuli potissimum esse Atratino datam. Neque enim decebat neque aetas illa postulabat neque, id quod animadvertere poteratis, pudor patiebatur optimi adulescentis in tali illum oratione versari. Vellem aliquis ex vobis robustioribus hunc male dicendi locum suscepisset; aliquanto liberius et fortius et magis more nostro refutaremus istam male dicendi licentiam. Tecum, Atratine, agam lenius, quod et pudor tuus moderatur orationi meae et meum erga te parentemque tuum beneficium tueri debeo.<\/p>\n<p><a href=\"https:\/\/i0.wp.com\/saintemariemayorga64220.fr\/wp-content\/uploads\/2020\/04\/euskal-haziak.jpg?ssl=1\"><img data-attachment-id=\"1785\" data-permalink=\"https:\/\/saintemariemayorga64220.fr\/es\/euskal-haziak\/\" data-orig-file=\"https:\/\/i0.wp.com\/saintemariemayorga64220.fr\/wp-content\/uploads\/2020\/04\/euskal-haziak.jpg?fit=362%2C139&amp;ssl=1\" data-orig-size=\"362,139\" data-comments-opened=\"0\" data-image-meta=\"{&quot;aperture&quot;:&quot;0&quot;,&quot;credit&quot;:&quot;&quot;,&quot;camera&quot;:&quot;&quot;,&quot;caption&quot;:&quot;&quot;,&quot;created_timestamp&quot;:&quot;0&quot;,&quot;copyright&quot;:&quot;&quot;,&quot;focal_length&quot;:&quot;0&quot;,&quot;iso&quot;:&quot;0&quot;,&quot;shutter_speed&quot;:&quot;0&quot;,&quot;title&quot;:&quot;&quot;,&quot;orientation&quot;:&quot;1&quot;}\" data-image-title=\"euskal haziak\" data-image-description=\"\" data-image-caption=\"\" data-medium-file=\"https:\/\/i0.wp.com\/saintemariemayorga64220.fr\/wp-content\/uploads\/2020\/04\/euskal-haziak.jpg?fit=300%2C115&amp;ssl=1\" data-large-file=\"https:\/\/i0.wp.com\/saintemariemayorga64220.fr\/wp-content\/uploads\/2020\/04\/euskal-haziak.jpg?fit=362%2C139&amp;ssl=1\" loading=\"lazy\" src=\"https:\/\/i0.wp.com\/saintemariemayorga64220.fr\/wp-content\/uploads\/2020\/04\/euskal-haziak.jpg?resize=300%2C115&#038;ssl=1\" width=\"300\" height=\"115\" alt=\"\" class=\"wp-image-1785 alignnone size-medium\" style=\"display: block; margin-left: auto; margin-right: auto;\" srcset=\"https:\/\/i0.wp.com\/saintemariemayorga64220.fr\/wp-content\/uploads\/2020\/04\/euskal-haziak.jpg?resize=300%2C115&amp;ssl=1 300w, https:\/\/i0.wp.com\/saintemariemayorga64220.fr\/wp-content\/uploads\/2020\/04\/euskal-haziak.jpg?w=362&amp;ssl=1 362w\" sizes=\"(max-width: 300px) 100vw, 300px\" data-recalc-dims=\"1\" \/><\/a><\/p>\n<p>Quo cognito Constantius ultra mortalem modum exarsit ac nequo casu idem Gallus de futuris incertus agitare quaedam conducentia saluti suae per itinera conaretur, remoti sunt omnes de industria milites agentes in civitatibus perviis.<\/p>\n<p>Et est admodum mirum videre plebem innumeram mentibus ardore quodam infuso cum dimicationum curulium eventu pendentem. haec similiaque memorabile nihil vel serium agi Romae permittunt. ergo redeundum ad textum.<\/p>\n<p>Nisi mihi Phaedrum, inquam, tu mentitum aut Zenonem putas, quorum utrumque audivi, cum mihi nihil sane praeter sedulitatem probarent, omnes mihi Epicuri sententiae satis notae sunt. atque eos, quos nominavi, cum Attico nostro frequenter audivi, cum miraretur ille quidem utrumque, Phaedrum autem etiam amaret, cotidieque inter nos ea, quae audiebamus, conferebamus, neque erat umquam controversia, quid ego intellegerem, sed quid probarem.<\/p>\n<p>Et quia Montius inter dilancinantium manus spiritum efflaturus Epigonum et Eusebium nec professionem nec dignitatem ostendens aliquotiens increpabat, qui sint hi magna quaerebatur industria, et nequid intepesceret, Epigonus e Lycia philosophus ducitur et Eusebius ab Emissa Pittacas cognomento, concitatus orator, cum quaestor non hos sed tribunos fabricarum insimulasset promittentes armorum si novas res agitari conperissent.<\/p>\n<p>Accedebant enim eius asperitati, ubi inminuta vel laesa amplitudo imperii dicebatur, et iracundae suspicionum quantitati proximorum cruentae blanditiae exaggerantium incidentia et dolere inpendio simulantium, si principis periclitetur vita, a cuius salute velut filo pendere statum orbis terrarum fictis vocibus exclamabant.<\/p>\n<p>Ergo ego senator inimicus, si ita vultis, homini, amicus esse, sicut semper fui, rei publicae debeo. Quid? si ipsas inimicitias, depono rei publicae causa, quis me tandem iure reprehendet, praesertim cum ego omnium meorum consiliorum atque factorum exempla semper ex summorum hominum consiliis atque factis mihi censuerim petenda.<\/p>\n<p>Has autem provincias, quas Orontes ambiens amnis imosque pedes Cassii montis illius celsi praetermeans funditur in Parthenium mare, Gnaeus Pompeius superato Tigrane regnis Armeniorum abstractas dicioni Romanae coniunxit.<\/p>\n<p>Sed si ille hac tam eximia fortuna propter utilitatem rei publicae frui non properat, ut omnia illa conficiat, quid ego, senator, facere debeo, quem, etiamsi ille aliud vellet, rei publicae consulere oporteret?<\/p>\n<p>Quam quidem partem accusationis admiratus sum et moleste tuli potissimum esse Atratino datam. Neque enim decebat neque aetas illa postulabat neque, id quod animadvertere poteratis, pudor patiebatur optimi adulescentis in tali illum oratione versari. Vellem aliquis ex vobis robustioribus hunc male dicendi locum suscepisset; aliquanto liberius et fortius et magis more nostro refutaremus istam male dicendi licentiam. Tecum, Atratine, agam lenius, quod et pudor tuus moderatur orationi meae et meum erga te parentemque tuum beneficium tueri debeo.<\/p>\n<p>[\/et_pb_text][\/et_pb_column][\/et_pb_row][et_pb_row _builder_version=\u00bb3.0.84&#8243;][et_pb_column type=\u00bb1_2&#8243; _builder_version=\u00bb3.0.84&#8243; parallax=\u00bboff\u00bb parallax_method=\u00bbon\u00bb][et_pb_tabs _builder_version=\u00bb3.0.84&#8243;][et_pb_tab title=\u00bbHoraires\u00bb _builder_version=\u00bb3.0.84&#8243; background_image=\u00bbhttps:\/\/saintemariemayorga64220.fr\/wp-content\/uploads\/2025\/06\/Pronote.png\u00bb]<\/p>\n<p>Du lundi au vendredi :<\/p>\n<p>8 h 00 12 h 00<\/p>\n<p>14 h 00 18 h 00<\/p>\n<p>[\/et_pb_tab][et_pb_tab title=\u00bbRepas\u00bb _builder_version=\u00bb3.0.84&#8243; background_image=\u00bbhttps:\/\/saintemariemayorga64220.fr\/wp-content\/uploads\/2025\/06\/Pronote.png\u00bb]<\/p>\n<p>Pause d\u00e9jeuner :<\/p>\n<p>Les grands \u00e0 13 h 00<\/p>\n<p>Les petits : \u00e0 12 h 30<\/p>\n<p>[\/et_pb_tab][\/et_pb_tabs][\/et_pb_column][et_pb_column type=\u00bb1_2&#8243; _builder_version=\u00bb3.0.84&#8243; parallax=\u00bboff\u00bb parallax_method=\u00bbon\u00bb][et_pb_pricing_tables _builder_version=\u00bb3.0.84&#8243;][et_pb_pricing_table title=\u00bbFrais de scolarit\u00e9\u00bb subtitle=\u00bbAnn\u00e9e scolaire\u00bb currency=\u00bb\u20ac\u00bb per=\u00bb enfant \/ an\u00bb sum=\u00bb182,18&#8243; button_url=\u00bbhttps:\/\/info.helloasso.com\/\u00bb button_text=\u00bbR\u00e9gler en ligne&#8230;\u00bb _builder_version=\u00bb3.0.84&#8243;]<\/p>\n<p>Pour les familles avec plusieurs enfants, nous contacter&#8230;<\/p>\n<p>[\/et_pb_pricing_table][\/et_pb_pricing_tables][\/et_pb_column][\/et_pb_row][\/et_pb_section]<\/p>\n","protected":false},"excerpt":{"rendered":"<p>[et_pb_section fb_built=\u00bb1&#8243; admin_label=\u00bbsection\u00bb _builder_version=\u00bb3.0.47&#8243;][et_pb_row make_fullwidth=\u00bbon\u00bb _builder_version=\u00bb3.0.84&#8243; animation_style=\u00bbslide\u00bb][et_pb_column type=\u00bb4_4&#8243; _builder_version=\u00bb3.0.84&#8243; parallax=\u00bboff\u00bb parallax_method=\u00bbon\u00bb][et_pb_slider _builder_version=\u00bb3.0.84&#8243; animation_style=\u00bbslide\u00bb auto=\u00bbon\u00bb][et_pb_slide heading=\u00bbSt Jean de Mayorga\u00bb button_text=\u00bbLien 1&#8243; _builder_version=\u00bb3.0.84&#8243; background_image=\u00bbhttps:\/\/saintemariemayorga64220.fr\/wp-content\/uploads\/2025\/11\/ecole.jpg\u00bb][\/et_pb_slide][et_pb_slide heading=\u00bbVenir \u00e0 Mayorga ? \u00bb button_text=\u00bbFruit\u00e9 et vitamin\u00e9&#8230;\u00bb button_link=\u00bbhttps:\/\/www.societe.com\/societe\/ogec-sainte-marie-jean-de-mayorga-782368518.html\u00bb background_layout=\u00bblight\u00bb _builder_version=\u00bb3.0.84&#8243; background_image=\u00bbhttps:\/\/saintemariemayorga64220.fr\/wp-content\/uploads\/2014\/10\/background-1239436_1920.jpg\u00bb][\/et_pb_slide][\/et_pb_slider][\/et_pb_column][\/et_pb_row][et_pb_row make_fullwidth=\u00bbon\u00bb _builder_version=\u00bb3.0.84&#8243;][et_pb_column type=\u00bb4_4&#8243; _builder_version=\u00bb3.0.84&#8243; parallax=\u00bboff\u00bb parallax_method=\u00bbon\u00bb][et_pb_slider _builder_version=\u00bb3.0.84&#8243; background_image=\u00bbhttps:\/\/saintemariemayorga64220.fr\/wp-content\/uploads\/2020\/11\/poulailler-2.jpg\u00bb][et_pb_slide heading=\u00bbUne poule sur un mur\u00bb button_text=\u00bbVoir les r\u00e9sultats du brevet&#8230;\u00bb button_link=\u00bbhttps:\/\/www.ac-bordeaux.fr\/resultats-du-dnb-127276&#8243; _builder_version=\u00bb3.0.84&#8243;][\/et_pb_slide][\/et_pb_slider][et_pb_slider _builder_version=\u00bb3.0.84&#8243; [&hellip;]<\/p>\n","protected":false},"author":3,"featured_media":0,"parent":0,"menu_order":0,"comment_status":"closed","ping_status":"closed","template":"","meta":{"spay_email":""},"jetpack_sharing_enabled":true,"jetpack_shortlink":"https:\/\/wp.me\/P9jAgw-x6","jetpack_likes_enabled":true,"jetpack-related-posts":[{"id":68,"url":"https:\/\/saintemariemayorga64220.fr\/es\/college-jean-de-mayorga\/mayorga-pratique\/renseignements-pratiques\/transports-scolaires\/","url_meta":{"origin":2052,"position":0},"title":"Transporte escolar","date":"26 de octubre de 2014","format":false,"excerpt":" [et_pb_slide _builder_version=\"3.0.84\" heading=\"Transports scolaires\" use_background_color_gradient=\"off\" background_color_gradient_start=\"#2b87da\" background_color_gradient_end=\"#29c4a9\" background_color_gradient_type=\"linear\" background_color_gradient_direction=\"180deg\" background_color_gradient_direction_radial=\"center\" background_color_gradient_start_position=\"0%\" background_color_gradient_end_position=\"100%\" background_image=\"http:\/\/saintemariemayorga64220.fr\/wp-content\/uploads\/2014\/10\/auto-2583303_1920.jpg\" parallax=\"off\" parallax_method=\"on\" background_size=\"cover\" background_position=\"center\" background_repeat=\"no-repeat\" background_blend=\"normal\" allow_player_pause=\"off\" use_bg_overlay=\"on\" use_text_overlay=\"off\" text_border_radius=\"3\" alignment=\"center\" background_layout=\"dark\" header_level=\"h1\" header_font=\"||||||||\" header_font_size=\"65\" header_font_size_tablet=\"65\" header_font_size_phone=\"65\" body_font=\"||||||||\" custom_button=\"off\" button_bg_use_color_gradient=\"off\" button_bg_color_gradient_start=\"#2b87da\" button_bg_color_gradient_end=\"#29c4a9\" button_bg_color_gradient_type=\"linear\"\u2026","rel":"","context":"Entrada similar","img":{"alt_text":"","src":"","width":0,"height":0},"classes":[]},{"id":74,"url":"https:\/\/saintemariemayorga64220.fr\/es\/college-jean-de-mayorga\/mayorga-pratique\/renseignements-pratiques\/cantin\/","url_meta":{"origin":2052,"position":1},"title":"Comedor","date":"26 de octubre de 2014","format":false,"excerpt":" [et_pb_slide heading=\"Comedor\" use_bg_overlay=\"on\" use_text_overlay=\"off\" _builder_version=\"3.0.84\" header_level=\"h1\" header_font=\"||||||||\" body_font=\"||||||||\" background_image=\"http:\/\/saintemariemayorga64220.fr\/wp-content\/uploads\/2014\/10\/background-1239436_1920.jpg\" custom_button=\"off\" button_icon_placement=\"right\" button_on_hover=\"on\" background_color=\"#ffffff\" use_background_color_gradient=\"off\" background_color_gradient_start=\"#2b87da\" background_color_gradient_end=\"#29c4a9\" background_color_gradient_type=\"linear\" background_color_gradient_direction=\"180deg\" background_color_gradient_direction_radial=\"center\" background_color_gradient_start_position=\"0%\" background_color_gradient_end_position=\"100%\" parallax=\"off\" parallax_method=\"on\" background_size=\"cover\" background_position=\"center\" background_repeat=\"no-repeat\" background_blend=\"normal\" allow_player_pause=\"off\" text_border_radius=\"3\" alignment=\"center\"\u2026","rel":"","context":"Entrada similar","img":{"alt_text":"","src":"","width":0,"height":0},"classes":[]},{"id":814,"url":"https:\/\/saintemariemayorga64220.fr\/es\/la-presse-en-parle\/","url_meta":{"origin":2052,"position":2},"title":"La prensa habla de nosotros","date":"28 de enero de 2016","format":false,"excerpt":"[et_pb_cta title=\"Semaine du go\u00fbt \u00e0 l'\u00e9cole Sainte Marie\u2026","rel":"","context":"Entrada similar","img":{"alt_text":"","src":"https:\/\/i0.wp.com\/bpsgm.fr\/wp-content\/uploads\/2015\/06\/eleves.png?resize=350%2C200","width":350,"height":200},"classes":[]},{"id":52,"url":"https:\/\/saintemariemayorga64220.fr\/es\/college-jean-de-mayorga\/la-vie-a-mayorga\/le-bilinguisme-et-loption-basque\/","url_meta":{"origin":2052,"position":3},"title":"El biling\u00fcismo y la opci\u00f3n vasco","date":"26 de octubre de 2014","format":false,"excerpt":" [et_pb_slide _builder_version=\"3.0.84\" use_background_color_gradient=\"off\" background_color_gradient_start=\"#2b87da\" background_color_gradient_end=\"#29c4a9\" background_color_gradient_type=\"linear\" background_color_gradient_direction=\"180deg\" background_color_gradient_direction_radial=\"center\" background_color_gradient_start_position=\"0%\" background_color_gradient_end_position=\"100%\" background_image=\"http:\/\/saintemariemayorga64220.fr\/wp-content\/uploads\/2015\/10\/DSCN1903.jpg\" parallax=\"off\" parallax_method=\"on\" background_size=\"cover\" background_position=\"center\" background_repeat=\"no-repeat\" background_blend=\"normal\" allow_player_pause=\"off\" use_bg_overlay=\"off\" use_text_overlay=\"off\" text_border_radius=\"3\" alignment=\"center\" background_layout=\"dark\" header_level=\"h1\" header_font=\"||||||||\" body_font=\"||||||||\" custom_button=\"off\" button_bg_use_color_gradient=\"off\" button_bg_color_gradient_start=\"#2b87da\" button_bg_color_gradient_end=\"#29c4a9\" button_bg_color_gradient_type=\"linear\" button_bg_color_gradient_direction_radial=\"center\" button_bg_size=\"cover\" button_bg_position=\"center\" button_bg_repeat=\"no-repeat\" button_bg_blend=\"normal\" button_font=\"||||||||\"\u2026","rel":"","context":"Entrada similar","img":{"alt_text":"","src":"https:\/\/i0.wp.com\/saintemariemayorga64220.fr\/wp-content\/uploads\/2015\/10\/DSCN1903-300x225.jpg?resize=350%2C200","width":350,"height":200},"classes":[]},{"id":62,"url":"https:\/\/saintemariemayorga64220.fr\/es\/college-jean-de-mayorga\/mayorga-pratique\/renseignements-pratiques\/inscriptions\/","url_meta":{"origin":2052,"position":4},"title":"Inscripci\u00f3n","date":"26 de octubre de 2014","format":false,"excerpt":"[et_pb_section fb_built=\"1\"\u2026","rel":"","context":"Entrada similar","img":{"alt_text":"","src":"","width":0,"height":0},"classes":[]},{"id":64,"url":"https:\/\/saintemariemayorga64220.fr\/es\/college-jean-de-mayorga\/mayorga-pratique\/renseignements-pratiques\/horaires\/","url_meta":{"origin":2052,"position":5},"title":"Horarios","date":"26 de octubre de 2014","format":false,"excerpt":"[et_pb_slider\u2026","rel":"","context":"Entrada similar","img":{"alt_text":"","src":"","width":0,"height":0},"classes":[]}],"_links":{"self":[{"href":"https:\/\/saintemariemayorga64220.fr\/es\/wp-json\/wp\/v2\/pages\/2052"}],"collection":[{"href":"https:\/\/saintemariemayorga64220.fr\/es\/wp-json\/wp\/v2\/pages"}],"about":[{"href":"https:\/\/saintemariemayorga64220.fr\/es\/wp-json\/wp\/v2\/types\/page"}],"author":[{"embeddable":true,"href":"https:\/\/saintemariemayorga64220.fr\/es\/wp-json\/wp\/v2\/users\/3"}],"replies":[{"embeddable":true,"href":"https:\/\/saintemariemayorga64220.fr\/es\/wp-json\/wp\/v2\/comments?post=2052"}],"version-history":[{"count":37,"href":"https:\/\/saintemariemayorga64220.fr\/es\/wp-json\/wp\/v2\/pages\/2052\/revisions"}],"predecessor-version":[{"id":2667,"href":"https:\/\/saintemariemayorga64220.fr\/es\/wp-json\/wp\/v2\/pages\/2052\/revisions\/2667"}],"wp:attachment":[{"href":"https:\/\/saintemariemayorga64220.fr\/es\/wp-json\/wp\/v2\/media?parent=2052"}],"curies":[{"name":"wp","href":"https:\/\/api.w.org\/{rel}","templated":true}]}}