{"id":2726,"date":"2026-01-26T06:28:53","date_gmt":"2026-01-26T05:28:53","guid":{"rendered":"https:\/\/saintemariemayorga64220.fr\/?page_id=2726"},"modified":"2026-01-27T22:40:45","modified_gmt":"2026-01-27T21:40:45","slug":"parrainage","status":"publish","type":"page","link":"https:\/\/saintemariemayorga64220.fr\/es\/parrainage\/","title":{"rendered":"Parrainage"},"content":{"rendered":"<p>[et_pb_section fb_built=\u00bb1&#8243; inner_shadow=\u00bbon\u00bb admin_label=\u00bbsection\u00bb _builder_version=\u00bb3.0.84&#8243; custom_padding=\u00bb30px|0px|30px|0px\u00bb box_shadow_style=\u00bbpreset6&#8243; box_shadow_horizontal=\u00bb80px\u00bb box_shadow_vertical=\u00bb80px\u00bb box_shadow_blur=\u00bb80px\u00bb box_shadow_spread=\u00bb80px\u00bb box_shadow_color=\u00bbrgba(170,170,170,0.3)\u00bb][et_pb_row _builder_version=\u00bb3.0.84&#8243;][et_pb_column type=\u00bb4_4&#8243; _builder_version=\u00bb3.0.84&#8243; parallax=\u00bboff\u00bb parallax_method=\u00bbon\u00bb][et_pb_text _builder_version=\u00bb3.0.84&#8243; header_font=\u00bb||||||||\u00bb header_font_size=\u00bb45px\u00bb custom_margin=\u00bb-20px||-20px|\u00bb text_font=\u00bb||||||||\u00bb]<\/p>\n<h1 style=\"text-align: center;\"><strong><span style=\"color: #0000ff;\">Le Parrainage pour faciliter l&#8217;entr\u00e9e en 6e<\/span><\/strong><\/h1>\n<p>[\/et_pb_text][\/et_pb_column][\/et_pb_row][\/et_pb_section][et_pb_section fb_built=\u00bb1&#8243; fullwidth=\u00bbon\u00bb _builder_version=\u00bb3.0.84&#8243;][et_pb_fullwidth_image _builder_version=\u00bb3.0.84&#8243;][\/et_pb_fullwidth_image][\/et_pb_section][et_pb_section fb_built=\u00bb1&#8243; _builder_version=\u00bb3.0.84&#8243; custom_padding=\u00bb21px|0px|51.2px|0px\u00bb][et_pb_row _builder_version=\u00bb3.0.84&#8243;][et_pb_column type=\u00bb2_3&#8243; _builder_version=\u00bb3.0.84&#8243; parallax=\u00bboff\u00bb parallax_method=\u00bbon\u00bb][et_pb_text _builder_version=\u00bb3.0.84&#8243; header_font=\u00bb||||||||\u00bb header_3_font=\u00bb|700|||||||\u00bb]<\/p>\n<p>\u00a0\u00a0Afin de faciliter l\u2019entr\u00e9e en 6e et d\u2019accompagner les \u00e9l\u00e8ves dans cette \u00e9tape importante de leur scolarit\u00e9, le coll\u00e8ge met en place un <strong>projet de <span style=\"color: #ff0000;\">Parrainage<\/span><\/strong> entre \u00e9l\u00e8ves de 3e et \u00e9l\u00e8ves de 6e.<\/p>\n<p>Le principe est simple : <strong>chaque \u00e9l\u00e8ve de 6e (filleul)<\/strong> se voit attribuer <strong>un \u00e9l\u00e8ve de 3e\u00a0ou 4e (parrain)<\/strong>. Ce dernier devient un interlocuteur privil\u00e9gi\u00e9 pour l\u2019aider \u00e0 s\u2019adapter \u00e0 la vie au coll\u00e8ge. Parrain et filleul se retrouvent <strong>une heure par semaine<\/strong>, en pr\u00e9sence d\u2019un adulte, dans un cadre bienveillant et s\u00e9curisant.<\/p>\n<p>Ces temps d\u2019\u00e9change permettent de <strong>discuter du quotidien au coll\u00e8ge<\/strong>, de poser des questions, de <strong>faire les devoirs ensemble<\/strong> et d\u2019aborder, si besoin, des sujets plus personnels comme des <strong>difficult\u00e9s relationnelles ou scolaires<\/strong>. Fort de son exp\u00e9rience, le parrain partage ses conseils, rassure et accompagne son filleul avec \u00e9coute et bienveillance.<\/p>\n<p>Afin de favoriser une relation de confiance, <strong>le filleul compl\u00e8te un questionnaire<\/strong> en d\u00e9but d\u2019ann\u00e9e, dans lequel il peut exprimer ses attentes et, s\u2019il le souhaite, <strong>formuler un v\u0153u de parrain<\/strong>. Cette d\u00e9marche permet de constituer des bin\u00f4mes aussi coh\u00e9rents que possible.<\/p>\n<p>Ce projet de parrainage encourage <strong>l\u2019entraide, la solidarit\u00e9 et le vivre-ensemble<\/strong>, tout en valorisant l\u2019engagement des \u00e9l\u00e8ves de 3e et en offrant aux \u00e9l\u00e8ves de 6e un accompagnement rassurant pour bien d\u00e9marrer leur ann\u00e9e au coll\u00e8ge.<\/p>\n<p>[\/et_pb_text][\/et_pb_column][et_pb_column type=\u00bb1_3&#8243; _builder_version=\u00bb3.0.84&#8243; parallax=\u00bboff\u00bb parallax_method=\u00bbon\u00bb][et_pb_image src=\u00bbhttps:\/\/saintemariemayorga64220.fr\/wp-content\/uploads\/2026\/01\/Binome-photo.png\u00bb url=\u00bbhttps:\/\/www.facebook.com\/reel\/1951750059108713&#8243; use_overlay=\u00bbon\u00bb hover_icon=\u00bb%%40%%\u00bb _builder_version=\u00bb3.0.84&#8243; use_border_color=\u00bbon\u00bb border_width=\u00bb0px\u00bb animation_style=\u00bbfade\u00bb box_shadow_style=\u00bbpreset2&#8243; custom_css_main_element=\u00bbimage-scroll\u00bb custom_margin=\u00bb100px|||\u00bb][\/et_pb_image][\/et_pb_column][\/et_pb_row][\/et_pb_section]<\/p>\n","protected":false},"excerpt":{"rendered":"<p>[et_pb_section fb_built=\u00bb1&#8243; inner_shadow=\u00bbon\u00bb admin_label=\u00bbsection\u00bb _builder_version=\u00bb3.0.84&#8243; custom_padding=\u00bb30px|0px|30px|0px\u00bb box_shadow_style=\u00bbpreset6&#8243; box_shadow_horizontal=\u00bb80px\u00bb box_shadow_vertical=\u00bb80px\u00bb box_shadow_blur=\u00bb80px\u00bb box_shadow_spread=\u00bb80px\u00bb box_shadow_color=\u00bbrgba(170,170,170,0.3)\u00bb][et_pb_row _builder_version=\u00bb3.0.84&#8243;][et_pb_column type=\u00bb4_4&#8243; _builder_version=\u00bb3.0.84&#8243; parallax=\u00bboff\u00bb parallax_method=\u00bbon\u00bb][et_pb_text _builder_version=\u00bb3.0.84&#8243; header_font=\u00bb||||||||\u00bb header_font_size=\u00bb45px\u00bb custom_margin=\u00bb-20px||-20px|\u00bb text_font=\u00bb||||||||\u00bb] Le Parrainage pour faciliter l&#8217;entr\u00e9e en 6e [\/et_pb_text][\/et_pb_column][\/et_pb_row][\/et_pb_section][et_pb_section fb_built=\u00bb1&#8243; fullwidth=\u00bbon\u00bb _builder_version=\u00bb3.0.84&#8243;][et_pb_fullwidth_image _builder_version=\u00bb3.0.84&#8243;][\/et_pb_fullwidth_image][\/et_pb_section][et_pb_section fb_built=\u00bb1&#8243; _builder_version=\u00bb3.0.84&#8243; custom_padding=\u00bb21px|0px|51.2px|0px\u00bb][et_pb_row _builder_version=\u00bb3.0.84&#8243;][et_pb_column type=\u00bb2_3&#8243; _builder_version=\u00bb3.0.84&#8243; parallax=\u00bboff\u00bb parallax_method=\u00bbon\u00bb][et_pb_text _builder_version=\u00bb3.0.84&#8243; header_font=\u00bb||||||||\u00bb header_3_font=\u00bb|700|||||||\u00bb] \u00a0\u00a0Afin de faciliter l\u2019entr\u00e9e en 6e et d\u2019accompagner les \u00e9l\u00e8ves [&hellip;]<\/p>\n","protected":false},"author":5,"featured_media":0,"parent":0,"menu_order":0,"comment_status":"closed","ping_status":"closed","template":"","meta":{"spay_email":""},"jetpack_sharing_enabled":true,"jetpack_shortlink":"https:\/\/wp.me\/P9jAgw-HY","jetpack_likes_enabled":true,"jetpack-related-posts":[{"id":2680,"url":"https:\/\/saintemariemayorga64220.fr\/es\/college-2\/","url_meta":{"origin":2726,"position":0},"title":"Coll\u00e8ge","date":"22 de enero de 2026","format":false,"excerpt":" Voir la Page\u2026","rel":"","context":"Entrada similar","img":{"alt_text":"","src":"","width":0,"height":0},"classes":[]},{"id":2052,"url":"https:\/\/saintemariemayorga64220.fr\/es\/modules\/","url_meta":{"origin":2726,"position":1},"title":"Modules","date":"26 de noviembre de 2025","format":false,"excerpt":"[et_pb_slide heading=\"Une poule sur un mur\" button_text=\"Voir les r\u00e9sultats\u2026","rel":"","context":"Entrada similar","img":{"alt_text":"","src":"https:\/\/i0.wp.com\/saintemariemayorga64220.fr\/wp-content\/uploads\/2020\/04\/10-225x300.jpg?resize=350%2C200&ssl=1","width":350,"height":200},"classes":[]},{"id":54,"url":"https:\/\/saintemariemayorga64220.fr\/es\/college-jean-de-mayorga\/la-vie-a-mayorga\/les-ateliers-et-le-sport\/","url_meta":{"origin":2726,"position":2},"title":"El deporte y los talleres","date":"26 de octubre de 2014","format":false,"excerpt":"Les ateliers Une fois par semaine, plusieurs ateliers sont propos\u00e9s dans l'emploi du temps (1 ou 2 s\u00e9ances) : Sports : Skate, Rugby en partenariat avec l'US Nafarroa,\u00a0 Activit\u00e9s culturelles : th\u00e9\u00e2tre, jeux de soci\u00e9t\u00e9s, danse,\u00a0 Un\u2026","rel":"","context":"Entrada similar","img":{"alt_text":"","src":"","width":0,"height":0},"classes":[]},{"id":62,"url":"https:\/\/saintemariemayorga64220.fr\/es\/college-jean-de-mayorga\/mayorga-pratique\/renseignements-pratiques\/inscriptions\/","url_meta":{"origin":2726,"position":3},"title":"Inscripci\u00f3n","date":"26 de octubre de 2014","format":false,"excerpt":"[et_pb_section fb_built=\"1\"\u2026","rel":"","context":"Entrada similar","img":{"alt_text":"","src":"","width":0,"height":0},"classes":[]},{"id":64,"url":"https:\/\/saintemariemayorga64220.fr\/es\/college-jean-de-mayorga\/mayorga-pratique\/renseignements-pratiques\/horaires\/","url_meta":{"origin":2726,"position":4},"title":"Horarios","date":"26 de octubre de 2014","format":false,"excerpt":"[et_pb_slider\u2026","rel":"","context":"Entrada similar","img":{"alt_text":"","src":"","width":0,"height":0},"classes":[]},{"id":68,"url":"https:\/\/saintemariemayorga64220.fr\/es\/college-jean-de-mayorga\/mayorga-pratique\/renseignements-pratiques\/transports-scolaires\/","url_meta":{"origin":2726,"position":5},"title":"Transporte escolar","date":"26 de octubre de 2014","format":false,"excerpt":" [et_pb_slide _builder_version=\"3.0.84\" heading=\"Transports scolaires\" use_background_color_gradient=\"off\" background_color_gradient_start=\"#2b87da\" background_color_gradient_end=\"#29c4a9\" background_color_gradient_type=\"linear\" background_color_gradient_direction=\"180deg\" background_color_gradient_direction_radial=\"center\" background_color_gradient_start_position=\"0%\" background_color_gradient_end_position=\"100%\" background_image=\"http:\/\/saintemariemayorga64220.fr\/wp-content\/uploads\/2014\/10\/auto-2583303_1920.jpg\" parallax=\"off\" parallax_method=\"on\" background_size=\"cover\" background_position=\"center\" background_repeat=\"no-repeat\" background_blend=\"normal\" allow_player_pause=\"off\" use_bg_overlay=\"on\" use_text_overlay=\"off\" text_border_radius=\"3\" alignment=\"center\" background_layout=\"dark\" header_level=\"h1\" header_font=\"||||||||\" header_font_size=\"65\" header_font_size_tablet=\"65\" header_font_size_phone=\"65\" body_font=\"||||||||\" custom_button=\"off\" button_bg_use_color_gradient=\"off\" button_bg_color_gradient_start=\"#2b87da\" button_bg_color_gradient_end=\"#29c4a9\" button_bg_color_gradient_type=\"linear\"\u2026","rel":"","context":"Entrada similar","img":{"alt_text":"","src":"","width":0,"height":0},"classes":[]}],"_links":{"self":[{"href":"https:\/\/saintemariemayorga64220.fr\/es\/wp-json\/wp\/v2\/pages\/2726"}],"collection":[{"href":"https:\/\/saintemariemayorga64220.fr\/es\/wp-json\/wp\/v2\/pages"}],"about":[{"href":"https:\/\/saintemariemayorga64220.fr\/es\/wp-json\/wp\/v2\/types\/page"}],"author":[{"embeddable":true,"href":"https:\/\/saintemariemayorga64220.fr\/es\/wp-json\/wp\/v2\/users\/5"}],"replies":[{"embeddable":true,"href":"https:\/\/saintemariemayorga64220.fr\/es\/wp-json\/wp\/v2\/comments?post=2726"}],"version-history":[{"count":16,"href":"https:\/\/saintemariemayorga64220.fr\/es\/wp-json\/wp\/v2\/pages\/2726\/revisions"}],"predecessor-version":[{"id":2763,"href":"https:\/\/saintemariemayorga64220.fr\/es\/wp-json\/wp\/v2\/pages\/2726\/revisions\/2763"}],"wp:attachment":[{"href":"https:\/\/saintemariemayorga64220.fr\/es\/wp-json\/wp\/v2\/media?parent=2726"}],"curies":[{"name":"wp","href":"https:\/\/api.w.org\/{rel}","templated":true}]}}