{"id":52,"date":"2014-10-26T14:01:33","date_gmt":"2014-10-26T13:01:33","guid":{"rendered":"http:\/\/saintemariemayorga64220.fr\/?page_id=52"},"modified":"2018-11-16T09:28:26","modified_gmt":"2018-11-16T08:28:26","slug":"le-bilinguisme-et-loption-basque","status":"publish","type":"page","link":"https:\/\/saintemariemayorga64220.fr\/es\/college-jean-de-mayorga\/la-vie-a-mayorga\/le-bilinguisme-et-loption-basque\/","title":{"rendered":"El biling\u00fcismo y la opci\u00f3n vasco"},"content":{"rendered":"<p>[et_pb_section bb_built=\u00bb1&#8243;][et_pb_row][et_pb_column type=\u00bb4_4&#8243;][et_pb_slider _builder_version=\u00bb3.0.84&#8243; show_arrows=\u00bbon\u00bb show_pagination=\u00bbon\u00bb show_inner_shadow=\u00bbon\u00bb custom_button=\u00bboff\u00bb button_icon_placement=\u00bbright\u00bb show_content_on_mobile=\u00bbon\u00bb show_cta_on_mobile=\u00bbon\u00bb show_image_video_mobile=\u00bboff\u00bb background_image=\u00bbhttp:\/\/saintemariemayorga64220.fr\/wp-content\/uploads\/2015\/10\/DSCN1903.jpg\u00bb]<\/p>\n<p>[et_pb_slide _builder_version=\u00bb3.0.84&#8243; use_background_color_gradient=\u00bboff\u00bb background_color_gradient_start=\u00bb#2b87da\u00bb background_color_gradient_end=\u00bb#29c4a9&#8243; background_color_gradient_type=\u00bblinear\u00bb background_color_gradient_direction=\u00bb180deg\u00bb background_color_gradient_direction_radial=\u00bbcenter\u00bb background_color_gradient_start_position=\u00bb0%\u00bb background_color_gradient_end_position=\u00bb100%\u00bb background_image=\u00bbhttp:\/\/saintemariemayorga64220.fr\/wp-content\/uploads\/2015\/10\/DSCN1903.jpg\u00bb parallax=\u00bboff\u00bb parallax_method=\u00bbon\u00bb background_size=\u00bbcover\u00bb background_position=\u00bbcenter\u00bb background_repeat=\u00bbno-repeat\u00bb background_blend=\u00bbnormal\u00bb allow_player_pause=\u00bboff\u00bb use_bg_overlay=\u00bboff\u00bb use_text_overlay=\u00bboff\u00bb text_border_radius=\u00bb3&#8243; alignment=\u00bbcenter\u00bb background_layout=\u00bbdark\u00bb header_level=\u00bbh1&#8243; header_font=\u00bb||||||||\u00bb body_font=\u00bb||||||||\u00bb custom_button=\u00bboff\u00bb button_bg_use_color_gradient=\u00bboff\u00bb button_bg_color_gradient_start=\u00bb#2b87da\u00bb button_bg_color_gradient_end=\u00bb#29c4a9&#8243; button_bg_color_gradient_type=\u00bblinear\u00bb button_bg_color_gradient_direction_radial=\u00bbcenter\u00bb button_bg_size=\u00bbcover\u00bb button_bg_position=\u00bbcenter\u00bb button_bg_repeat=\u00bbno-repeat\u00bb button_bg_blend=\u00bbnormal\u00bb button_font=\u00bb||||||||\u00bb button_use_icon=\u00bbon\u00bb button_icon_placement=\u00bbright\u00bb button_on_hover=\u00bbon\u00bb box_shadow_style_button=\u00bbnone\u00bb box_shadow_color_button=\u00bbrgba(0,0,0,0.3)\u00bb box_shadow_position_button=\u00bbouter\u00bb \/]<\/p>\n<p>[\/et_pb_slider][\/et_pb_column][\/et_pb_row][et_pb_row][et_pb_column type=\u00bb4_4&#8243;][et_pb_text _builder_version=\u00bb3.0.84&#8243; background_layout=\u00bblight\u00bb]<\/p>\n<h3>Biling\u00fcismo<\/h3>\n<p>En el coraz\u00f3n del Pa\u00eds Vasco, Mayorga se debe de proponer un curso biling\u00fce en el que<\/p>\n<p>\u2022 se imparte una asignatura en vasco (SVT e historia en 6\u00b0 y 5\u00b0 &#8211; historia-geograf\u00eda en 4\u00b0 y 3\u00b0) y<br \/>\n\u2022 una opci\u00f3n en vasco reforzada<br \/>\n\u2022 los alumnos participan a una estancia ling\u00fc\u00edstica de corta duraci\u00f3n<\/p>\n<p>&nbsp;<\/p>\n<h3>Opci\u00f3n en vasco<\/h3>\n<p>Se propone la opci\u00f3n en vasco en todos los cursos del colegio. Los alumnos pueden cursar esta opci\u00f3n si ya dominan el idioma en 6\u00b0 (3 horas por semana)<\/p>\n<p>&nbsp;<\/p>\n<div id=\"attachment_660\" style=\"width: 310px\" class=\"wp-caption aligncenter\"><a href=\"https:\/\/i0.wp.com\/saintemariemayorga64220.fr\/wp-content\/uploads\/2015\/10\/DSCN1903.jpg\" rel=\"attachment wp-att-660\"><img aria-describedby=\"caption-attachment-660\" data-attachment-id=\"660\" data-permalink=\"https:\/\/saintemariemayorga64220.fr\/es\/quand-la-radio-vient-au-college\/dscn1903\/\" data-orig-file=\"https:\/\/i0.wp.com\/saintemariemayorga64220.fr\/wp-content\/uploads\/2015\/10\/DSCN1903.jpg?fit=4608%2C3456&amp;ssl=1\" data-orig-size=\"4608,3456\" data-comments-opened=\"0\" data-image-meta=\"{&quot;aperture&quot;:&quot;3.7&quot;,&quot;credit&quot;:&quot;&quot;,&quot;camera&quot;:&quot;COOLPIX S9700&quot;,&quot;caption&quot;:&quot;&quot;,&quot;created_timestamp&quot;:&quot;&quot;,&quot;copyright&quot;:&quot;&quot;,&quot;focal_length&quot;:&quot;4.5&quot;,&quot;iso&quot;:&quot;400&quot;,&quot;shutter_speed&quot;:&quot;0.04&quot;,&quot;title&quot;:&quot;&quot;,&quot;orientation&quot;:&quot;1&quot;}\" data-image-title=\"DSCN1903\" data-image-description=\"\" data-image-caption=\"\" data-medium-file=\"https:\/\/i0.wp.com\/saintemariemayorga64220.fr\/wp-content\/uploads\/2015\/10\/DSCN1903.jpg?fit=300%2C225&amp;ssl=1\" data-large-file=\"https:\/\/i0.wp.com\/saintemariemayorga64220.fr\/wp-content\/uploads\/2015\/10\/DSCN1903.jpg?fit=1024%2C768&amp;ssl=1\" loading=\"lazy\" class=\"wp-image-660 size-medium\" src=\"https:\/\/i0.wp.com\/saintemariemayorga64220.fr\/wp-content\/uploads\/2015\/10\/DSCN1903-300x225.jpg?resize=300%2C225\" alt=\"DSCN1903\" width=\"300\" height=\"225\" srcset=\"https:\/\/i0.wp.com\/saintemariemayorga64220.fr\/wp-content\/uploads\/2015\/10\/DSCN1903.jpg?resize=300%2C225&amp;ssl=1 300w, https:\/\/i0.wp.com\/saintemariemayorga64220.fr\/wp-content\/uploads\/2015\/10\/DSCN1903.jpg?resize=1024%2C768&amp;ssl=1 1024w, https:\/\/i0.wp.com\/saintemariemayorga64220.fr\/wp-content\/uploads\/2015\/10\/DSCN1903.jpg?w=2160&amp;ssl=1 2160w, https:\/\/i0.wp.com\/saintemariemayorga64220.fr\/wp-content\/uploads\/2015\/10\/DSCN1903.jpg?w=3240&amp;ssl=1 3240w\" sizes=\"(max-width: 300px) 100vw, 300px\" data-recalc-dims=\"1\" \/><\/a><p id=\"caption-attachment-660\" class=\"wp-caption-text\">Los alumnos de la opcion con la radio<\/p><\/div>\n<p>[\/et_pb_text][\/et_pb_column][\/et_pb_row][\/et_pb_section]<\/p>","protected":false},"excerpt":{"rendered":"<p>[et_pb_section bb_built=\u00bb1&#8243;][et_pb_row][et_pb_column type=\u00bb4_4&#8243;][et_pb_slider _builder_version=\u00bb3.0.84&#8243; show_arrows=\u00bbon\u00bb show_pagination=\u00bbon\u00bb show_inner_shadow=\u00bbon\u00bb custom_button=\u00bboff\u00bb button_icon_placement=\u00bbright\u00bb show_content_on_mobile=\u00bbon\u00bb show_cta_on_mobile=\u00bbon\u00bb show_image_video_mobile=\u00bboff\u00bb background_image=\u00bbhttp:\/\/saintemariemayorga64220.fr\/wp-content\/uploads\/2015\/10\/DSCN1903.jpg\u00bb] [et_pb_slide _builder_version=\u00bb3.0.84&#8243; use_background_color_gradient=\u00bboff\u00bb background_color_gradient_start=\u00bb#2b87da\u00bb background_color_gradient_end=\u00bb#29c4a9&#8243; background_color_gradient_type=\u00bblinear\u00bb background_color_gradient_direction=\u00bb180deg\u00bb background_color_gradient_direction_radial=\u00bbcenter\u00bb background_color_gradient_start_position=\u00bb0%\u00bb background_color_gradient_end_position=\u00bb100%\u00bb background_image=\u00bbhttp:\/\/saintemariemayorga64220.fr\/wp-content\/uploads\/2015\/10\/DSCN1903.jpg\u00bb parallax=\u00bboff\u00bb parallax_method=\u00bbon\u00bb background_size=\u00bbcover\u00bb background_position=\u00bbcenter\u00bb background_repeat=\u00bbno-repeat\u00bb background_blend=\u00bbnormal\u00bb allow_player_pause=\u00bboff\u00bb use_bg_overlay=\u00bboff\u00bb use_text_overlay=\u00bboff\u00bb text_border_radius=\u00bb3&#8243; alignment=\u00bbcenter\u00bb background_layout=\u00bbdark\u00bb header_level=\u00bbh1&#8243; header_font=\u00bb||||||||\u00bb body_font=\u00bb||||||||\u00bb custom_button=\u00bboff\u00bb button_bg_use_color_gradient=\u00bboff\u00bb button_bg_color_gradient_start=\u00bb#2b87da\u00bb button_bg_color_gradient_end=\u00bb#29c4a9&#8243; button_bg_color_gradient_type=\u00bblinear\u00bb button_bg_color_gradient_direction_radial=\u00bbcenter\u00bb button_bg_size=\u00bbcover\u00bb button_bg_position=\u00bbcenter\u00bb button_bg_repeat=\u00bbno-repeat\u00bb button_bg_blend=\u00bbnormal\u00bb button_font=\u00bb||||||||\u00bb button_use_icon=\u00bbon\u00bb button_icon_placement=\u00bbright\u00bb button_on_hover=\u00bbon\u00bb box_shadow_style_button=\u00bbnone\u00bb box_shadow_color_button=\u00bbrgba(0,0,0,0.3)\u00bb [&hellip;]<\/p>\n","protected":false},"author":1,"featured_media":0,"parent":32,"menu_order":6,"comment_status":"closed","ping_status":"open","template":"","meta":{"spay_email":""},"jetpack_sharing_enabled":true,"jetpack_shortlink":"https:\/\/wp.me\/P9jAgw-Q","jetpack_likes_enabled":true,"jetpack-related-posts":[{"id":68,"url":"https:\/\/saintemariemayorga64220.fr\/es\/college-jean-de-mayorga\/mayorga-pratique\/renseignements-pratiques\/transports-scolaires\/","url_meta":{"origin":52,"position":0},"title":"Transporte escolar","date":"26 de octubre de 2014","format":false,"excerpt":" [et_pb_slide _builder_version=\"3.0.84\" heading=\"Transports scolaires\" use_background_color_gradient=\"off\" background_color_gradient_start=\"#2b87da\" background_color_gradient_end=\"#29c4a9\" background_color_gradient_type=\"linear\" background_color_gradient_direction=\"180deg\" background_color_gradient_direction_radial=\"center\" background_color_gradient_start_position=\"0%\" background_color_gradient_end_position=\"100%\" background_image=\"http:\/\/saintemariemayorga64220.fr\/wp-content\/uploads\/2014\/10\/auto-2583303_1920.jpg\" parallax=\"off\" parallax_method=\"on\" background_size=\"cover\" background_position=\"center\" background_repeat=\"no-repeat\" background_blend=\"normal\" allow_player_pause=\"off\" use_bg_overlay=\"on\" use_text_overlay=\"off\" text_border_radius=\"3\" alignment=\"center\" background_layout=\"dark\" header_level=\"h1\" header_font=\"||||||||\" header_font_size=\"65\" header_font_size_tablet=\"65\" header_font_size_phone=\"65\" body_font=\"||||||||\" custom_button=\"off\" button_bg_use_color_gradient=\"off\" button_bg_color_gradient_start=\"#2b87da\" button_bg_color_gradient_end=\"#29c4a9\" button_bg_color_gradient_type=\"linear\"\u2026","rel":"","context":"Entrada similar","img":{"alt_text":"","src":"","width":0,"height":0},"classes":[]},{"id":72,"url":"https:\/\/saintemariemayorga64220.fr\/es\/college-jean-de-mayorga\/mayorga-pratique\/renseignements-pratiques\/etude-du-soir\/","url_meta":{"origin":52,"position":1},"title":"Permanencia por la tarde","date":"26 de octubre de 2014","format":false,"excerpt":" [et_pb_slide heading=\"Permanencia por la tarde\" use_bg_overlay=\"on\" use_text_overlay=\"off\" _builder_version=\"3.0.84\" header_level=\"h1\" header_font=\"||||||||\" body_font=\"||||||||\" background_image=\"http:\/\/saintemariemayorga64220.fr\/wp-content\/uploads\/2014\/10\/books-2158737_1920.jpg\" custom_button=\"off\" button_icon_placement=\"right\" button_on_hover=\"on\" background_color=\"#ffffff\" header_font_size=\"45px\" use_background_color_gradient=\"off\" background_color_gradient_start=\"#2b87da\" background_color_gradient_end=\"#29c4a9\" background_color_gradient_type=\"linear\" background_color_gradient_direction=\"180deg\" background_color_gradient_direction_radial=\"center\" background_color_gradient_start_position=\"0%\" background_color_gradient_end_position=\"100%\" parallax=\"off\" parallax_method=\"on\" background_size=\"cover\" background_position=\"center\" background_repeat=\"no-repeat\" background_blend=\"normal\"\u2026","rel":"","context":"Entrada similar","img":{"alt_text":"","src":"","width":0,"height":0},"classes":[]},{"id":74,"url":"https:\/\/saintemariemayorga64220.fr\/es\/college-jean-de-mayorga\/mayorga-pratique\/renseignements-pratiques\/cantin\/","url_meta":{"origin":52,"position":2},"title":"Comedor","date":"26 de octubre de 2014","format":false,"excerpt":" [et_pb_slide heading=\"Comedor\" use_bg_overlay=\"on\" use_text_overlay=\"off\" _builder_version=\"3.0.84\" header_level=\"h1\" header_font=\"||||||||\" body_font=\"||||||||\" background_image=\"http:\/\/saintemariemayorga64220.fr\/wp-content\/uploads\/2014\/10\/background-1239436_1920.jpg\" custom_button=\"off\" button_icon_placement=\"right\" button_on_hover=\"on\" background_color=\"#ffffff\" use_background_color_gradient=\"off\" background_color_gradient_start=\"#2b87da\" background_color_gradient_end=\"#29c4a9\" background_color_gradient_type=\"linear\" background_color_gradient_direction=\"180deg\" background_color_gradient_direction_radial=\"center\" background_color_gradient_start_position=\"0%\" background_color_gradient_end_position=\"100%\" parallax=\"off\" parallax_method=\"on\" background_size=\"cover\" background_position=\"center\" background_repeat=\"no-repeat\" background_blend=\"normal\" allow_player_pause=\"off\" text_border_radius=\"3\" alignment=\"center\"\u2026","rel":"","context":"Entrada similar","img":{"alt_text":"","src":"","width":0,"height":0},"classes":[]},{"id":2052,"url":"https:\/\/saintemariemayorga64220.fr\/es\/modules\/","url_meta":{"origin":52,"position":3},"title":"Modules","date":"26 de noviembre de 2025","format":false,"excerpt":"[et_pb_slide heading=\"Une poule sur un mur\" button_text=\"Voir les r\u00e9sultats\u2026","rel":"","context":"Entrada similar","img":{"alt_text":"","src":"https:\/\/i0.wp.com\/saintemariemayorga64220.fr\/wp-content\/uploads\/2020\/04\/10-225x300.jpg?resize=350%2C200&ssl=1","width":350,"height":200},"classes":[]},{"id":62,"url":"https:\/\/saintemariemayorga64220.fr\/es\/college-jean-de-mayorga\/mayorga-pratique\/renseignements-pratiques\/inscriptions\/","url_meta":{"origin":52,"position":4},"title":"Inscripci\u00f3n","date":"26 de octubre de 2014","format":false,"excerpt":"[et_pb_section fb_built=\"1\"\u2026","rel":"","context":"Entrada similar","img":{"alt_text":"","src":"","width":0,"height":0},"classes":[]},{"id":64,"url":"https:\/\/saintemariemayorga64220.fr\/es\/college-jean-de-mayorga\/mayorga-pratique\/renseignements-pratiques\/horaires\/","url_meta":{"origin":52,"position":5},"title":"Horarios","date":"26 de octubre de 2014","format":false,"excerpt":"[et_pb_slider\u2026","rel":"","context":"Entrada similar","img":{"alt_text":"","src":"","width":0,"height":0},"classes":[]}],"_links":{"self":[{"href":"https:\/\/saintemariemayorga64220.fr\/es\/wp-json\/wp\/v2\/pages\/52"}],"collection":[{"href":"https:\/\/saintemariemayorga64220.fr\/es\/wp-json\/wp\/v2\/pages"}],"about":[{"href":"https:\/\/saintemariemayorga64220.fr\/es\/wp-json\/wp\/v2\/types\/page"}],"author":[{"embeddable":true,"href":"https:\/\/saintemariemayorga64220.fr\/es\/wp-json\/wp\/v2\/users\/1"}],"replies":[{"embeddable":true,"href":"https:\/\/saintemariemayorga64220.fr\/es\/wp-json\/wp\/v2\/comments?post=52"}],"version-history":[{"count":9,"href":"https:\/\/saintemariemayorga64220.fr\/es\/wp-json\/wp\/v2\/pages\/52\/revisions"}],"predecessor-version":[{"id":1662,"href":"https:\/\/saintemariemayorga64220.fr\/es\/wp-json\/wp\/v2\/pages\/52\/revisions\/1662"}],"up":[{"embeddable":true,"href":"https:\/\/saintemariemayorga64220.fr\/es\/wp-json\/wp\/v2\/pages\/32"}],"wp:attachment":[{"href":"https:\/\/saintemariemayorga64220.fr\/es\/wp-json\/wp\/v2\/media?parent=52"}],"curies":[{"name":"wp","href":"https:\/\/api.w.org\/{rel}","templated":true}]}}