{"id":58,"date":"2014-10-26T14:03:30","date_gmt":"2014-10-26T13:03:30","guid":{"rendered":"http:\/\/saintemariemayorga64220.fr\/?page_id=58"},"modified":"2018-11-16T09:34:15","modified_gmt":"2018-11-16T08:34:15","slug":"lorganisation","status":"publish","type":"page","link":"https:\/\/saintemariemayorga64220.fr\/es\/college-jean-de-mayorga\/linternat\/lorganisation\/","title":{"rendered":"La organizacion"},"content":{"rendered":"<p>Se facilita una lista indicativa de material al matricularse.<\/p>\n<p>El internado, situado en el mismo lugar que el colegio, est\u00e1 estructurado para combinar tiempo de estudio y momentos de relajaci\u00f3n. Cada uno aprende a respetar las normas de convivencia para garantizar la tranquilidad de una vida en comunidad.<br \/>\nSe dedica parte de los mi\u00e9rcoles a actividades deportivas o l\u00fadicas. Este a\u00f1o, se pondr\u00e1 hincapi\u00e9 en la pr\u00e1ctica del frontball, el picapared, un juego de pelota con mucho futuro.<\/p>\n<p>Un d\u00eda tipo en el internado:<\/p>\n<p>\u2022 7h00: despertar, ducha y desayuno<br \/>\n\u2022 8h20: inicio de las clases<br \/>\n\u2022 17h20: final de las clases, merienda y recreo<br \/>\n\u2022 18h- 19h15: permanencia o taller<br \/>\n\u2022 19h15-20h: cena<br \/>\n\u2022 20h -21h15: permanencia si el alumno no ha acabado con los deberes<br \/>\n\u2022 21h15: hora de acostarse y apagado de las luces a las 21h45 para que cada uno descanse lo suficiente.<\/p>\n<p>&nbsp;<\/p>","protected":false},"excerpt":{"rendered":"<p>Se facilita una lista indicativa de material al matricularse. El internado, situado en el mismo lugar que el colegio, est\u00e1 estructurado para combinar tiempo de estudio y momentos de relajaci\u00f3n. Cada uno aprende a respetar las normas de convivencia para garantizar la tranquilidad de una vida en comunidad. Se dedica parte de los mi\u00e9rcoles a [&hellip;]<\/p>\n","protected":false},"author":1,"featured_media":0,"parent":34,"menu_order":2,"comment_status":"closed","ping_status":"open","template":"","meta":{"spay_email":""},"jetpack_sharing_enabled":true,"jetpack_shortlink":"https:\/\/wp.me\/P9jAgw-W","jetpack_likes_enabled":true,"jetpack-related-posts":[{"id":34,"url":"https:\/\/saintemariemayorga64220.fr\/es\/college-jean-de-mayorga\/linternat\/","url_meta":{"origin":58,"position":0},"title":"El internado","date":"26 de octubre de 2014","format":false,"excerpt":"Vers un internat d'excellence Au sein\u2026","rel":"","context":"Entrada similar","img":{"alt_text":"","src":"","width":0,"height":0},"classes":[]},{"id":66,"url":"https:\/\/saintemariemayorga64220.fr\/es\/college-jean-de-mayorga\/mayorga-pratique\/renseignements-pratiques\/tarifs-et-bourses\/","url_meta":{"origin":58,"position":1},"title":"Tarifas y becas","date":"26 de octubre de 2014","format":false,"excerpt":" SCOLARITE : en fonction du quotient familial : 23.3, 31 et 38.10 \u20ac par mois INTERNAT :\u00a0\u00a0\u00a0\u2026","rel":"","context":"Entrada similar","img":{"alt_text":"","src":"","width":0,"height":0},"classes":[]},{"id":17,"url":"https:\/\/saintemariemayorga64220.fr\/es\/","url_meta":{"origin":58,"position":2},"title":"Inicio","date":"28 de septiembre de 2014","format":false,"excerpt":"[et_pb_section fb_built=\"1\" _builder_version=\"3.0.84\"\u2026","rel":"","context":"Entrada similar","img":{"alt_text":"","src":"","width":0,"height":0},"classes":[]},{"id":50,"url":"https:\/\/saintemariemayorga64220.fr\/es\/college-jean-de-mayorga\/la-vie-a-mayorga\/laide-individuelle-et-methodologique\/","url_meta":{"origin":58,"position":3},"title":"La ayuda individual y metodol\u00f3gica","date":"26 de octubre de 2014","format":false,"excerpt":" Se presta una atenci\u00f3n particular a la ayuda individual mediante la ayuda con los deberes, entre otras cosas. Un profesor imparte una hora de ayuda con los deberes cada d\u00eda a los alumnos voluntarios. Por la tarde,\u2026","rel":"","context":"Entrada similar","img":{"alt_text":"","src":"","width":0,"height":0},"classes":[]},{"id":670,"url":"https:\/\/saintemariemayorga64220.fr\/es\/ecole-sainte-marie\/infos-pratiques\/horairesgarderieetude\/","url_meta":{"origin":58,"position":4},"title":"HORAIRES\/GARDERIE\/ETUDE","date":"23 de octubre de 2015","format":false,"excerpt":"L'\u00e9cole fonctionne toujours sur 4 jours : Lundi, mardi, jeudi et vendredi. Horaires des cours: 8h30-11h30 \u00a0\/ \u00a013h30-16h30 L'\u00e9cole vous propose des services GRATUITS comme: LA GARDERIE: \u00e0 partir de 7h45 le matin, jusqu'\u00e0 12h, et le soir jusqu'\u00e0 18h30. L'ETUDE : les lundis et jeudis soir de 16h45 \u00e0\u2026","rel":"","context":"Entrada similar","img":{"alt_text":"","src":"","width":0,"height":0},"classes":[]},{"id":72,"url":"https:\/\/saintemariemayorga64220.fr\/es\/college-jean-de-mayorga\/mayorga-pratique\/renseignements-pratiques\/etude-du-soir\/","url_meta":{"origin":58,"position":5},"title":"Permanencia por la tarde","date":"26 de octubre de 2014","format":false,"excerpt":" [et_pb_slide heading=\"Permanencia por la tarde\" use_bg_overlay=\"on\" use_text_overlay=\"off\" _builder_version=\"3.0.84\" header_level=\"h1\" header_font=\"||||||||\" body_font=\"||||||||\" background_image=\"http:\/\/saintemariemayorga64220.fr\/wp-content\/uploads\/2014\/10\/books-2158737_1920.jpg\" custom_button=\"off\" button_icon_placement=\"right\" button_on_hover=\"on\" background_color=\"#ffffff\" header_font_size=\"45px\" use_background_color_gradient=\"off\" background_color_gradient_start=\"#2b87da\" background_color_gradient_end=\"#29c4a9\" background_color_gradient_type=\"linear\" background_color_gradient_direction=\"180deg\" background_color_gradient_direction_radial=\"center\" background_color_gradient_start_position=\"0%\" background_color_gradient_end_position=\"100%\" parallax=\"off\" parallax_method=\"on\" background_size=\"cover\" background_position=\"center\" background_repeat=\"no-repeat\" background_blend=\"normal\"\u2026","rel":"","context":"Entrada similar","img":{"alt_text":"","src":"","width":0,"height":0},"classes":[]}],"_links":{"self":[{"href":"https:\/\/saintemariemayorga64220.fr\/es\/wp-json\/wp\/v2\/pages\/58"}],"collection":[{"href":"https:\/\/saintemariemayorga64220.fr\/es\/wp-json\/wp\/v2\/pages"}],"about":[{"href":"https:\/\/saintemariemayorga64220.fr\/es\/wp-json\/wp\/v2\/types\/page"}],"author":[{"embeddable":true,"href":"https:\/\/saintemariemayorga64220.fr\/es\/wp-json\/wp\/v2\/users\/1"}],"replies":[{"embeddable":true,"href":"https:\/\/saintemariemayorga64220.fr\/es\/wp-json\/wp\/v2\/comments?post=58"}],"version-history":[{"count":7,"href":"https:\/\/saintemariemayorga64220.fr\/es\/wp-json\/wp\/v2\/pages\/58\/revisions"}],"predecessor-version":[{"id":1664,"href":"https:\/\/saintemariemayorga64220.fr\/es\/wp-json\/wp\/v2\/pages\/58\/revisions\/1664"}],"up":[{"embeddable":true,"href":"https:\/\/saintemariemayorga64220.fr\/es\/wp-json\/wp\/v2\/pages\/34"}],"wp:attachment":[{"href":"https:\/\/saintemariemayorga64220.fr\/es\/wp-json\/wp\/v2\/media?parent=58"}],"curies":[{"name":"wp","href":"https:\/\/api.w.org\/{rel}","templated":true}]}}