{"id":66,"date":"2014-10-26T14:08:05","date_gmt":"2014-10-26T13:08:05","guid":{"rendered":"http:\/\/saintemariemayorga64220.fr\/?page_id=66"},"modified":"2024-02-01T17:39:35","modified_gmt":"2024-02-01T16:39:35","slug":"tarifs-et-bourses","status":"publish","type":"page","link":"https:\/\/saintemariemayorga64220.fr\/es\/college-jean-de-mayorga\/mayorga-pratique\/renseignements-pratiques\/tarifs-et-bourses\/","title":{"rendered":"Tarifas y becas"},"content":{"rendered":"<p>[et_pb_section fb_built=\u00bb1&#8243; admin_label=\u00bbsection\u00bb _builder_version=\u00bb3.0.47&#8243;][et_pb_row admin_label=\u00bbrow\u00bb _builder_version=\u00bb3.0.47&#8243; background_size=\u00bbinitial\u00bb background_position=\u00bbtop_left\u00bb background_repeat=\u00bbrepeat\u00bb][et_pb_column type=\u00bb4_4&#8243; _builder_version=\u00bb3.0.47&#8243; parallax=\u00bboff\u00bb parallax_method=\u00bbon\u00bb][et_pb_slider _builder_version=\u00bb3.0.84&#8243;][et_pb_slide heading=\u00bbTarifs et bourses\u00bb use_bg_overlay=\u00bbon\u00bb use_text_overlay=\u00bboff\u00bb _builder_version=\u00bb3.0.84&#8243; header_level=\u00bbh1&#8243; header_font=\u00bb||||||||\u00bb body_font=\u00bb||||||||\u00bb background_image=\u00bbhttp:\/\/saintemariemayorga64220.fr\/wp-content\/uploads\/2014\/10\/credit-card-2308179_1920.jpg\u00bb custom_button=\u00bboff\u00bb button_icon_placement=\u00bbright\u00bb button_on_hover=\u00bbon\u00bb][\/et_pb_slide][\/et_pb_slider][et_pb_text admin_label=\u00bbText\u00bb _builder_version=\u00bb3.0.47&#8243; background_size=\u00bbinitial\u00bb background_position=\u00bbtop_left\u00bb background_repeat=\u00bbrepeat\u00bb inline_fonts=\u00bbABeeZee\u00bb]<\/p>\n<ul>\n<li><span style=\"font-family: ABeeZee; color: #001144;\"><span style=\"text-decoration: underline;\"><strong>SCOLARITE<\/strong> <\/span>: en fonction du quotient familial : 23.3, 31 et 38.10 \u20ac par mois<\/span><\/li>\n<li><span style=\"font-family: ABeeZee; color: #001144;\"><span style=\"text-decoration: underline;\"><strong>INTERNAT<\/strong><\/span> :\u00a0\u00a0\u00a0 352 \u20ac par mois.\u00a0 \u00a0 \u00a0 \u00a0 \u00a0 \u00a0 \u00a0 \u00a0 \u00a0 \u00a0 \u00a0 \u00a0 \u00a0 \u00a0 \u00a0 \u00a0 \u00a0 \u00a0 \u00a0 \u00a0 \u00a0 \u00a0 \u00a0 \u00a0 \u00a0 \u00a0 \u00a0 \u00a0 \u00a0 \u00a0 \u00a0 \u00a0 \u00a0 \u00a0 \u00a0 \u00a0 \u00a0 \u00a0 \u00a0 \u00a0 \u00a0 \u00a0 \u00a0 \u00a0 \u00a0 \u00a0 \u00a0 \u00a0 \u00a0 \u00a0 \u00a0 \u00a0 \u00a0 \u00a0 \u00a0 \u00a0 \u00a0 \u00a0 \u00a0 \u00a0 \u00a0 \u00a0 \u00a0 \u00a0 \u00a0 \u00a0 \u00a0 \u00a0 \u00a0 \u00a0 \u00a0 \u00a0 \u00a0 \u00a0 \u00a0 \u00a0 \u00a0 \u00a0 \u00a0 \u00a0 \u00a0 \u00a0 \u00a0 \u00a0 \u00a0 \u00a0 \u00a0 \u00a0 \u00a0 \u00a0 \u00a0 \u00a0 \u00a0 \u00a0 \u00a0 \u00a0 \u00a0 \u00a0 \u00a0 \u00a0 \u00a0 \u00a0 \u00a0 \u00a0 \u00a0 \u00a0 \u00a0\u00a0<span>L&#8217;internat comprend <\/span><span>\u00a0le petit d\u00e9jeuner, le d\u00e9jeuner, le go\u00fbter et le repas du soir, ainsi que les diff\u00e9rentes activit\u00e9s propos\u00e9es aux internes.<\/span><\/span><\/li>\n<\/ul>\n<ul>\n<li><span style=\"font-family: ABeeZee; color: #001144;\"><span style=\"text-decoration: underline;\"><strong>DEMI -PENSION<\/strong>\u00a0<\/span>: forfait mensuel 4 jours (63.7o \u20ac)\u00a0 ou 5 jours ( 73.50 \u20ac)\u00a0 \u00a0\u00a0<em>Tarifs susceptibles de modifications \u00e0 la rentr\u00e9e 2024<\/em><\/span><\/li>\n<li><span style=\"color: #001144;\"><span style=\"font-family: ABeeZee;\">Les dossiers de <span style=\"text-decoration: underline;\"><strong>BOURSES<\/strong><\/span>\u00a0sont \u00e0 ramener au secr\u00e9tariat dans les d\u00e9lais indiqu\u00e9s<\/span>.<\/span><\/li>\n<\/ul>\n<p>[\/et_pb_text][\/et_pb_column][\/et_pb_row][\/et_pb_section][et_pb_section fb_built=\u00bb1&#8243; admin_label=\u00bbsection\u00bb _builder_version=\u00bb3.0.47&#8243;][et_pb_row admin_label=\u00bbrow\u00bb _builder_version=\u00bb3.0.47&#8243; background_size=\u00bbinitial\u00bb background_position=\u00bbtop_left\u00bb background_repeat=\u00bbrepeat\u00bb][et_pb_column type=\u00bb4_4&#8243; _builder_version=\u00bb3.0.47&#8243; parallax=\u00bboff\u00bb parallax_method=\u00bbon\u00bb][et_pb_slider _builder_version=\u00bb3.0.84&#8243;][et_pb_slide heading=\u00bbTarifs et bourses\u00bb use_bg_overlay=\u00bbon\u00bb use_text_overlay=\u00bboff\u00bb _builder_version=\u00bb3.0.84&#8243; header_level=\u00bbh1&#8243; header_font=\u00bb||||||||\u00bb body_font=\u00bb||||||||\u00bb background_image=\u00bbhttp:\/\/saintemariemayorga64220.fr\/wp-content\/uploads\/2014\/10\/credit-card-2308179_1920.jpg\u00bb custom_button=\u00bboff\u00bb button_icon_placement=\u00bbright\u00bb button_on_hover=\u00bbon\u00bb][\/et_pb_slide][\/et_pb_slider][et_pb_text admin_label=\u00bbText\u00bb _builder_version=\u00bb3.0.84&#8243; background_size=\u00bbinitial\u00bb background_position=\u00bbtop_left\u00bb background_repeat=\u00bbrepeat\u00bb inline_fonts=\u00bbABeeZee\u00bb]<\/p>\n<p><strong><u>ESKOLATZEA\u00a0<\/u><\/strong>: familia-kozientearen arabera: 21\u00a0\u20ac, 28\u00a0\u20ac edo 34.5\u00a0\u20ac hilabeteka<\/p>\n<p><strong><u>BARNETEGIA\u00a0<\/u><\/strong>: 240\u00a0\u20ac hilabeteka.<\/p>\n<p>Barnetegiak barne hartzen ditu gosaria, bazkaria, askaria eta afaria, bai eta barnetegiko ikasleei proposatzen zaizkien jarduerak.<\/p>\n<p><strong><u>MANTENU ERDIA<\/u><\/strong><u>\u00a0<\/u>: 4 eguneko prezio finkoa (63.70\u00a0\u20ac), edo 5 egunekoa (73.50\u00a0\u20ac)<\/p>\n<p><em>2018ko sartzean, tarifak alda daitezke<\/em><\/p>\n<p><strong><u>BEKA<\/u><\/strong>\u00a0: dosierrak idazkaritzara itzuli behar dira, aipatu epeetan.<\/p>\n<p>&nbsp;<\/p>\n<p>[\/et_pb_text][\/et_pb_column][\/et_pb_row][\/et_pb_section][et_pb_section fb_built=\u00bb1&#8243; admin_label=\u00bbsection\u00bb _builder_version=\u00bb3.0.47&#8243;][et_pb_row admin_label=\u00bbrow\u00bb _builder_version=\u00bb3.0.47&#8243; background_size=\u00bbinitial\u00bb background_position=\u00bbtop_left\u00bb background_repeat=\u00bbrepeat\u00bb][et_pb_column type=\u00bb4_4&#8243; _builder_version=\u00bb3.0.47&#8243; parallax=\u00bboff\u00bb parallax_method=\u00bbon\u00bb][et_pb_slider _builder_version=\u00bb3.0.84&#8243;][et_pb_slide heading=\u00bbTarifs et bourses\u00bb use_bg_overlay=\u00bbon\u00bb use_text_overlay=\u00bboff\u00bb _builder_version=\u00bb3.0.84&#8243; header_level=\u00bbh1&#8243; header_font=\u00bb||||||||\u00bb body_font=\u00bb||||||||\u00bb background_image=\u00bbhttp:\/\/saintemariemayorga64220.fr\/wp-content\/uploads\/2014\/10\/credit-card-2308179_1920.jpg\u00bb custom_button=\u00bboff\u00bb button_icon_placement=\u00bbright\u00bb button_on_hover=\u00bbon\u00bb][\/et_pb_slide][\/et_pb_slider][et_pb_text admin_label=\u00bbText\u00bb _builder_version=\u00bb3.0.84&#8243; background_size=\u00bbinitial\u00bb background_position=\u00bbtop_left\u00bb background_repeat=\u00bbrepeat\u00bb inline_fonts=\u00bbABeeZee\u00bb]<\/p>\n<p>CUOTA MENSUAL DE ESCOLARIDAD: 21, 28 \u00f3 34,5 \u20ac\/mes seg\u00fan el cociente familiar.<\/p>\n<p>INTERNADO: 240 \u20ac\/mes.<\/p>\n<p>El internado incluye el desayuno, la comida, merienda y cena as\u00ed como las distintas actividades para los alumnos internos.<\/p>\n<p>Media pensi\u00f3n: cuota mensual 4 d\u00edas (63,70 \u20ac) o 5 d\u00edas (73,50 \u20ac)<\/p>\n<p>Tarifas sujetas a cambios para el inicio del curso de 2018<\/p>\n<p>Los formularios de solicitud de BECAS deber\u00e1n entregarse a la secretar\u00eda en el plazo especificado.<\/p>\n<p>[\/et_pb_text][\/et_pb_column][\/et_pb_row][\/et_pb_section]<\/p>\n","protected":false},"excerpt":{"rendered":"<p>[et_pb_section fb_built=\u00bb1&#8243; admin_label=\u00bbsection\u00bb _builder_version=\u00bb3.0.47&#8243;][et_pb_row admin_label=\u00bbrow\u00bb _builder_version=\u00bb3.0.47&#8243; background_size=\u00bbinitial\u00bb background_position=\u00bbtop_left\u00bb background_repeat=\u00bbrepeat\u00bb][et_pb_column type=\u00bb4_4&#8243; _builder_version=\u00bb3.0.47&#8243; parallax=\u00bboff\u00bb parallax_method=\u00bbon\u00bb][et_pb_slider _builder_version=\u00bb3.0.84&#8243;][et_pb_slide heading=\u00bbTarifs et bourses\u00bb use_bg_overlay=\u00bbon\u00bb use_text_overlay=\u00bboff\u00bb _builder_version=\u00bb3.0.84&#8243; header_level=\u00bbh1&#8243; header_font=\u00bb||||||||\u00bb body_font=\u00bb||||||||\u00bb background_image=\u00bbhttp:\/\/saintemariemayorga64220.fr\/wp-content\/uploads\/2014\/10\/credit-card-2308179_1920.jpg\u00bb custom_button=\u00bboff\u00bb button_icon_placement=\u00bbright\u00bb button_on_hover=\u00bbon\u00bb][\/et_pb_slide][\/et_pb_slider][et_pb_text admin_label=\u00bbText\u00bb _builder_version=\u00bb3.0.47&#8243; background_size=\u00bbinitial\u00bb background_position=\u00bbtop_left\u00bb background_repeat=\u00bbrepeat\u00bb inline_fonts=\u00bbABeeZee\u00bb] SCOLARITE : en fonction du quotient familial : 23.3, 31 et 38.10 \u20ac par mois INTERNAT :\u00a0\u00a0\u00a0 352 \u20ac par mois.\u00a0 \u00a0 [&hellip;]<\/p>\n","protected":false},"author":1,"featured_media":0,"parent":36,"menu_order":4,"comment_status":"closed","ping_status":"open","template":"","meta":{"spay_email":""},"jetpack_sharing_enabled":true,"jetpack_shortlink":"https:\/\/wp.me\/P9jAgw-14","jetpack_likes_enabled":true,"jetpack-related-posts":[{"id":74,"url":"https:\/\/saintemariemayorga64220.fr\/es\/college-jean-de-mayorga\/mayorga-pratique\/renseignements-pratiques\/cantin\/","url_meta":{"origin":66,"position":0},"title":"Comedor","date":"26 de octubre de 2014","format":false,"excerpt":" [et_pb_slide heading=\"Comedor\" use_bg_overlay=\"on\" use_text_overlay=\"off\" _builder_version=\"3.0.84\" header_level=\"h1\" header_font=\"||||||||\" body_font=\"||||||||\" background_image=\"http:\/\/saintemariemayorga64220.fr\/wp-content\/uploads\/2014\/10\/background-1239436_1920.jpg\" custom_button=\"off\" button_icon_placement=\"right\" button_on_hover=\"on\" background_color=\"#ffffff\" use_background_color_gradient=\"off\" background_color_gradient_start=\"#2b87da\" background_color_gradient_end=\"#29c4a9\" background_color_gradient_type=\"linear\" background_color_gradient_direction=\"180deg\" background_color_gradient_direction_radial=\"center\" background_color_gradient_start_position=\"0%\" background_color_gradient_end_position=\"100%\" parallax=\"off\" parallax_method=\"on\" background_size=\"cover\" background_position=\"center\" background_repeat=\"no-repeat\" background_blend=\"normal\" allow_player_pause=\"off\" text_border_radius=\"3\" alignment=\"center\"\u2026","rel":"","context":"Entrada similar","img":{"alt_text":"","src":"","width":0,"height":0},"classes":[]},{"id":2052,"url":"https:\/\/saintemariemayorga64220.fr\/es\/modules\/","url_meta":{"origin":66,"position":1},"title":"Modules","date":"26 de noviembre de 2025","format":false,"excerpt":"[et_pb_slide heading=\"Une poule sur un mur\" button_text=\"Voir les r\u00e9sultats\u2026","rel":"","context":"Entrada similar","img":{"alt_text":"","src":"https:\/\/i0.wp.com\/saintemariemayorga64220.fr\/wp-content\/uploads\/2020\/04\/10-225x300.jpg?resize=350%2C200&ssl=1","width":350,"height":200},"classes":[]},{"id":68,"url":"https:\/\/saintemariemayorga64220.fr\/es\/college-jean-de-mayorga\/mayorga-pratique\/renseignements-pratiques\/transports-scolaires\/","url_meta":{"origin":66,"position":2},"title":"Transporte escolar","date":"26 de octubre de 2014","format":false,"excerpt":" [et_pb_slide _builder_version=\"3.0.84\" heading=\"Transports scolaires\" use_background_color_gradient=\"off\" background_color_gradient_start=\"#2b87da\" background_color_gradient_end=\"#29c4a9\" background_color_gradient_type=\"linear\" background_color_gradient_direction=\"180deg\" background_color_gradient_direction_radial=\"center\" background_color_gradient_start_position=\"0%\" background_color_gradient_end_position=\"100%\" background_image=\"http:\/\/saintemariemayorga64220.fr\/wp-content\/uploads\/2014\/10\/auto-2583303_1920.jpg\" parallax=\"off\" parallax_method=\"on\" background_size=\"cover\" background_position=\"center\" background_repeat=\"no-repeat\" background_blend=\"normal\" allow_player_pause=\"off\" use_bg_overlay=\"on\" use_text_overlay=\"off\" text_border_radius=\"3\" alignment=\"center\" background_layout=\"dark\" header_level=\"h1\" header_font=\"||||||||\" header_font_size=\"65\" header_font_size_tablet=\"65\" header_font_size_phone=\"65\" body_font=\"||||||||\" custom_button=\"off\" button_bg_use_color_gradient=\"off\" button_bg_color_gradient_start=\"#2b87da\" button_bg_color_gradient_end=\"#29c4a9\" button_bg_color_gradient_type=\"linear\"\u2026","rel":"","context":"Entrada similar","img":{"alt_text":"","src":"","width":0,"height":0},"classes":[]},{"id":72,"url":"https:\/\/saintemariemayorga64220.fr\/es\/college-jean-de-mayorga\/mayorga-pratique\/renseignements-pratiques\/etude-du-soir\/","url_meta":{"origin":66,"position":3},"title":"Permanencia por la tarde","date":"26 de octubre de 2014","format":false,"excerpt":" [et_pb_slide heading=\"Permanencia por la tarde\" use_bg_overlay=\"on\" use_text_overlay=\"off\" _builder_version=\"3.0.84\" header_level=\"h1\" header_font=\"||||||||\" body_font=\"||||||||\" background_image=\"http:\/\/saintemariemayorga64220.fr\/wp-content\/uploads\/2014\/10\/books-2158737_1920.jpg\" custom_button=\"off\" button_icon_placement=\"right\" button_on_hover=\"on\" background_color=\"#ffffff\" header_font_size=\"45px\" use_background_color_gradient=\"off\" background_color_gradient_start=\"#2b87da\" background_color_gradient_end=\"#29c4a9\" background_color_gradient_type=\"linear\" background_color_gradient_direction=\"180deg\" background_color_gradient_direction_radial=\"center\" background_color_gradient_start_position=\"0%\" background_color_gradient_end_position=\"100%\" parallax=\"off\" parallax_method=\"on\" background_size=\"cover\" background_position=\"center\" background_repeat=\"no-repeat\" background_blend=\"normal\"\u2026","rel":"","context":"Entrada similar","img":{"alt_text":"","src":"","width":0,"height":0},"classes":[]},{"id":62,"url":"https:\/\/saintemariemayorga64220.fr\/es\/college-jean-de-mayorga\/mayorga-pratique\/renseignements-pratiques\/inscriptions\/","url_meta":{"origin":66,"position":4},"title":"Inscripci\u00f3n","date":"26 de octubre de 2014","format":false,"excerpt":"[et_pb_section fb_built=\"1\"\u2026","rel":"","context":"Entrada similar","img":{"alt_text":"","src":"","width":0,"height":0},"classes":[]},{"id":64,"url":"https:\/\/saintemariemayorga64220.fr\/es\/college-jean-de-mayorga\/mayorga-pratique\/renseignements-pratiques\/horaires\/","url_meta":{"origin":66,"position":5},"title":"Horarios","date":"26 de octubre de 2014","format":false,"excerpt":"[et_pb_slider\u2026","rel":"","context":"Entrada similar","img":{"alt_text":"","src":"","width":0,"height":0},"classes":[]}],"_links":{"self":[{"href":"https:\/\/saintemariemayorga64220.fr\/es\/wp-json\/wp\/v2\/pages\/66"}],"collection":[{"href":"https:\/\/saintemariemayorga64220.fr\/es\/wp-json\/wp\/v2\/pages"}],"about":[{"href":"https:\/\/saintemariemayorga64220.fr\/es\/wp-json\/wp\/v2\/types\/page"}],"author":[{"embeddable":true,"href":"https:\/\/saintemariemayorga64220.fr\/es\/wp-json\/wp\/v2\/users\/1"}],"replies":[{"embeddable":true,"href":"https:\/\/saintemariemayorga64220.fr\/es\/wp-json\/wp\/v2\/comments?post=66"}],"version-history":[{"count":15,"href":"https:\/\/saintemariemayorga64220.fr\/es\/wp-json\/wp\/v2\/pages\/66\/revisions"}],"predecessor-version":[{"id":1970,"href":"https:\/\/saintemariemayorga64220.fr\/es\/wp-json\/wp\/v2\/pages\/66\/revisions\/1970"}],"up":[{"embeddable":true,"href":"https:\/\/saintemariemayorga64220.fr\/es\/wp-json\/wp\/v2\/pages\/36"}],"wp:attachment":[{"href":"https:\/\/saintemariemayorga64220.fr\/es\/wp-json\/wp\/v2\/media?parent=66"}],"curies":[{"name":"wp","href":"https:\/\/api.w.org\/{rel}","templated":true}]}}