{"id":666,"date":"2015-10-23T12:08:46","date_gmt":"2015-10-23T11:08:46","guid":{"rendered":"http:\/\/saintemariemayorga64220.fr\/?page_id=666"},"modified":"2015-10-23T14:23:38","modified_gmt":"2015-10-23T13:23:38","slug":"inscriptionscontact","status":"publish","type":"page","link":"https:\/\/saintemariemayorga64220.fr\/es\/ecole-sainte-marie\/infos-pratiques\/inscriptionscontact\/","title":{"rendered":"Inscriptions\/Contact"},"content":{"rendered":"<p>L&#8217;\u00e9cole Sainte Marie accueille\u00a0vos enfants \u00e0 tout moment de l&#8217;ann\u00e9e de la toute petite section au CM2, en fili\u00e8re bilingue ou monolingue.<\/p>\n<p>Pour cela, n&#8217;h\u00e9sitez pas \u00e0 prendre rendez-vous avec Mme INDART, chef d&#8217;\u00e9tablissement de l&#8217;\u00e9cole, via le secr\u00e9tariat:<\/p>\n<p>-par t\u00e9l\u00e9phone: \u00a005.59.37.03.35<\/p>\n<p>-par mail : secretariat.mayorga@wanadoo.fr<\/p>\n","protected":false},"excerpt":{"rendered":"<p>L&#8217;\u00e9cole Sainte Marie accueille\u00a0vos enfants \u00e0 tout moment de l&#8217;ann\u00e9e de la toute petite section au CM2, en fili\u00e8re bilingue ou monolingue. Pour cela, n&#8217;h\u00e9sitez pas \u00e0 prendre rendez-vous avec Mme INDART, chef d&#8217;\u00e9tablissement de l&#8217;\u00e9cole, via le secr\u00e9tariat: -par t\u00e9l\u00e9phone: \u00a005.59.37.03.35 -par mail : secretariat.mayorga@wanadoo.fr<\/p>\n","protected":false},"author":1,"featured_media":0,"parent":89,"menu_order":1,"comment_status":"closed","ping_status":"closed","template":"","meta":{"spay_email":""},"jetpack_sharing_enabled":true,"jetpack_shortlink":"https:\/\/wp.me\/P9jAgw-aK","jetpack_likes_enabled":true,"jetpack-related-posts":[{"id":129,"url":"https:\/\/saintemariemayorga64220.fr\/es\/mentions-legales\/","url_meta":{"origin":666,"position":0},"title":"Mentions L\u00e9gales","date":"28 de octubre de 2014","format":false,"excerpt":"1. Pr\u00e9sentation du site. En vertu de l\u2019article 6 de la loi n\u00b0 2004-575 du 21 juin 2004 pour la confiance dans l\u2019\u00e9conomie num\u00e9rique, il est pr\u00e9cis\u00e9 aux utilisateurs du site www.mayorgasaintemarie.fr l\u2019identit\u00e9 des diff\u00e9rents intervenants dans le cadre de sa r\u00e9alisation et de son suivi : Propri\u00e9taire : Ecole\u2026","rel":"","context":"Entrada similar","img":{"alt_text":"","src":"","width":0,"height":0},"classes":[]},{"id":1058,"url":"https:\/\/saintemariemayorga64220.fr\/es\/ensemble-scolaire\/","url_meta":{"origin":666,"position":1},"title":"El centro escolar","date":"18 de enero de 2017","format":false,"excerpt":"[et_pb_accordion open_toggle_text_color=\"#020202\" open_toggle_background_color=\"#ffffff\" closed_toggle_text_color=\"#020202\" closed_toggle_background_color=\"#b5b5b5\" _builder_version=\"3.0.84\" body_font=\"||||||||\" toggle_font=\"|800|||||||\" toggle_text_align=\"left\" toggle_font_size=\"24px\" toggle_text_color=\"#ffffff\"\u2026","rel":"","context":"Entrada similar","img":{"alt_text":"","src":"","width":0,"height":0},"classes":[]},{"id":1818,"url":"https:\/\/saintemariemayorga64220.fr\/es\/ecole-sainte-marie\/notre-chaine-youtube\/notre-chaine-youtube\/","url_meta":{"origin":666,"position":2},"title":"(Fran\u00e7ais) Notre cha\u00eene YouTube","date":"07 de abril de 2020","format":false,"excerpt":"Disculpa, pero esta entrada est\u00e1 disponible s\u00f3lo en Franc\u00e9s.","rel":"","context":"Entrada similar","img":{"alt_text":"","src":"","width":0,"height":0},"classes":[]},{"id":105,"url":"https:\/\/saintemariemayorga64220.fr\/es\/ecole-sainte-marie\/projets\/projet-decole\/","url_meta":{"origin":666,"position":3},"title":"Projet d&#8217;\u00e9cole","date":"26 de octubre de 2014","format":false,"excerpt":"Le projet d'\u00e9cole s'articule sur 3 ans en lien avec le projet pastoral et \u00e9ducatif. L'\u00e9quipe p\u00e9dagogique a travaill\u00e9 sur ce projet en partant des constats et des besoins des \u00e9l\u00e8ves. Le projet d'\u00e9cole 2014-2017 : LES TICE AU SERVICE DES APPRENTISSAGES Ann\u00e9e 2014\/2015 : cr\u00e9ation d'un journal d'\u00e9cole Ann\u00e9e\u2026","rel":"","context":"Entrada similar","img":{"alt_text":"","src":"","width":0,"height":0},"classes":[]},{"id":719,"url":"https:\/\/saintemariemayorga64220.fr\/es\/ecole-sainte-marie\/une-ecole-au-rythme-de-lenfant\/","url_meta":{"origin":666,"position":4},"title":"AU RYTHME DE L&#8217;ENFANT&#8230;","date":"24 de octubre de 2015","format":false,"excerpt":"L'\u00e9cole propose un rythme favorable au bon d\u00e9veloppement de\u2026","rel":"","context":"Entrada similar","img":{"alt_text":"","src":"","width":0,"height":0},"classes":[]},{"id":670,"url":"https:\/\/saintemariemayorga64220.fr\/es\/ecole-sainte-marie\/infos-pratiques\/horairesgarderieetude\/","url_meta":{"origin":666,"position":5},"title":"HORAIRES\/GARDERIE\/ETUDE","date":"23 de octubre de 2015","format":false,"excerpt":"L'\u00e9cole fonctionne toujours sur 4 jours : Lundi, mardi, jeudi et vendredi. Horaires des cours: 8h30-11h30 \u00a0\/ \u00a013h30-16h30 L'\u00e9cole vous propose des services GRATUITS comme: LA GARDERIE: \u00e0 partir de 7h45 le matin, jusqu'\u00e0 12h, et le soir jusqu'\u00e0 18h30. L'ETUDE : les lundis et jeudis soir de 16h45 \u00e0\u2026","rel":"","context":"Entrada similar","img":{"alt_text":"","src":"","width":0,"height":0},"classes":[]}],"_links":{"self":[{"href":"https:\/\/saintemariemayorga64220.fr\/es\/wp-json\/wp\/v2\/pages\/666"}],"collection":[{"href":"https:\/\/saintemariemayorga64220.fr\/es\/wp-json\/wp\/v2\/pages"}],"about":[{"href":"https:\/\/saintemariemayorga64220.fr\/es\/wp-json\/wp\/v2\/types\/page"}],"author":[{"embeddable":true,"href":"https:\/\/saintemariemayorga64220.fr\/es\/wp-json\/wp\/v2\/users\/1"}],"replies":[{"embeddable":true,"href":"https:\/\/saintemariemayorga64220.fr\/es\/wp-json\/wp\/v2\/comments?post=666"}],"version-history":[{"count":3,"href":"https:\/\/saintemariemayorga64220.fr\/es\/wp-json\/wp\/v2\/pages\/666\/revisions"}],"predecessor-version":[{"id":699,"href":"https:\/\/saintemariemayorga64220.fr\/es\/wp-json\/wp\/v2\/pages\/666\/revisions\/699"}],"up":[{"embeddable":true,"href":"https:\/\/saintemariemayorga64220.fr\/es\/wp-json\/wp\/v2\/pages\/89"}],"wp:attachment":[{"href":"https:\/\/saintemariemayorga64220.fr\/es\/wp-json\/wp\/v2\/media?parent=666"}],"curies":[{"name":"wp","href":"https:\/\/api.w.org\/{rel}","templated":true}]}}