{"id":1010,"date":"2016-11-28T12:36:52","date_gmt":"2016-11-28T11:36:52","guid":{"rendered":"http:\/\/saintemariemayorga64220.fr\/?page_id=1010"},"modified":"2018-03-22T14:56:57","modified_gmt":"2018-03-22T13:56:57","slug":"restauration","status":"publish","type":"page","link":"https:\/\/saintemariemayorga64220.fr\/eu\/restauration\/","title":{"rendered":"RESTAURATION"},"content":{"rendered":"<p><\/p>\n<p style=\"text-align: center;\">Retrouvez ici les menus de la p\u00e9riode en cliquant sur l&#8217;image&#8230;<\/p>\n<p style=\"text-align: center;\"><strong><span style=\"color: #3366ff;\">MENUS DU MIDI&#8230;<\/span><\/strong><\/p>\n<p style=\"text-align: center;\"><a href=\"http:\/\/saintemariemayorga64220.fr\/wp-content\/uploads\/2016\/11\/SC-Saint-jean-pied-de-porc-Mayorga-janv-fev-2017-VALIDES.pdf\"><img data-attachment-id=\"1103\" data-permalink=\"https:\/\/saintemariemayorga64220.fr\/eu\/restauration\/bandeau-cantine\/\" data-orig-file=\"https:\/\/i0.wp.com\/saintemariemayorga64220.fr\/wp-content\/uploads\/2016\/11\/Bandeau-cantine.jpg?fit=668%2C280&amp;ssl=1\" data-orig-size=\"668,280\" data-comments-opened=\"0\" data-image-meta=\"{&quot;aperture&quot;:&quot;0&quot;,&quot;credit&quot;:&quot;&quot;,&quot;camera&quot;:&quot;&quot;,&quot;caption&quot;:&quot;&quot;,&quot;created_timestamp&quot;:&quot;0&quot;,&quot;copyright&quot;:&quot;&quot;,&quot;focal_length&quot;:&quot;0&quot;,&quot;iso&quot;:&quot;0&quot;,&quot;shutter_speed&quot;:&quot;0&quot;,&quot;title&quot;:&quot;&quot;,&quot;orientation&quot;:&quot;1&quot;}\" data-image-title=\"Bandeau cantine\" data-image-description=\"\" data-image-caption=\"\" data-medium-file=\"https:\/\/i0.wp.com\/saintemariemayorga64220.fr\/wp-content\/uploads\/2016\/11\/Bandeau-cantine.jpg?fit=300%2C126&amp;ssl=1\" data-large-file=\"https:\/\/i0.wp.com\/saintemariemayorga64220.fr\/wp-content\/uploads\/2016\/11\/Bandeau-cantine.jpg?fit=668%2C280&amp;ssl=1\" loading=\"lazy\" class=\"alignnone wp-image-1103 aligncenter\" src=\"https:\/\/i0.wp.com\/saintemariemayorga64220.fr\/wp-content\/uploads\/2016\/11\/Bandeau-cantine-300x126.jpg?resize=307%2C129\" alt=\"\" width=\"307\" height=\"129\" srcset=\"https:\/\/i0.wp.com\/saintemariemayorga64220.fr\/wp-content\/uploads\/2016\/11\/Bandeau-cantine.jpg?resize=300%2C126&amp;ssl=1 300w, https:\/\/i0.wp.com\/saintemariemayorga64220.fr\/wp-content\/uploads\/2016\/11\/Bandeau-cantine.jpg?w=668&amp;ssl=1 668w\" sizes=\"(max-width: 307px) 100vw, 307px\" data-recalc-dims=\"1\" \/><\/a><\/p>\n<p style=\"text-align: center;\"><strong><span style=\"color: #3366ff;\">MENUS DU SOIR POUR LES INTERNES&#8230;<\/span><\/strong><\/p>\n<p><a href=\"http:\/\/saintemariemayorga64220.fr\/wp-content\/uploads\/2016\/11\/Menus-INTERNAT-Saint-jean-pied-de-porc-Mayorga-janv-fev-2017-valides.pdf\"><img data-attachment-id=\"1106\" data-permalink=\"https:\/\/saintemariemayorga64220.fr\/eu\/restauration\/k13147396\/\" data-orig-file=\"https:\/\/i0.wp.com\/saintemariemayorga64220.fr\/wp-content\/uploads\/2016\/11\/k13147396.jpg?fit=135%2C170&amp;ssl=1\" data-orig-size=\"135,170\" data-comments-opened=\"0\" data-image-meta=\"{&quot;aperture&quot;:&quot;0&quot;,&quot;credit&quot;:&quot;&quot;,&quot;camera&quot;:&quot;&quot;,&quot;caption&quot;:&quot;&quot;,&quot;created_timestamp&quot;:&quot;0&quot;,&quot;copyright&quot;:&quot;&quot;,&quot;focal_length&quot;:&quot;0&quot;,&quot;iso&quot;:&quot;0&quot;,&quot;shutter_speed&quot;:&quot;0&quot;,&quot;title&quot;:&quot;&quot;,&quot;orientation&quot;:&quot;0&quot;}\" data-image-title=\"k13147396\" data-image-description=\"\" data-image-caption=\"\" data-medium-file=\"https:\/\/i0.wp.com\/saintemariemayorga64220.fr\/wp-content\/uploads\/2016\/11\/k13147396.jpg?fit=135%2C170&amp;ssl=1\" data-large-file=\"https:\/\/i0.wp.com\/saintemariemayorga64220.fr\/wp-content\/uploads\/2016\/11\/k13147396.jpg?fit=135%2C170&amp;ssl=1\" loading=\"lazy\" class=\"size-full wp-image-1106 aligncenter\" src=\"https:\/\/i0.wp.com\/saintemariemayorga64220.fr\/wp-content\/uploads\/2016\/11\/k13147396.jpg?resize=135%2C170\" alt=\"\" width=\"135\" height=\"170\" data-recalc-dims=\"1\" \/><\/a><\/p>","protected":false},"excerpt":{"rendered":"<p>Retrouvez ici les menus de la p\u00e9riode en cliquant sur l&#8217;image&#8230; MENUS DU MIDI&#8230; MENUS DU SOIR POUR LES INTERNES&#8230;<\/p>\n","protected":false},"author":1,"featured_media":0,"parent":0,"menu_order":0,"comment_status":"closed","ping_status":"closed","template":"","meta":{"spay_email":""},"jetpack_sharing_enabled":true,"jetpack_shortlink":"https:\/\/wp.me\/P9jAgw-gi","jetpack_likes_enabled":true,"jetpack-related-posts":[{"id":74,"url":"https:\/\/saintemariemayorga64220.fr\/eu\/college-jean-de-mayorga\/mayorga-pratique\/renseignements-pratiques\/cantin\/","url_meta":{"origin":1010,"position":0},"title":"Jangela","date":"2014 October 26, Sunday","format":false,"excerpt":" Ikus tarifak eta baldintzak Tarifak erlaitzean. Eskolak eta kolegioak sukaldari bat badute. Horrek\u2026","rel":"","context":"Similar post","img":{"alt_text":"","src":"","width":0,"height":0},"classes":[]},{"id":1058,"url":"https:\/\/saintemariemayorga64220.fr\/eu\/ensemble-scolaire\/","url_meta":{"origin":1010,"position":1},"title":"Ikastetxea","date":"2017 January 18, Wednesday","format":false,"excerpt":"[et_pb_accordion open_toggle_text_color=\"#020202\" open_toggle_background_color=\"#ffffff\" closed_toggle_text_color=\"#020202\" closed_toggle_background_color=\"#b5b5b5\" _builder_version=\"3.0.84\" body_font=\"||||||||\" toggle_font=\"|800|||||||\" toggle_text_align=\"left\" toggle_font_size=\"24px\" toggle_text_color=\"#ffffff\"\u2026","rel":"","context":"Similar post","img":{"alt_text":"","src":"","width":0,"height":0},"classes":[]},{"id":814,"url":"https:\/\/saintemariemayorga64220.fr\/eu\/la-presse-en-parle\/","url_meta":{"origin":1010,"position":2},"title":"La presse en parle&#8230;","date":"2016 January 28, Thursday","format":false,"excerpt":"[et_pb_cta title=\"Semaine du go\u00fbt \u00e0 l'\u00e9cole Sainte Marie\u2026","rel":"","context":"Similar post","img":{"alt_text":"","src":"https:\/\/i0.wp.com\/bpsgm.fr\/wp-content\/uploads\/2015\/06\/eleves.png?resize=350%2C200","width":350,"height":200},"classes":[]},{"id":68,"url":"https:\/\/saintemariemayorga64220.fr\/eu\/college-jean-de-mayorga\/mayorga-pratique\/renseignements-pratiques\/transports-scolaires\/","url_meta":{"origin":1010,"position":3},"title":"Transports scolaires","date":"2014 October 26, Sunday","format":false,"excerpt":" [et_pb_slide _builder_version=\"3.0.84\" heading=\"Transports scolaires\" use_background_color_gradient=\"off\" background_color_gradient_start=\"#2b87da\" background_color_gradient_end=\"#29c4a9\" background_color_gradient_type=\"linear\" background_color_gradient_direction=\"180deg\" background_color_gradient_direction_radial=\"center\" background_color_gradient_start_position=\"0%\" background_color_gradient_end_position=\"100%\" background_image=\"http:\/\/saintemariemayorga64220.fr\/wp-content\/uploads\/2014\/10\/auto-2583303_1920.jpg\" parallax=\"off\" parallax_method=\"on\" background_size=\"cover\" background_position=\"center\" background_repeat=\"no-repeat\" background_blend=\"normal\" allow_player_pause=\"off\" use_bg_overlay=\"on\" use_text_overlay=\"off\" text_border_radius=\"3\" alignment=\"center\" background_layout=\"dark\" header_level=\"h1\" header_font=\"||||||||\" header_font_size=\"65\" header_font_size_tablet=\"65\" header_font_size_phone=\"65\" body_font=\"||||||||\" custom_button=\"off\" button_bg_use_color_gradient=\"off\" button_bg_color_gradient_start=\"#2b87da\" button_bg_color_gradient_end=\"#29c4a9\" button_bg_color_gradient_type=\"linear\"\u2026","rel":"","context":"Similar post","img":{"alt_text":"","src":"","width":0,"height":0},"classes":[]},{"id":805,"url":"https:\/\/saintemariemayorga64220.fr\/eu\/lhistorique\/","url_meta":{"origin":1010,"position":4},"title":"Historia","date":"2016 January 28, Thursday","format":false,"excerpt":"L\u2019ensemble scolaire Sainte Marie \u2013 Mayorga\u00a0se trouve \u00e0 St Jean Pied de Port, village\u00a0des Pyr\u00e9n\u00e9es Atlantiques.\u00a0Capitale de la Basse Navarre, St Jean Pied de Port doit ce vocable \u00e0 sa situation au pied du \u00ab\u00a0port\u00a0\u00bb ou \u00ab\u00a0col\u00a0\u00bb de Ronceveaux (col\u2026","rel":"","context":"Similar post","img":{"alt_text":"","src":"","width":0,"height":0},"classes":[]},{"id":959,"url":"https:\/\/saintemariemayorga64220.fr\/eu\/retrouver-toutes-actualites-compte-facebook\/","url_meta":{"origin":1010,"position":5},"title":"Retrouver toutes les actualit\u00e9s sur notre compte Facebook","date":"2016 June 11, Saturday","format":false,"excerpt":"","rel":"","context":"Similar post","img":{"alt_text":"","src":"","width":0,"height":0},"classes":[]}],"_links":{"self":[{"href":"https:\/\/saintemariemayorga64220.fr\/eu\/wp-json\/wp\/v2\/pages\/1010"}],"collection":[{"href":"https:\/\/saintemariemayorga64220.fr\/eu\/wp-json\/wp\/v2\/pages"}],"about":[{"href":"https:\/\/saintemariemayorga64220.fr\/eu\/wp-json\/wp\/v2\/types\/page"}],"author":[{"embeddable":true,"href":"https:\/\/saintemariemayorga64220.fr\/eu\/wp-json\/wp\/v2\/users\/1"}],"replies":[{"embeddable":true,"href":"https:\/\/saintemariemayorga64220.fr\/eu\/wp-json\/wp\/v2\/comments?post=1010"}],"version-history":[{"count":6,"href":"https:\/\/saintemariemayorga64220.fr\/eu\/wp-json\/wp\/v2\/pages\/1010\/revisions"}],"predecessor-version":[{"id":1537,"href":"https:\/\/saintemariemayorga64220.fr\/eu\/wp-json\/wp\/v2\/pages\/1010\/revisions\/1537"}],"wp:attachment":[{"href":"https:\/\/saintemariemayorga64220.fr\/eu\/wp-json\/wp\/v2\/media?parent=1010"}],"curies":[{"name":"wp","href":"https:\/\/api.w.org\/{rel}","templated":true}]}}