{"id":1058,"date":"2017-01-18T14:32:28","date_gmt":"2017-01-18T13:32:28","guid":{"rendered":"http:\/\/saintemariemayorga64220.fr\/?page_id=1058"},"modified":"2025-12-26T07:18:49","modified_gmt":"2025-12-26T06:18:49","slug":"ensemble-scolaire","status":"publish","type":"page","link":"https:\/\/saintemariemayorga64220.fr\/eu\/ensemble-scolaire\/","title":{"rendered":"Ikastetxea"},"content":{"rendered":"<p>[et_pb_section fb_built=&#8221;1&#8243; admin_label=&#8221;section&#8221; _builder_version=&#8221;3.0.84&#8243; custom_padding=&#8221;20px|0px|35px|0px&#8221; box_shadow_style=&#8221;preset6&#8243; box_shadow_horizontal=&#8221;80px&#8221; box_shadow_vertical=&#8221;80px&#8221; box_shadow_blur=&#8221;38px&#8221; box_shadow_spread=&#8221;35px&#8221;][et_pb_row custom_padding=&#8221;32px|0px|25px|0px&#8221; _builder_version=&#8221;3.0.84&#8243;][et_pb_column type=&#8221;4_4&#8243; _builder_version=&#8221;3.0.84&#8243; parallax=&#8221;off&#8221; parallax_method=&#8221;on&#8221;][et_pb_text _builder_version=&#8221;3.0.84&#8243; text_font=&#8221;||||||||&#8221; text_font_size=&#8221;16px&#8221; header_font=&#8221;Carter One||||||||&#8221; header_font_size=&#8221;50px&#8221; text_orientation=&#8221;center&#8221;]<\/p>\n<h1><strong>Ensemble scolaire<\/strong><\/h1>\n<p>[\/et_pb_text][\/et_pb_column][\/et_pb_row][\/et_pb_section][et_pb_section fb_built=&#8221;1&#8243; _builder_version=&#8221;3.0.84&#8243; custom_padding=&#8221;29px|0px|54px|0px&#8221;][et_pb_row custom_padding=&#8221;|||&#8221; make_equal=&#8221;on&#8221; padding_right_1=&#8221;20px&#8221; padding_left_1=&#8221;20px&#8221; _builder_version=&#8221;3.0.84&#8243; module_alignment=&#8221;center&#8221; box_shadow_style=&#8221;preset6&#8243;][et_pb_column type=&#8221;4_4&#8243; _builder_version=&#8221;3.0.84&#8243; padding_left=&#8221;20px&#8221; padding_right=&#8221;20px&#8221; parallax=&#8221;off&#8221; parallax_method=&#8221;on&#8221;][et_pb_accordion open_toggle_text_color=&#8221;#020202&#8243; open_toggle_background_color=&#8221;#ffffff&#8221; closed_toggle_text_color=&#8221;#020202&#8243; closed_toggle_background_color=&#8221;#b5b5b5&#8243; _builder_version=&#8221;3.0.84&#8243; body_font=&#8221;||||||||&#8221; toggle_font=&#8221;|800|||||||&#8221; toggle_text_align=&#8221;left&#8221; toggle_font_size=&#8221;24px&#8221; toggle_text_color=&#8221;#ffffff&#8221; text_orientation=&#8221;left&#8221;][et_pb_accordion_item title=&#8221;Historique&#8221; open=&#8221;on&#8221; _builder_version=&#8221;3.0.84&#8243;]<\/p>\n<p style=\"margin: 0cm; background: white; vertical-align: baseline;\"><span style=\"font-size: 10.5pt; font-family: 'Open Sans',sans-serif; color: #001144;\">L\u2019ensemble scolaire Sainte Marie \u2013 Mayorga\u00a0se trouve \u00e0 St Jean Pied de Port, village\u00a0des Pyr\u00e9n\u00e9es Atlantiques.\u00a0<o:p><\/o:p><\/span><span style=\"font-size: 10.5pt; font-family: 'Open Sans',sans-serif; color: #001144;\">Capitale de la Basse Navarre, St Jean Pied de Port doit ce vocable \u00e0 sa situation au pied du \u00ab\u00a0port\u00a0\u00bb ou \u00ab\u00a0col\u00a0\u00bb de Ronceveaux (col se disant \u00ab\u00a0puerto\u00a0\u00bb en espagnol), 8 km la s\u00e9parent de la fronti\u00e8re espagnole, 76 de Pampelune, 55 de Bayonne et Biarritz, 100 de Pau : c\u2019est un carrefour des voies desservant tout le Pays Basque.<o:p><\/o:p><\/span><\/p>\n<p style=\"margin: 0cm; background: white; vertical-align: baseline;\"><span style=\"font-size: 10.5pt; font-family: 'Open Sans',sans-serif; color: #001144;\">Nich\u00e9e dans le creux d\u2019une vall\u00e9e cercl\u00e9e de montagnes, la vieille ville est entour\u00e9e de remparts, datant du Moyen-Age, aras\u00e9s, puis sur\u00e9lev\u00e9s par VAUBAN. Depuis, elle s\u2019est beaucoup \u00e9tendue \u00e0 l\u2019ext\u00e9rieur des remparts et comprend 1490 habitants.<o:p><\/o:p><\/span><\/p>\n<p style=\"margin: 0cm; background: white; vertical-align: baseline;\"><span style=\"font-size: 10.5pt; font-family: 'Open Sans',sans-serif; color: #001144;\">L\u2019histoire de St Jean Pied de Port que nous connaissons, date du s\u00e9jour des romains (V si\u00e8cle avant JC), qui construisirent le pont d\u2019Eyheraberry appel\u00e9 \u00ab\u00a0pont romain\u00a0\u00bb.<o:p><\/o:p><\/span><\/p>\n<p style=\"margin: 0cm; background: white; vertical-align: baseline;\"><span style=\"font-size: 10.5pt; font-family: 'Open Sans',sans-serif; color: #001144;\">Du point de vue \u00e9conomique, la ville vit essentiellement du commerce et du tourisme : de nombreux h\u00f4tels, restaurants, caf\u00e9s, magasins de toutes sortes attirent beaucoup de touristes d\u00e8s les premiers beaux jours, puis principalement pendant la p\u00e9riode estivale et m\u00eame \u00e0 l\u2019arri\u00e8re saison, au moment de la chasse. De plus, le ski de fond se pratiquant \u00e0 proximit\u00e9 (Iraty, Gourette) la \u00ab\u00a0saison\u00a0\u00bb se prolonge m\u00eame en hiver.<o:p><\/o:p><\/span><\/p>\n<p style=\"margin: 0cm; background: white; vertical-align: baseline;\">\n<p style=\"margin: 0cm; background: white; vertical-align: baseline;\">\n<p style=\"margin: 0cm; background: white; vertical-align: baseline;\"><span style=\"font-size: 10.5pt; font-family: 'Open Sans',sans-serif; color: #001144;\">Le coll\u00e8ge de Mayorga porte ce nom en souvenir du bienheureux Jean de Mayorga, n\u00e9 en 1531 \u00e0 St Jean Pied de Port et qui mourut en 1556 martyr, alors qu\u2019il se rendait au Br\u00e9sil pour \u00e9vang\u00e9liser ce pays.<o:p><\/o:p><\/span><\/p>\n<p style=\"margin: 0cm; background: white; vertical-align: baseline;\"><span style=\"font-size: 10.5pt; font-family: 'Open Sans',sans-serif; color: #001144;\">En 1894, l\u2019\u00e9cole est fond\u00e9e par le p\u00e8re ARBELBIDE, originaire de CARO (petit village \u00e0 3 km de St Jean Pied de Port) qui a alors l\u2019id\u00e9e d\u2019organiser une congr\u00e9gation de missionnaires. Cette \u00e9cole, dans son projet, devait \u00eatre un centre de pr\u00e9paration, une sorte de petit s\u00e9minaire pour fournir des recrues \u00e0 cette congr\u00e9gation. Il fait appel aux fr\u00e8res de PLOERMEL pour diriger l\u2019\u00e9tablissement . C\u2019est pour cette raison qu\u2019on l\u2019a longtemps appel\u00e9e \u00ab\u00a0\u00c9cole des Fr\u00e8res\u00a0\u00bb. Le projet envisag\u00e9 n\u2019a pas de suite, \u00e0 cause d\u2019un malentendu avec l\u2019\u00e9v\u00eaque de Bayonne qui ne veut pas de nouvelle congr\u00e9gation ; mais le coll\u00e8ge est debout.<o:p><\/o:p><\/span><\/p>\n<p style=\"margin: 0cm; background: white; vertical-align: baseline;\"><span style=\"font-size: 10.5pt; font-family: 'Open Sans',sans-serif; color: #001144;\">En 1905, l\u2019\u00e9cole rencontre de graves difficult\u00e9s, engendr\u00e9es par la s\u00e9paration de l\u2019\u00c9glise et de l\u2019\u00c9tat. Comme dans toute la France, les fr\u00e8res sont menac\u00e9s d\u2019expulsion s\u2019ils ne renoncent pas \u00e0 leur \u00e9tat religieux. Certains choisissent de s\u2019expatrier en Espagne, d\u2019autres restent sur place tout en abandonnant leur soutane, mais en continuant \u00e0 \u00eatre fid\u00e8les \u00e0 leur vocation.<o:p><\/o:p><\/span><\/p>\n<p style=\"margin: 0cm; background: white; vertical-align: baseline;\"><span style=\"font-size: 10.5pt; font-family: 'Open Sans',sans-serif; color: #001144;\">En 1943, le dernier des fr\u00e8res part \u00e0 la retraite.<o:p><\/o:p><\/span><\/p>\n<p style=\"margin: 0cm; background: white; vertical-align: baseline;\"><span style=\"font-size: 10.5pt; font-family: 'Open Sans',sans-serif; color: #001144;\">En 1948, le clerg\u00e9 dioc\u00e9sain prend l\u2019\u00e9cole en charge, avec l\u2019aide d\u2019enseignants chr\u00e9tiens, qui ont pris le relai en 1968 et en assurent la direction.<o:p><\/o:p><\/span><\/p>\n<p style=\"margin: 0cm; background: white; vertical-align: baseline;\"><span style=\"font-size: 10.5pt; font-family: 'Open Sans',sans-serif; color: #001144;\">En 1980, \u00e0 la rentr\u00e9e de septembre, toutes les classes du primaire sont devenues mixtes et occupent le rez de chauss\u00e9e de la partie de Mayorga, situ\u00e9e pr\u00e8s des Remparts.<o:p><\/o:p><\/span><\/p>\n<p style=\"margin: 0cm; background: white; vertical-align: baseline; text-align: right;\"><span style=\"font-size: 10.5pt; font-family: 'Open Sans',sans-serif; color: #001144;\">J.B. ETCHARREN<\/span><\/p>\n<p>[\/et_pb_accordion_item][et_pb_accordion_item title=&#8221;Organigramme&#8221; _builder_version=&#8221;3.0.84&#8243; open=&#8221;off&#8221;][\/et_pb_accordion_item][et_pb_accordion_item title=&#8221;Projet d&#8217;\u00e9tablissement&#8221; _builder_version=&#8221;3.0.84&#8243; open=&#8221;off&#8221;][\/et_pb_accordion_item][\/et_pb_accordion][\/et_pb_column][\/et_pb_row][\/et_pb_section]<\/p>\n","protected":false},"excerpt":{"rendered":"<p>[et_pb_section fb_built=&#8221;1&#8243; admin_label=&#8221;section&#8221; _builder_version=&#8221;3.0.84&#8243; custom_padding=&#8221;20px|0px|35px|0px&#8221; box_shadow_style=&#8221;preset6&#8243; box_shadow_horizontal=&#8221;80px&#8221; box_shadow_vertical=&#8221;80px&#8221; box_shadow_blur=&#8221;38px&#8221; box_shadow_spread=&#8221;35px&#8221;][et_pb_row custom_padding=&#8221;32px|0px|25px|0px&#8221; _builder_version=&#8221;3.0.84&#8243;][et_pb_column type=&#8221;4_4&#8243; _builder_version=&#8221;3.0.84&#8243; parallax=&#8221;off&#8221; parallax_method=&#8221;on&#8221;][et_pb_text _builder_version=&#8221;3.0.84&#8243; text_font=&#8221;||||||||&#8221; text_font_size=&#8221;16px&#8221; header_font=&#8221;Carter One||||||||&#8221; header_font_size=&#8221;50px&#8221; text_orientation=&#8221;center&#8221;] Ensemble scolaire [\/et_pb_text][\/et_pb_column][\/et_pb_row][\/et_pb_section][et_pb_section fb_built=&#8221;1&#8243; _builder_version=&#8221;3.0.84&#8243; custom_padding=&#8221;29px|0px|54px|0px&#8221;][et_pb_row custom_padding=&#8221;|||&#8221; make_equal=&#8221;on&#8221; padding_right_1=&#8221;20px&#8221; padding_left_1=&#8221;20px&#8221; _builder_version=&#8221;3.0.84&#8243; module_alignment=&#8221;center&#8221; box_shadow_style=&#8221;preset6&#8243;][et_pb_column type=&#8221;4_4&#8243; _builder_version=&#8221;3.0.84&#8243; padding_left=&#8221;20px&#8221; padding_right=&#8221;20px&#8221; parallax=&#8221;off&#8221; parallax_method=&#8221;on&#8221;][et_pb_accordion open_toggle_text_color=&#8221;#020202&#8243; open_toggle_background_color=&#8221;#ffffff&#8221; closed_toggle_text_color=&#8221;#020202&#8243; closed_toggle_background_color=&#8221;#b5b5b5&#8243; _builder_version=&#8221;3.0.84&#8243; body_font=&#8221;||||||||&#8221; toggle_font=&#8221;|800|||||||&#8221; toggle_text_align=&#8221;left&#8221; toggle_font_size=&#8221;24px&#8221; toggle_text_color=&#8221;#ffffff&#8221; text_orientation=&#8221;left&#8221;][et_pb_accordion_item title=&#8221;Historique&#8221; open=&#8221;on&#8221; [&hellip;]<\/p>\n","protected":false},"author":1,"featured_media":0,"parent":0,"menu_order":0,"comment_status":"closed","ping_status":"closed","template":"","meta":{"spay_email":""},"jetpack_sharing_enabled":true,"jetpack_shortlink":"https:\/\/wp.me\/P9jAgw-h4","jetpack_likes_enabled":true,"jetpack-related-posts":[{"id":2680,"url":"https:\/\/saintemariemayorga64220.fr\/eu\/college-2\/","url_meta":{"origin":1058,"position":0},"title":"Coll\u00e8ge","date":"2026 January 22, Thursday","format":false,"excerpt":" Voir la Page\u2026","rel":"","context":"Similar post","img":{"alt_text":"","src":"","width":0,"height":0},"classes":[]},{"id":2052,"url":"https:\/\/saintemariemayorga64220.fr\/eu\/modules\/","url_meta":{"origin":1058,"position":1},"title":"Modules","date":"2025 November 26, Wednesday","format":false,"excerpt":"[et_pb_slide heading=\"Une poule sur un mur\" button_text=\"Voir les r\u00e9sultats\u2026","rel":"","context":"Similar post","img":{"alt_text":"","src":"https:\/\/i0.wp.com\/saintemariemayorga64220.fr\/wp-content\/uploads\/2020\/04\/10-225x300.jpg?resize=350%2C200&ssl=1","width":350,"height":200},"classes":[]},{"id":68,"url":"https:\/\/saintemariemayorga64220.fr\/eu\/college-jean-de-mayorga\/mayorga-pratique\/renseignements-pratiques\/transports-scolaires\/","url_meta":{"origin":1058,"position":2},"title":"Transports scolaires","date":"2014 October 26, Sunday","format":false,"excerpt":" [et_pb_slide _builder_version=\"3.0.84\" heading=\"Transports scolaires\" use_background_color_gradient=\"off\" background_color_gradient_start=\"#2b87da\" background_color_gradient_end=\"#29c4a9\" background_color_gradient_type=\"linear\" background_color_gradient_direction=\"180deg\" background_color_gradient_direction_radial=\"center\" background_color_gradient_start_position=\"0%\" background_color_gradient_end_position=\"100%\" background_image=\"http:\/\/saintemariemayorga64220.fr\/wp-content\/uploads\/2014\/10\/auto-2583303_1920.jpg\" parallax=\"off\" parallax_method=\"on\" background_size=\"cover\" background_position=\"center\" background_repeat=\"no-repeat\" background_blend=\"normal\" allow_player_pause=\"off\" use_bg_overlay=\"on\" use_text_overlay=\"off\" text_border_radius=\"3\" alignment=\"center\" background_layout=\"dark\" header_level=\"h1\" header_font=\"||||||||\" header_font_size=\"65\" header_font_size_tablet=\"65\" header_font_size_phone=\"65\" body_font=\"||||||||\" custom_button=\"off\" button_bg_use_color_gradient=\"off\" button_bg_color_gradient_start=\"#2b87da\" button_bg_color_gradient_end=\"#29c4a9\" button_bg_color_gradient_type=\"linear\"\u2026","rel":"","context":"Similar post","img":{"alt_text":"","src":"","width":0,"height":0},"classes":[]},{"id":54,"url":"https:\/\/saintemariemayorga64220.fr\/eu\/college-jean-de-mayorga\/la-vie-a-mayorga\/les-ateliers-et-le-sport\/","url_meta":{"origin":1058,"position":3},"title":"Kirola eta atelierrak","date":"2014 October 26, Sunday","format":false,"excerpt":"Les ateliers Une fois par semaine, plusieurs ateliers sont propos\u00e9s dans l'emploi du temps (1 ou 2 s\u00e9ances) : Sports : Skate, Rugby en partenariat avec l'US Nafarroa,\u00a0 Activit\u00e9s culturelles : th\u00e9\u00e2tre, jeux de soci\u00e9t\u00e9s, danse,\u00a0 Un\u2026","rel":"","context":"Similar post","img":{"alt_text":"","src":"","width":0,"height":0},"classes":[]},{"id":62,"url":"https:\/\/saintemariemayorga64220.fr\/eu\/college-jean-de-mayorga\/mayorga-pratique\/renseignements-pratiques\/inscriptions\/","url_meta":{"origin":1058,"position":4},"title":"Argibide praktikoak","date":"2014 October 26, Sunday","format":false,"excerpt":"[et_pb_section fb_built=\"1\"\u2026","rel":"","context":"Similar post","img":{"alt_text":"","src":"","width":0,"height":0},"classes":[]},{"id":64,"url":"https:\/\/saintemariemayorga64220.fr\/eu\/college-jean-de-mayorga\/mayorga-pratique\/renseignements-pratiques\/horaires\/","url_meta":{"origin":1058,"position":5},"title":"Ordutegia","date":"2014 October 26, Sunday","format":false,"excerpt":"[et_pb_slider\u2026","rel":"","context":"Similar post","img":{"alt_text":"","src":"","width":0,"height":0},"classes":[]}],"_links":{"self":[{"href":"https:\/\/saintemariemayorga64220.fr\/eu\/wp-json\/wp\/v2\/pages\/1058"}],"collection":[{"href":"https:\/\/saintemariemayorga64220.fr\/eu\/wp-json\/wp\/v2\/pages"}],"about":[{"href":"https:\/\/saintemariemayorga64220.fr\/eu\/wp-json\/wp\/v2\/types\/page"}],"author":[{"embeddable":true,"href":"https:\/\/saintemariemayorga64220.fr\/eu\/wp-json\/wp\/v2\/users\/1"}],"replies":[{"embeddable":true,"href":"https:\/\/saintemariemayorga64220.fr\/eu\/wp-json\/wp\/v2\/comments?post=1058"}],"version-history":[{"count":12,"href":"https:\/\/saintemariemayorga64220.fr\/eu\/wp-json\/wp\/v2\/pages\/1058\/revisions"}],"predecessor-version":[{"id":2567,"href":"https:\/\/saintemariemayorga64220.fr\/eu\/wp-json\/wp\/v2\/pages\/1058\/revisions\/2567"}],"wp:attachment":[{"href":"https:\/\/saintemariemayorga64220.fr\/eu\/wp-json\/wp\/v2\/media?parent=1058"}],"curies":[{"name":"wp","href":"https:\/\/api.w.org\/{rel}","templated":true}]}}