{"id":17,"date":"2014-09-28T12:47:10","date_gmt":"2014-09-28T11:47:10","guid":{"rendered":"http:\/\/saintemariemayorga64220.fr\/?page_id=17"},"modified":"2026-01-21T15:12:39","modified_gmt":"2026-01-21T14:12:39","slug":"accueil","status":"publish","type":"page","link":"https:\/\/saintemariemayorga64220.fr\/eu\/","title":{"rendered":"Hastapena"},"content":{"rendered":"<p>[et_pb_section fb_built=&#8221;1&#8243; _builder_version=&#8221;3.0.84&#8243; custom_padding=&#8221;70px|0px|33px|0px&#8221;][et_pb_row make_fullwidth=&#8221;on&#8221; custom_padding=&#8221;0px|0px|0px|0px&#8221; _builder_version=&#8221;3.0.84&#8243; background_size=&#8221;initial&#8221; background_position=&#8221;top_left&#8221; background_repeat=&#8221;repeat&#8221;][et_pb_column type=&#8221;4_4&#8243; _builder_version=&#8221;3.0.47&#8243; parallax=&#8221;off&#8221; parallax_method=&#8221;on&#8221;][et_pb_slider _builder_version=&#8221;3.0.84&#8243; auto=&#8221;on&#8221; auto_speed=&#8221;4000&#8243; box_shadow_style=&#8221;preset2&#8243; box_shadow_horizontal=&#8221;9px&#8221;][et_pb_slide heading=&#8221;Bienvenue &#8211; Ongi Etorri &#8211; Bienvenido&#8221; use_bg_overlay=&#8221;off&#8221; use_text_overlay=&#8221;off&#8221; _builder_version=&#8221;3.0.84&#8243; header_level=&#8221;h1&#8243; header_font_size=&#8221;44px&#8221; header_letter_spacing=&#8221;5px&#8221; background_image=&#8221;http:\/\/saintemariemayorga64220.fr\/wp-content\/uploads\/2018\/02\/ecole.jpg&#8221; custom_button=&#8221;off&#8221; button_icon_placement=&#8221;right&#8221; button_on_hover=&#8221;on&#8221;][\/et_pb_slide][et_pb_slide heading=&#8221;Bilinguisme &#8211; Elebitasuna &#8211; Biling\u00fcismo&#8221; use_bg_overlay=&#8221;off&#8221; use_text_overlay=&#8221;off&#8221; _builder_version=&#8221;3.0.84&#8243; header_level=&#8221;h1&#8243; background_image=&#8221;http:\/\/saintemariemayorga64220.fr\/wp-content\/uploads\/2018\/02\/IMG_0052.jpg&#8221; custom_button=&#8221;off&#8221; button_icon_placement=&#8221;right&#8221; button_on_hover=&#8221;on&#8221;][\/et_pb_slide][\/et_pb_slider][\/et_pb_column][\/et_pb_row][\/et_pb_section][et_pb_section fb_built=&#8221;1&#8243; _builder_version=&#8221;3.0.84&#8243; parallax=&#8221;on&#8221; custom_padding=&#8221;54px|0px|5px|0px&#8221;][et_pb_row _builder_version=&#8221;3.0.84&#8243;][et_pb_column type=&#8221;4_4&#8243; _builder_version=&#8221;3.0.84&#8243; parallax=&#8221;off&#8221; parallax_method=&#8221;on&#8221;][et_pb_tabs _builder_version=&#8221;3.0.84&#8243; tab_font_size=&#8221;21px&#8221; tab_line_height=&#8221;2.1em&#8221; body_font_size=&#8221;13px&#8221; max_width=&#8221;90%&#8221; module_alignment=&#8221;center&#8221; box_shadow_style=&#8221;preset5&#8243;][et_pb_tab title=&#8221;Bienvenue&#8221; _builder_version=&#8221;3.0.84&#8243; body_font_size=&#8221;11px&#8221; inline_fonts=&#8221;Amatic SC&#8221;]<\/p>\n<p><span style=\"font-family: inherit; font-weight: normal; font-size: large;\">Notre \u00e9tablissement a pour volont\u00e9 de prendre soin de chaque jeune, en visant, en confiance avec les familles, une \u00e9ducation qui int\u00e8gre toutes les dimensions de la personne, le tout dans un cadre familial et privil\u00e9gi\u00e9 (b\u00e2timent historique sur la route des p\u00e9lerins de St Jacques de Compostelle). <\/span><\/p>\n<p><span style=\"font-family: inherit; font-weight: normal; font-size: large;\">Ainsi, nous avons pour chaque jeune :<\/span><\/p>\n<p style=\"padding-left: 30px;\"><span style=\"font-family: inherit; font-weight: normal; font-size: large;\">&#8211; Un projet scolaire : &#8220;je suis accompagn\u00e9 pour viser la r\u00e9ussite, celle que je veux mienne&#8221;.<\/span><\/p>\n<p style=\"padding-left: 30px;\"><span style=\"font-family: inherit; font-weight: normal; font-size: large;\">&#8211; Un projet \u00e9ducatif : &#8221; j&#8217;apprends \u00e0 m&#8217;engager, \u00e0 me responsabiliser&#8221;.<\/span><\/p>\n<p style=\"padding-left: 30px;\"><span style=\"font-family: inherit; font-weight: normal; font-size: large;\">&#8211; Un projet d&#8217;\u00e9ducation \u00e0 la relation : &#8220;j&#8217;apprends \u00e0 vivre avec les autres et \u00e0 mieux me conna\u00eetre&#8221;.<\/span><\/p>\n<p style=\"padding-left: 30px;\"><span style=\"font-family: inherit; font-weight: normal; font-size: large;\">&#8211; Un projet culturel et spirituel : &#8220;je suis riche d&#8217;un tas de comp\u00e9tences que je peux mettre au service d&#8217;un groupe, de ma classe, de la soci\u00e9t\u00e9 et je peux apprendre \u00e0 conna\u00eetre J\u00e9sus si je le souhaite&#8221;.<\/span><\/p>\n<p style=\"padding-left: 30px;\"><span style=\"font-family: inherit; font-weight: normal; font-size: large;\">&#8211; Un projet d&#8217;\u00e9ducation avec les familles : &#8220;mon \u00e9cole et ma famille dialoguent \u00e9troitement pour mon \u00e9ducation dans une relation de confiance, d&#8217;\u00e9coute r\u00e9ciproque&#8221;.<\/span><\/p>\n<p style=\"padding-left: 30px;\"><span style=\"font-family: inherit; font-weight: normal; font-size: large;\"><\/span><\/p>\n<p><span style=\"font-family: inherit; font-weight: normal; font-size: large;\">C&#8217;est dans ce cadre serein que nous aurons le plaisir de vous accueillir, de la petite section \u00e0 la troisi\u00e8me, pour une inscription ou un projet sp\u00e9cifique (maternelle en immersion basque ou pas, bilinguisme basque ou fili\u00e8re monolingue, ateliers, internat, accueil de jeunes Espagnols&#8230;).<\/span><\/p>\n<p><span style=\"font-family: ABeeZee; font-weight: normal; font-size: medium;\"><\/span><\/p>\n<p>[\/et_pb_tab][et_pb_tab title=&#8221;Ongi etorri&#8221; _builder_version=&#8221;3.0.84&#8243; body_font_size=&#8221;11px&#8221; body_line_height=&#8221;1.8em&#8221;]<\/p>\n<p>Gure ikastetxeak gazte bakotxaz arta hartzeko borondatea badu, familiekin konfiantzazko harremanean, pertsonaren alderdi guziak kontuan hartzen dituen hezkuntza helburu, hori guzia familian bezalako giro pribilegiatu batean (eraikin historiko bat, Konpostelako beilarien bidean). Beraz, gazte bakotxarendako, badugu:<\/p>\n<p style=\"padding-left: 30px;\">\u2013 Eskolako proiektu bat : \u00ab lagundua naiz, erreusitzea helburu \u00bb.<br \/> \u2013 Hezkuntza proiektu bat : \u00ab ikasten dut engaiatzen eta arduraz jokatzen \u00bb.<br \/> \u2013 Gorputzari eta harremanari buruzko hezkuntza proiektu bat : \u00ab ikasten dut bertzeekin bizitzen eta ene burua hobeki ezagutzen \u00bb.<br \/> \u2013 Proiektu kulturala eta izpirituzkoa : \u00ab gaitasun anitz baditut eta Jesus ezagutzen ikasten ahal dut, nahi baldin badut \u00bb.<br \/> \u2013 Hezkuntza proiektu bat, familiekin : \u00ab ene eskola eta ene familia elkarrizketa hurbilean ari dira, ene hezkuntzaren onetan \u00bb.<\/p>\n<p>Giro la\u00f1o hortan, zure errezibitzeko plazera ukanen dugu, ama eskolako ttipien gelatik hirugarreneko ikastalderaino, izena emateko edo proiektu berezi batendako (ama eskola murgiltze ereduan, euskal elebiduntasuna, barnetegia, espainol gazteen errezibitzea\u2026).<\/p>\n<p>[\/et_pb_tab][\/et_pb_tabs][\/et_pb_column][\/et_pb_row][et_pb_row use_custom_width=&#8221;on&#8221; custom_width_px=&#8221;1170px&#8221; custom_padding=&#8221;27px|0px|22px|0px&#8221; _builder_version=&#8221;3.0.84&#8243;][et_pb_column type=&#8221;1_4&#8243; _builder_version=&#8221;3.0.84&#8243; parallax=&#8221;off&#8221; parallax_method=&#8221;on&#8221;][et_pb_number_counter title=&#8221;Professeurs\/Erakasleak&#8221; number=&#8221;22&#8243; percent_sign=&#8221;off&#8221; _builder_version=&#8221;3.0.84&#8243; title_font=&#8221;||||||||&#8221; title_text_align=&#8221;center&#8221; title_font_size=&#8221;14px&#8221; number_font=&#8221;||||||||&#8221; number_font_size=&#8221;50px&#8221; number_text_color=&#8221;#7ebec5&#8243; number_line_height=&#8221;100px&#8221; max_width=&#8221;80%&#8221; module_alignment=&#8221;center&#8221;]<\/p>\n<p>\u00a0<\/p>\n<p>[\/et_pb_number_counter][\/et_pb_column][et_pb_column type=&#8221;1_4&#8243; _builder_version=&#8221;3.0.84&#8243; parallax=&#8221;off&#8221; parallax_method=&#8221;on&#8221;][et_pb_number_counter title=&#8221;Personnels\/Langileak&#8221; number=&#8221;13&#8243; percent_sign=&#8221;off&#8221; _builder_version=&#8221;3.0.84&#8243; title_font=&#8221;||||||||&#8221; title_text_align=&#8221;center&#8221; title_font_size=&#8221;15px&#8221; number_font=&#8221;||||||||&#8221; number_font_size=&#8221;50px&#8221; number_text_color=&#8221;#7ebec5&#8243; number_line_height=&#8221;100px&#8221; max_width=&#8221;80%&#8221;]<\/p>\n<p>\u00a0<\/p>\n<p>[\/et_pb_number_counter][\/et_pb_column][et_pb_column type=&#8221;1_4&#8243; _builder_version=&#8221;3.0.84&#8243; parallax=&#8221;off&#8221; parallax_method=&#8221;on&#8221;][et_pb_number_counter title=&#8221;El\u00e8ves\/Ikasleak&#8221; number=&#8221;264&#8243; percent_sign=&#8221;off&#8221; _builder_version=&#8221;3.0.84&#8243; title_font=&#8221;||||||||&#8221; title_text_align=&#8221;center&#8221; title_font_size=&#8221;15px&#8221; title_font_size_last_edited=&#8221;off|desktop&#8221; number_font=&#8221;||||||||&#8221; number_font_size=&#8221;50px&#8221; number_text_color=&#8221;#7ebec5&#8243; number_line_height=&#8221;100px&#8221; max_width=&#8221;80%&#8221; module_alignment=&#8221;center&#8221;]<\/p>\n<p>\u00a0<\/p>\n<p>[\/et_pb_number_counter][\/et_pb_column][et_pb_column type=&#8221;1_4&#8243; _builder_version=&#8221;3.0.84&#8243; parallax=&#8221;off&#8221; parallax_method=&#8221;on&#8221;][et_pb_number_counter title=&#8221;Internes\/Barnategiko ikasleak&#8221; number=&#8221;26&#8243; percent_sign=&#8221;off&#8221; _builder_version=&#8221;3.0.84&#8243; title_font=&#8221;||||||||&#8221; title_font_size=&#8221;15px&#8221; number_font=&#8221;||||||||&#8221; number_font_size=&#8221;50px&#8221; number_text_color=&#8221;#7ebec5&#8243; number_line_height=&#8221;100px&#8221; max_width=&#8221;80%&#8221; module_alignment=&#8221;center&#8221;]<\/p>\n<p>\u00a0<\/p>\n<p>[\/et_pb_number_counter][\/et_pb_column][\/et_pb_row][\/et_pb_section][et_pb_section fb_built=&#8221;1&#8243; _builder_version=&#8221;3.0.84&#8243; custom_padding=&#8221;50.5167px|0px|1px|0px&#8221;][et_pb_row custom_padding=&#8221;25.25px|0px|0px|0px&#8221; _builder_version=&#8221;3.0.84&#8243;][et_pb_column type=&#8221;4_4&#8243; _builder_version=&#8221;3.0.84&#8243; parallax=&#8221;off&#8221; parallax_method=&#8221;on&#8221;][et_pb_text _builder_version=&#8221;3.0.84&#8243; text_font=&#8221;|800|||||||&#8221; text_font_size=&#8221;13px&#8221; quote_font=&#8221;||||||||&#8221; header_font=&#8221;||||||||&#8221; header_text_align=&#8221;center&#8221; header_2_font=&#8221;Abril Fatface|700|||||||&#8221; header_2_text_align=&#8221;center&#8221; header_2_font_size=&#8221;35px&#8221;]<\/p>\n<h2 style=\"text-align: center;\"><strong>Zoom sur&#8230;<\/strong><\/h2>\n<p>[\/et_pb_text][\/et_pb_column][\/et_pb_row][\/et_pb_section][et_pb_section fb_built=&#8221;1&#8243; _builder_version=&#8221;3.0.84&#8243; custom_padding=&#8221;3px|0px|50px|0px&#8221;][et_pb_row make_fullwidth=&#8221;on&#8221; custom_padding=&#8221;18px|0px|25.25px|0px&#8221; _builder_version=&#8221;3.0.84&#8243; module_alignment=&#8221;center&#8221;][et_pb_column type=&#8221;1_3&#8243; _builder_version=&#8221;3.0.84&#8243; parallax=&#8221;off&#8221; parallax_method=&#8221;on&#8221;][et_pb_cta button_url=&#8221;https:\/\/saintemariemayorga64220.fr\/ensemble-scolaire\/&#8221; button_text=&#8221;Ensemble scolaire&#8221; _builder_version=&#8221;3.0.84&#8243; header_level=&#8221;h1&#8243; header_font=&#8221;|800|||||||&#8221; header_text_align=&#8221;center&#8221; header_font_size=&#8221;50px&#8221; header_line_height=&#8221;2.2em&#8221; body_font=&#8221;|700|||||||&#8221; body_text_align=&#8221;center&#8221; body_font_size=&#8221;26px&#8221; body_line_height=&#8221;2.3em&#8221; background_image=&#8221;https:\/\/saintemariemayorga64220.fr\/wp-content\/uploads\/2015\/12\/cropped-GIFlogoColorLarge-2.gif&#8221; parallax=&#8221;on&#8221; use_border_color=&#8221;on&#8221; custom_button=&#8221;on&#8221; button_text_size=&#8221;20px&#8221; button_font=&#8221;Coming Soon|700|||||||&#8221; button_use_icon=&#8221;off&#8221; button_border_radius_hover=&#8221;3px&#8221; button_alignment=&#8221;center&#8221; animation_style=&#8221;zoom&#8221; box_shadow_style=&#8221;preset7&#8243; box_shadow_color=&#8221;rgba(7,7,7,0.3)&#8221; header_text_color=&#8221;#727272&#8243; button_text_color=&#8221;#232323&#8243;][\/et_pb_cta][\/et_pb_column][et_pb_column type=&#8221;1_3&#8243; _builder_version=&#8221;3.0.84&#8243; parallax=&#8221;off&#8221; parallax_method=&#8221;on&#8221;][et_pb_cta button_url=&#8221;https:\/\/saintemariemayorga64220.fr\/ecole-sainte-marie\/&#8221; button_text=&#8221;\u00c9cole Ste Marie&#8221; _builder_version=&#8221;3.0.84&#8243; header_level=&#8221;h1&#8243; header_font=&#8221;|800|||||||&#8221; header_text_align=&#8221;center&#8221; header_font_size=&#8221;50px&#8221; header_line_height=&#8221;2.2em&#8221; body_font=&#8221;|700|||||||&#8221; body_text_align=&#8221;center&#8221; body_font_size=&#8221;26px&#8221; body_line_height=&#8221;2.3em&#8221; background_image=&#8221;https:\/\/saintemariemayorga64220.fr\/wp-content\/uploads\/2025\/12\/20251222_110153-panoram-scaled.jpg&#8221; background_position=&#8221;top_center&#8221; custom_button=&#8221;on&#8221; button_text_size=&#8221;20px&#8221; button_font=&#8221;Carter One|700|||||||&#8221; button_use_icon=&#8221;off&#8221; button_border_radius_hover=&#8221;3px&#8221; button_alignment=&#8221;center&#8221; animation_style=&#8221;zoom&#8221; box_shadow_style=&#8221;preset7&#8243; box_shadow_color=&#8221;rgba(7,7,7,0.3)&#8221;][\/et_pb_cta][\/et_pb_column][et_pb_column type=&#8221;1_3&#8243; _builder_version=&#8221;3.0.84&#8243; parallax=&#8221;off&#8221; parallax_method=&#8221;on&#8221;][et_pb_cta button_url=&#8221;https:\/\/saintemariemayorga64220.fr\/college\/&#8221; button_text=&#8221;Coll\u00e8ge Mayorga&#8221; _builder_version=&#8221;3.0.84&#8243; header_level=&#8221;h1&#8243; header_font=&#8221;|800|||||||&#8221; header_text_align=&#8221;center&#8221; header_font_size=&#8221;50px&#8221; header_line_height=&#8221;2.2em&#8221; body_font=&#8221;|700|||||||&#8221; body_text_align=&#8221;center&#8221; body_font_size=&#8221;26px&#8221; body_line_height=&#8221;2.3em&#8221; background_image=&#8221;https:\/\/saintemariemayorga64220.fr\/wp-content\/uploads\/2025\/12\/P2420501-panoram-scaled.jpg&#8221; background_position=&#8221;top_center&#8221; custom_button=&#8221;on&#8221; button_text_size=&#8221;20px&#8221; button_font=&#8221;Carter One|700|||||||&#8221; button_use_icon=&#8221;off&#8221; button_alignment=&#8221;center&#8221; animation_style=&#8221;zoom&#8221; box_shadow_style=&#8221;preset7&#8243; box_shadow_color=&#8221;rgba(2,2,2,0.3)&#8221;][\/et_pb_cta][\/et_pb_column][\/et_pb_row][\/et_pb_section]<\/p>\n","protected":false},"excerpt":{"rendered":"<p>[et_pb_section fb_built=&#8221;1&#8243; _builder_version=&#8221;3.0.84&#8243; custom_padding=&#8221;70px|0px|33px|0px&#8221;][et_pb_row make_fullwidth=&#8221;on&#8221; custom_padding=&#8221;0px|0px|0px|0px&#8221; _builder_version=&#8221;3.0.84&#8243; background_size=&#8221;initial&#8221; background_position=&#8221;top_left&#8221; background_repeat=&#8221;repeat&#8221;][et_pb_column type=&#8221;4_4&#8243; _builder_version=&#8221;3.0.47&#8243; parallax=&#8221;off&#8221; parallax_method=&#8221;on&#8221;][et_pb_slider _builder_version=&#8221;3.0.84&#8243; auto=&#8221;on&#8221; auto_speed=&#8221;4000&#8243; box_shadow_style=&#8221;preset2&#8243; box_shadow_horizontal=&#8221;9px&#8221;][et_pb_slide heading=&#8221;Bienvenue &#8211; Ongi Etorri &#8211; Bienvenido&#8221; use_bg_overlay=&#8221;off&#8221; use_text_overlay=&#8221;off&#8221; _builder_version=&#8221;3.0.84&#8243; header_level=&#8221;h1&#8243; header_font_size=&#8221;44px&#8221; header_letter_spacing=&#8221;5px&#8221; background_image=&#8221;http:\/\/saintemariemayorga64220.fr\/wp-content\/uploads\/2018\/02\/ecole.jpg&#8221; custom_button=&#8221;off&#8221; button_icon_placement=&#8221;right&#8221; button_on_hover=&#8221;on&#8221;][\/et_pb_slide][et_pb_slide heading=&#8221;Bilinguisme &#8211; Elebitasuna &#8211; Biling\u00fcismo&#8221; use_bg_overlay=&#8221;off&#8221; use_text_overlay=&#8221;off&#8221; _builder_version=&#8221;3.0.84&#8243; header_level=&#8221;h1&#8243; background_image=&#8221;http:\/\/saintemariemayorga64220.fr\/wp-content\/uploads\/2018\/02\/IMG_0052.jpg&#8221; custom_button=&#8221;off&#8221; button_icon_placement=&#8221;right&#8221; button_on_hover=&#8221;on&#8221;][\/et_pb_slide][\/et_pb_slider][\/et_pb_column][\/et_pb_row][\/et_pb_section][et_pb_section fb_built=&#8221;1&#8243; _builder_version=&#8221;3.0.84&#8243; parallax=&#8221;on&#8221; custom_padding=&#8221;54px|0px|5px|0px&#8221;][et_pb_row _builder_version=&#8221;3.0.84&#8243;][et_pb_column type=&#8221;4_4&#8243; _builder_version=&#8221;3.0.84&#8243; [&hellip;]<\/p>\n","protected":false},"author":1,"featured_media":0,"parent":62,"menu_order":1,"comment_status":"closed","ping_status":"closed","template":"","meta":{"spay_email":""},"jetpack_sharing_enabled":true,"jetpack_shortlink":"https:\/\/wp.me\/P9jAgw-h","jetpack_likes_enabled":true,"jetpack-related-posts":[{"id":68,"url":"https:\/\/saintemariemayorga64220.fr\/eu\/college-jean-de-mayorga\/mayorga-pratique\/renseignements-pratiques\/transports-scolaires\/","url_meta":{"origin":17,"position":0},"title":"Transports scolaires","date":"2014 October 26, Sunday","format":false,"excerpt":" [et_pb_slide _builder_version=\"3.0.84\" heading=\"Transports scolaires\" use_background_color_gradient=\"off\" background_color_gradient_start=\"#2b87da\" background_color_gradient_end=\"#29c4a9\" background_color_gradient_type=\"linear\" background_color_gradient_direction=\"180deg\" background_color_gradient_direction_radial=\"center\" background_color_gradient_start_position=\"0%\" background_color_gradient_end_position=\"100%\" background_image=\"http:\/\/saintemariemayorga64220.fr\/wp-content\/uploads\/2014\/10\/auto-2583303_1920.jpg\" parallax=\"off\" parallax_method=\"on\" background_size=\"cover\" background_position=\"center\" background_repeat=\"no-repeat\" background_blend=\"normal\" allow_player_pause=\"off\" use_bg_overlay=\"on\" use_text_overlay=\"off\" text_border_radius=\"3\" alignment=\"center\" background_layout=\"dark\" header_level=\"h1\" header_font=\"||||||||\" header_font_size=\"65\" header_font_size_tablet=\"65\" header_font_size_phone=\"65\" body_font=\"||||||||\" custom_button=\"off\" button_bg_use_color_gradient=\"off\" button_bg_color_gradient_start=\"#2b87da\" button_bg_color_gradient_end=\"#29c4a9\" button_bg_color_gradient_type=\"linear\"\u2026","rel":"","context":"Similar post","img":{"alt_text":"","src":"","width":0,"height":0},"classes":[]},{"id":72,"url":"https:\/\/saintemariemayorga64220.fr\/eu\/college-jean-de-mayorga\/mayorga-pratique\/renseignements-pratiques\/etude-du-soir\/","url_meta":{"origin":17,"position":1},"title":"Arratseko estudioa","date":"2014 October 26, Sunday","format":false,"excerpt":" Arratseko estudioa osoki kitorik da.\u00a0Astelehenetan, astearteetan eta ortzegunetan segurtatua da. Kolegioak, estudio hori baino lehen,\u2026","rel":"","context":"Similar post","img":{"alt_text":"","src":"","width":0,"height":0},"classes":[]},{"id":74,"url":"https:\/\/saintemariemayorga64220.fr\/eu\/college-jean-de-mayorga\/mayorga-pratique\/renseignements-pratiques\/cantin\/","url_meta":{"origin":17,"position":2},"title":"Jangela","date":"2014 October 26, Sunday","format":false,"excerpt":" Ikus tarifak eta baldintzak Tarifak erlaitzean. Eskolak eta kolegioak sukaldari bat badute. Horrek\u2026","rel":"","context":"Similar post","img":{"alt_text":"","src":"","width":0,"height":0},"classes":[]},{"id":2052,"url":"https:\/\/saintemariemayorga64220.fr\/eu\/modules\/","url_meta":{"origin":17,"position":3},"title":"Modules","date":"2025 November 26, Wednesday","format":false,"excerpt":"[et_pb_slide heading=\"Une poule sur un mur\" button_text=\"Voir les r\u00e9sultats\u2026","rel":"","context":"Similar post","img":{"alt_text":"","src":"https:\/\/i0.wp.com\/saintemariemayorga64220.fr\/wp-content\/uploads\/2020\/04\/10-225x300.jpg?resize=350%2C200&ssl=1","width":350,"height":200},"classes":[]},{"id":52,"url":"https:\/\/saintemariemayorga64220.fr\/eu\/college-jean-de-mayorga\/la-vie-a-mayorga\/le-bilinguisme-et-loption-basque\/","url_meta":{"origin":17,"position":4},"title":"Elebiduntasuna eta euskara hautuz","date":"2014 October 26, Sunday","format":false,"excerpt":" [et_pb_slide _builder_version=\"3.0.84\" use_background_color_gradient=\"off\" background_color_gradient_start=\"#2b87da\" background_color_gradient_end=\"#29c4a9\" background_color_gradient_type=\"linear\" background_color_gradient_direction=\"180deg\" background_color_gradient_direction_radial=\"center\" background_color_gradient_start_position=\"0%\" background_color_gradient_end_position=\"100%\" background_image=\"http:\/\/saintemariemayorga64220.fr\/wp-content\/uploads\/2015\/10\/DSCN1903.jpg\" parallax=\"off\" parallax_method=\"on\" background_size=\"cover\" background_position=\"center\" background_repeat=\"no-repeat\" background_blend=\"normal\" allow_player_pause=\"off\" use_bg_overlay=\"off\" use_text_overlay=\"off\" text_border_radius=\"3\" alignment=\"center\" background_layout=\"dark\" header_level=\"h1\" header_font=\"||||||||\" body_font=\"||||||||\" custom_button=\"off\" button_bg_use_color_gradient=\"off\" button_bg_color_gradient_start=\"#2b87da\" button_bg_color_gradient_end=\"#29c4a9\" button_bg_color_gradient_type=\"linear\" button_bg_color_gradient_direction_radial=\"center\" button_bg_size=\"cover\" button_bg_position=\"center\" button_bg_repeat=\"no-repeat\" button_bg_blend=\"normal\" button_font=\"||||||||\"\u2026","rel":"","context":"Similar post","img":{"alt_text":"","src":"https:\/\/i0.wp.com\/saintemariemayorga64220.fr\/wp-content\/uploads\/2015\/10\/DSCN1903-300x225.jpg?resize=350%2C200","width":350,"height":200},"classes":[]},{"id":62,"url":"https:\/\/saintemariemayorga64220.fr\/eu\/college-jean-de-mayorga\/mayorga-pratique\/renseignements-pratiques\/inscriptions\/","url_meta":{"origin":17,"position":5},"title":"Argibide praktikoak","date":"2014 October 26, Sunday","format":false,"excerpt":"[et_pb_section fb_built=\"1\"\u2026","rel":"","context":"Similar post","img":{"alt_text":"","src":"","width":0,"height":0},"classes":[]}],"_links":{"self":[{"href":"https:\/\/saintemariemayorga64220.fr\/eu\/wp-json\/wp\/v2\/pages\/17"}],"collection":[{"href":"https:\/\/saintemariemayorga64220.fr\/eu\/wp-json\/wp\/v2\/pages"}],"about":[{"href":"https:\/\/saintemariemayorga64220.fr\/eu\/wp-json\/wp\/v2\/types\/page"}],"author":[{"embeddable":true,"href":"https:\/\/saintemariemayorga64220.fr\/eu\/wp-json\/wp\/v2\/users\/1"}],"replies":[{"embeddable":true,"href":"https:\/\/saintemariemayorga64220.fr\/eu\/wp-json\/wp\/v2\/comments?post=17"}],"version-history":[{"count":218,"href":"https:\/\/saintemariemayorga64220.fr\/eu\/wp-json\/wp\/v2\/pages\/17\/revisions"}],"predecessor-version":[{"id":2694,"href":"https:\/\/saintemariemayorga64220.fr\/eu\/wp-json\/wp\/v2\/pages\/17\/revisions\/2694"}],"up":[{"embeddable":true,"href":"https:\/\/saintemariemayorga64220.fr\/eu\/wp-json\/wp\/v2\/pages\/62"}],"wp:attachment":[{"href":"https:\/\/saintemariemayorga64220.fr\/eu\/wp-json\/wp\/v2\/media?parent=17"}],"curies":[{"name":"wp","href":"https:\/\/api.w.org\/{rel}","templated":true}]}}