{"id":2194,"date":"2025-12-18T00:11:43","date_gmt":"2025-12-17T23:11:43","guid":{"rendered":"https:\/\/saintemariemayorga64220.fr\/?page_id=2194"},"modified":"2026-01-21T15:07:12","modified_gmt":"2026-01-21T14:07:12","slug":"college","status":"publish","type":"page","link":"https:\/\/saintemariemayorga64220.fr\/eu\/college\/","title":{"rendered":"Coll\u00e8ge"},"content":{"rendered":"<p>[et_pb_section fb_built=&#8221;1&#8243; _builder_version=&#8221;3.0.84&#8243; custom_padding=&#8221;45px|0px|17px|0px&#8221; box_shadow_style=&#8221;preset6&#8243; box_shadow_horizontal=&#8221;80px&#8221; box_shadow_vertical=&#8221;80px&#8221; box_shadow_blur=&#8221;80px&#8221; box_shadow_spread=&#8221;48px&#8221;][et_pb_row make_fullwidth=&#8221;on&#8221; _builder_version=&#8221;3.0.84&#8243; module_alignment=&#8221;center&#8221;][et_pb_column type=&#8221;4_4&#8243; _builder_version=&#8221;3.0.84&#8243; parallax=&#8221;off&#8221; parallax_method=&#8221;on&#8221;][et_pb_text _builder_version=&#8221;3.0.84&#8243; text_font=&#8221;||||||||&#8221; header_font=&#8221;Carter One||||||||&#8221; header_font_size=&#8221;64px&#8221;]<\/p>\n<h1 style=\"text-align: center;\">Bienvenue au coll\u00e8ge Mayorga<\/h1>\n<p>[\/et_pb_text][\/et_pb_column][\/et_pb_row][\/et_pb_section][et_pb_section fb_built=&#8221;1&#8243; _builder_version=&#8221;3.0.84&#8243; box_shadow_style=&#8221;preset3&#8243;][\/et_pb_section][et_pb_section fb_built=&#8221;1&#8243; _builder_version=&#8221;3.0.84&#8243;][et_pb_row make_fullwidth=&#8221;on&#8221; _builder_version=&#8221;3.0.84&#8243; module_alignment=&#8221;left&#8221;][et_pb_column type=&#8221;1_2&#8243; _builder_version=&#8221;3.0.84&#8243; parallax=&#8221;off&#8221; parallax_method=&#8221;on&#8221;][et_pb_cta _builder_version=&#8221;3.0.84&#8243; header_font=&#8221;||||||||&#8221; body_font=&#8221;||||||||&#8221; custom_margin=&#8221;|-20px||-20px&#8221; locked=&#8221;off&#8221;]<\/p>\n<p><strong><span style=\"color: #0000ff;\">Venez nous rencontrer !<\/span><\/strong><\/p>\n<p>[\/et_pb_cta][\/et_pb_column][et_pb_column type=&#8221;1_2&#8243; _builder_version=&#8221;3.0.84&#8243; parallax=&#8221;off&#8221; parallax_method=&#8221;on&#8221;][et_pb_text _builder_version=&#8221;3.0.84&#8243; header_font=&#8221;Carter One||||||||&#8221;]<\/p>\n<h1 style=\"text-align: center;\">Derni\u00e8re actualit\u00e9<\/h1>\n<p>[\/et_pb_text][et_pb_image src=&#8221;https:\/\/saintemariemayorga64220.fr\/wp-content\/uploads\/2026\/01\/PO-Janvier.jpg&#8221; _builder_version=&#8221;3.0.84&#8243; custom_margin=&#8221;-20px|||&#8221; url_new_window=&#8221;on&#8221; url=&#8221;https:\/\/saintemariemayorga64220.fr\/wp-content\/uploads\/2026\/01\/PO-Janvier.jpg&#8221;][\/et_pb_image][et_pb_image src=&#8221;https:\/\/saintemariemayorga64220.fr\/wp-content\/uploads\/2025\/05\/PRONOTE-MAYORGA.jpg&#8221; url=&#8221;https:\/\/0640165g.index-education.net\/pronote\/&#8221; _builder_version=&#8221;3.0.84&#8243;][\/et_pb_image][\/et_pb_column][\/et_pb_row][\/et_pb_section]<\/p>\n","protected":false},"excerpt":{"rendered":"<p>[et_pb_section fb_built=&#8221;1&#8243; _builder_version=&#8221;3.0.84&#8243; custom_padding=&#8221;45px|0px|17px|0px&#8221; box_shadow_style=&#8221;preset6&#8243; box_shadow_horizontal=&#8221;80px&#8221; box_shadow_vertical=&#8221;80px&#8221; box_shadow_blur=&#8221;80px&#8221; box_shadow_spread=&#8221;48px&#8221;][et_pb_row make_fullwidth=&#8221;on&#8221; _builder_version=&#8221;3.0.84&#8243; module_alignment=&#8221;center&#8221;][et_pb_column type=&#8221;4_4&#8243; _builder_version=&#8221;3.0.84&#8243; parallax=&#8221;off&#8221; parallax_method=&#8221;on&#8221;][et_pb_text _builder_version=&#8221;3.0.84&#8243; text_font=&#8221;||||||||&#8221; header_font=&#8221;Carter One||||||||&#8221; header_font_size=&#8221;64px&#8221;] Bienvenue au coll\u00e8ge Mayorga [\/et_pb_text][\/et_pb_column][\/et_pb_row][\/et_pb_section][et_pb_section fb_built=&#8221;1&#8243; _builder_version=&#8221;3.0.84&#8243; box_shadow_style=&#8221;preset3&#8243;][\/et_pb_section][et_pb_section fb_built=&#8221;1&#8243; _builder_version=&#8221;3.0.84&#8243;][et_pb_row make_fullwidth=&#8221;on&#8221; _builder_version=&#8221;3.0.84&#8243; module_alignment=&#8221;left&#8221;][et_pb_column type=&#8221;1_2&#8243; _builder_version=&#8221;3.0.84&#8243; parallax=&#8221;off&#8221; parallax_method=&#8221;on&#8221;][et_pb_cta _builder_version=&#8221;3.0.84&#8243; header_font=&#8221;||||||||&#8221; body_font=&#8221;||||||||&#8221; custom_margin=&#8221;|-20px||-20px&#8221; locked=&#8221;off&#8221;] Venez nous rencontrer ! [\/et_pb_cta][\/et_pb_column][et_pb_column type=&#8221;1_2&#8243; _builder_version=&#8221;3.0.84&#8243; parallax=&#8221;off&#8221; parallax_method=&#8221;on&#8221;][et_pb_text _builder_version=&#8221;3.0.84&#8243; header_font=&#8221;Carter One||||||||&#8221;] [&hellip;]<\/p>\n","protected":false},"author":5,"featured_media":0,"parent":0,"menu_order":0,"comment_status":"closed","ping_status":"closed","template":"","meta":{"spay_email":""},"jetpack_sharing_enabled":true,"jetpack_shortlink":"https:\/\/wp.me\/P9jAgw-zo","jetpack_likes_enabled":true,"jetpack-related-posts":[{"id":2680,"url":"https:\/\/saintemariemayorga64220.fr\/eu\/college-2\/","url_meta":{"origin":2194,"position":0},"title":"Coll\u00e8ge","date":"2026 January 22, Thursday","format":false,"excerpt":" Voir la Page\u2026","rel":"","context":"Similar post","img":{"alt_text":"","src":"","width":0,"height":0},"classes":[]},{"id":17,"url":"https:\/\/saintemariemayorga64220.fr\/eu\/","url_meta":{"origin":2194,"position":1},"title":"Hastapena","date":"2014 September 28, Sunday","format":false,"excerpt":"[et_pb_section fb_built=\"1\" _builder_version=\"3.0.84\"\u2026","rel":"","context":"Similar post","img":{"alt_text":"","src":"","width":0,"height":0},"classes":[]},{"id":54,"url":"https:\/\/saintemariemayorga64220.fr\/eu\/college-jean-de-mayorga\/la-vie-a-mayorga\/les-ateliers-et-le-sport\/","url_meta":{"origin":2194,"position":2},"title":"Kirola eta atelierrak","date":"2014 October 26, Sunday","format":false,"excerpt":"Les ateliers Une fois par semaine, plusieurs ateliers sont propos\u00e9s dans l'emploi du temps (1 ou 2 s\u00e9ances) : Sports : Skate, Rugby en partenariat avec l'US Nafarroa,\u00a0 Activit\u00e9s culturelles : th\u00e9\u00e2tre, jeux de soci\u00e9t\u00e9s, danse,\u00a0 Un\u2026","rel":"","context":"Similar post","img":{"alt_text":"","src":"","width":0,"height":0},"classes":[]},{"id":68,"url":"https:\/\/saintemariemayorga64220.fr\/eu\/college-jean-de-mayorga\/mayorga-pratique\/renseignements-pratiques\/transports-scolaires\/","url_meta":{"origin":2194,"position":3},"title":"Transports scolaires","date":"2014 October 26, Sunday","format":false,"excerpt":" [et_pb_slide _builder_version=\"3.0.84\" heading=\"Transports scolaires\" use_background_color_gradient=\"off\" background_color_gradient_start=\"#2b87da\" background_color_gradient_end=\"#29c4a9\" background_color_gradient_type=\"linear\" background_color_gradient_direction=\"180deg\" background_color_gradient_direction_radial=\"center\" background_color_gradient_start_position=\"0%\" background_color_gradient_end_position=\"100%\" background_image=\"http:\/\/saintemariemayorga64220.fr\/wp-content\/uploads\/2014\/10\/auto-2583303_1920.jpg\" parallax=\"off\" parallax_method=\"on\" background_size=\"cover\" background_position=\"center\" background_repeat=\"no-repeat\" background_blend=\"normal\" allow_player_pause=\"off\" use_bg_overlay=\"on\" use_text_overlay=\"off\" text_border_radius=\"3\" alignment=\"center\" background_layout=\"dark\" header_level=\"h1\" header_font=\"||||||||\" header_font_size=\"65\" header_font_size_tablet=\"65\" header_font_size_phone=\"65\" body_font=\"||||||||\" custom_button=\"off\" button_bg_use_color_gradient=\"off\" button_bg_color_gradient_start=\"#2b87da\" button_bg_color_gradient_end=\"#29c4a9\" button_bg_color_gradient_type=\"linear\"\u2026","rel":"","context":"Similar post","img":{"alt_text":"","src":"","width":0,"height":0},"classes":[]},{"id":62,"url":"https:\/\/saintemariemayorga64220.fr\/eu\/college-jean-de-mayorga\/mayorga-pratique\/renseignements-pratiques\/inscriptions\/","url_meta":{"origin":2194,"position":4},"title":"Argibide praktikoak","date":"2014 October 26, Sunday","format":false,"excerpt":"[et_pb_section fb_built=\"1\"\u2026","rel":"","context":"Similar post","img":{"alt_text":"","src":"","width":0,"height":0},"classes":[]},{"id":72,"url":"https:\/\/saintemariemayorga64220.fr\/eu\/college-jean-de-mayorga\/mayorga-pratique\/renseignements-pratiques\/etude-du-soir\/","url_meta":{"origin":2194,"position":5},"title":"Arratseko estudioa","date":"2014 October 26, Sunday","format":false,"excerpt":" Arratseko estudioa osoki kitorik da.\u00a0Astelehenetan, astearteetan eta ortzegunetan segurtatua da. Kolegioak, estudio hori baino lehen,\u2026","rel":"","context":"Similar post","img":{"alt_text":"","src":"","width":0,"height":0},"classes":[]}],"_links":{"self":[{"href":"https:\/\/saintemariemayorga64220.fr\/eu\/wp-json\/wp\/v2\/pages\/2194"}],"collection":[{"href":"https:\/\/saintemariemayorga64220.fr\/eu\/wp-json\/wp\/v2\/pages"}],"about":[{"href":"https:\/\/saintemariemayorga64220.fr\/eu\/wp-json\/wp\/v2\/types\/page"}],"author":[{"embeddable":true,"href":"https:\/\/saintemariemayorga64220.fr\/eu\/wp-json\/wp\/v2\/users\/5"}],"replies":[{"embeddable":true,"href":"https:\/\/saintemariemayorga64220.fr\/eu\/wp-json\/wp\/v2\/comments?post=2194"}],"version-history":[{"count":29,"href":"https:\/\/saintemariemayorga64220.fr\/eu\/wp-json\/wp\/v2\/pages\/2194\/revisions"}],"predecessor-version":[{"id":2690,"href":"https:\/\/saintemariemayorga64220.fr\/eu\/wp-json\/wp\/v2\/pages\/2194\/revisions\/2690"}],"wp:attachment":[{"href":"https:\/\/saintemariemayorga64220.fr\/eu\/wp-json\/wp\/v2\/media?parent=2194"}],"curies":[{"name":"wp","href":"https:\/\/api.w.org\/{rel}","templated":true}]}}