{"id":2726,"date":"2026-01-26T06:28:53","date_gmt":"2026-01-26T05:28:53","guid":{"rendered":"https:\/\/saintemariemayorga64220.fr\/?page_id=2726"},"modified":"2026-01-27T22:40:45","modified_gmt":"2026-01-27T21:40:45","slug":"parrainage","status":"publish","type":"page","link":"https:\/\/saintemariemayorga64220.fr\/eu\/parrainage\/","title":{"rendered":"Parrainage"},"content":{"rendered":"<p>[et_pb_section fb_built=&#8221;1&#8243; inner_shadow=&#8221;on&#8221; admin_label=&#8221;section&#8221; _builder_version=&#8221;3.0.84&#8243; custom_padding=&#8221;30px|0px|30px|0px&#8221; box_shadow_style=&#8221;preset6&#8243; box_shadow_horizontal=&#8221;80px&#8221; box_shadow_vertical=&#8221;80px&#8221; box_shadow_blur=&#8221;80px&#8221; box_shadow_spread=&#8221;80px&#8221; box_shadow_color=&#8221;rgba(170,170,170,0.3)&#8221;][et_pb_row _builder_version=&#8221;3.0.84&#8243;][et_pb_column type=&#8221;4_4&#8243; _builder_version=&#8221;3.0.84&#8243; parallax=&#8221;off&#8221; parallax_method=&#8221;on&#8221;][et_pb_text _builder_version=&#8221;3.0.84&#8243; header_font=&#8221;||||||||&#8221; header_font_size=&#8221;45px&#8221; custom_margin=&#8221;-20px||-20px|&#8221; text_font=&#8221;||||||||&#8221;]<\/p>\n<h1 style=\"text-align: center;\"><strong><span style=\"color: #0000ff;\">Le Parrainage pour faciliter l&#8217;entr\u00e9e en 6e<\/span><\/strong><\/h1>\n<p>[\/et_pb_text][\/et_pb_column][\/et_pb_row][\/et_pb_section][et_pb_section fb_built=&#8221;1&#8243; fullwidth=&#8221;on&#8221; _builder_version=&#8221;3.0.84&#8243;][et_pb_fullwidth_image _builder_version=&#8221;3.0.84&#8243;][\/et_pb_fullwidth_image][\/et_pb_section][et_pb_section fb_built=&#8221;1&#8243; _builder_version=&#8221;3.0.84&#8243; custom_padding=&#8221;21px|0px|51.2px|0px&#8221;][et_pb_row _builder_version=&#8221;3.0.84&#8243;][et_pb_column type=&#8221;2_3&#8243; _builder_version=&#8221;3.0.84&#8243; parallax=&#8221;off&#8221; parallax_method=&#8221;on&#8221;][et_pb_text _builder_version=&#8221;3.0.84&#8243; header_font=&#8221;||||||||&#8221; header_3_font=&#8221;|700|||||||&#8221;]<\/p>\n<p>\u00a0\u00a0Afin de faciliter l\u2019entr\u00e9e en 6e et d\u2019accompagner les \u00e9l\u00e8ves dans cette \u00e9tape importante de leur scolarit\u00e9, le coll\u00e8ge met en place un <strong>projet de <span style=\"color: #ff0000;\">Parrainage<\/span><\/strong> entre \u00e9l\u00e8ves de 3e et \u00e9l\u00e8ves de 6e.<\/p>\n<p>Le principe est simple : <strong>chaque \u00e9l\u00e8ve de 6e (filleul)<\/strong> se voit attribuer <strong>un \u00e9l\u00e8ve de 3e\u00a0ou 4e (parrain)<\/strong>. Ce dernier devient un interlocuteur privil\u00e9gi\u00e9 pour l\u2019aider \u00e0 s\u2019adapter \u00e0 la vie au coll\u00e8ge. Parrain et filleul se retrouvent <strong>une heure par semaine<\/strong>, en pr\u00e9sence d\u2019un adulte, dans un cadre bienveillant et s\u00e9curisant.<\/p>\n<p>Ces temps d\u2019\u00e9change permettent de <strong>discuter du quotidien au coll\u00e8ge<\/strong>, de poser des questions, de <strong>faire les devoirs ensemble<\/strong> et d\u2019aborder, si besoin, des sujets plus personnels comme des <strong>difficult\u00e9s relationnelles ou scolaires<\/strong>. Fort de son exp\u00e9rience, le parrain partage ses conseils, rassure et accompagne son filleul avec \u00e9coute et bienveillance.<\/p>\n<p>Afin de favoriser une relation de confiance, <strong>le filleul compl\u00e8te un questionnaire<\/strong> en d\u00e9but d\u2019ann\u00e9e, dans lequel il peut exprimer ses attentes et, s\u2019il le souhaite, <strong>formuler un v\u0153u de parrain<\/strong>. Cette d\u00e9marche permet de constituer des bin\u00f4mes aussi coh\u00e9rents que possible.<\/p>\n<p>Ce projet de parrainage encourage <strong>l\u2019entraide, la solidarit\u00e9 et le vivre-ensemble<\/strong>, tout en valorisant l\u2019engagement des \u00e9l\u00e8ves de 3e et en offrant aux \u00e9l\u00e8ves de 6e un accompagnement rassurant pour bien d\u00e9marrer leur ann\u00e9e au coll\u00e8ge.<\/p>\n<p>[\/et_pb_text][\/et_pb_column][et_pb_column type=&#8221;1_3&#8243; _builder_version=&#8221;3.0.84&#8243; parallax=&#8221;off&#8221; parallax_method=&#8221;on&#8221;][et_pb_image src=&#8221;https:\/\/saintemariemayorga64220.fr\/wp-content\/uploads\/2026\/01\/Binome-photo.png&#8221; url=&#8221;https:\/\/www.facebook.com\/reel\/1951750059108713&#8243; use_overlay=&#8221;on&#8221; hover_icon=&#8221;%%40%%&#8221; _builder_version=&#8221;3.0.84&#8243; use_border_color=&#8221;on&#8221; border_width=&#8221;0px&#8221; animation_style=&#8221;fade&#8221; box_shadow_style=&#8221;preset2&#8243; custom_css_main_element=&#8221;image-scroll&#8221; custom_margin=&#8221;100px|||&#8221;][\/et_pb_image][\/et_pb_column][\/et_pb_row][\/et_pb_section]<\/p>\n","protected":false},"excerpt":{"rendered":"<p>[et_pb_section fb_built=&#8221;1&#8243; inner_shadow=&#8221;on&#8221; admin_label=&#8221;section&#8221; _builder_version=&#8221;3.0.84&#8243; custom_padding=&#8221;30px|0px|30px|0px&#8221; box_shadow_style=&#8221;preset6&#8243; box_shadow_horizontal=&#8221;80px&#8221; box_shadow_vertical=&#8221;80px&#8221; box_shadow_blur=&#8221;80px&#8221; box_shadow_spread=&#8221;80px&#8221; box_shadow_color=&#8221;rgba(170,170,170,0.3)&#8221;][et_pb_row _builder_version=&#8221;3.0.84&#8243;][et_pb_column type=&#8221;4_4&#8243; _builder_version=&#8221;3.0.84&#8243; parallax=&#8221;off&#8221; parallax_method=&#8221;on&#8221;][et_pb_text _builder_version=&#8221;3.0.84&#8243; header_font=&#8221;||||||||&#8221; header_font_size=&#8221;45px&#8221; custom_margin=&#8221;-20px||-20px|&#8221; text_font=&#8221;||||||||&#8221;] Le Parrainage pour faciliter l&#8217;entr\u00e9e en 6e [\/et_pb_text][\/et_pb_column][\/et_pb_row][\/et_pb_section][et_pb_section fb_built=&#8221;1&#8243; fullwidth=&#8221;on&#8221; _builder_version=&#8221;3.0.84&#8243;][et_pb_fullwidth_image _builder_version=&#8221;3.0.84&#8243;][\/et_pb_fullwidth_image][\/et_pb_section][et_pb_section fb_built=&#8221;1&#8243; _builder_version=&#8221;3.0.84&#8243; custom_padding=&#8221;21px|0px|51.2px|0px&#8221;][et_pb_row _builder_version=&#8221;3.0.84&#8243;][et_pb_column type=&#8221;2_3&#8243; _builder_version=&#8221;3.0.84&#8243; parallax=&#8221;off&#8221; parallax_method=&#8221;on&#8221;][et_pb_text _builder_version=&#8221;3.0.84&#8243; header_font=&#8221;||||||||&#8221; header_3_font=&#8221;|700|||||||&#8221;] \u00a0\u00a0Afin de faciliter l\u2019entr\u00e9e en 6e et d\u2019accompagner les \u00e9l\u00e8ves [&hellip;]<\/p>\n","protected":false},"author":5,"featured_media":0,"parent":0,"menu_order":0,"comment_status":"closed","ping_status":"closed","template":"","meta":{"spay_email":""},"jetpack_sharing_enabled":true,"jetpack_shortlink":"https:\/\/wp.me\/P9jAgw-HY","jetpack_likes_enabled":true,"jetpack-related-posts":[{"id":2680,"url":"https:\/\/saintemariemayorga64220.fr\/eu\/college-2\/","url_meta":{"origin":2726,"position":0},"title":"Coll\u00e8ge","date":"2026 January 22, Thursday","format":false,"excerpt":" Voir la Page\u2026","rel":"","context":"Similar post","img":{"alt_text":"","src":"","width":0,"height":0},"classes":[]},{"id":2052,"url":"https:\/\/saintemariemayorga64220.fr\/eu\/modules\/","url_meta":{"origin":2726,"position":1},"title":"Modules","date":"2025 November 26, Wednesday","format":false,"excerpt":"[et_pb_slide heading=\"Une poule sur un mur\" button_text=\"Voir les r\u00e9sultats\u2026","rel":"","context":"Similar post","img":{"alt_text":"","src":"https:\/\/i0.wp.com\/saintemariemayorga64220.fr\/wp-content\/uploads\/2020\/04\/10-225x300.jpg?resize=350%2C200&ssl=1","width":350,"height":200},"classes":[]},{"id":54,"url":"https:\/\/saintemariemayorga64220.fr\/eu\/college-jean-de-mayorga\/la-vie-a-mayorga\/les-ateliers-et-le-sport\/","url_meta":{"origin":2726,"position":2},"title":"Kirola eta atelierrak","date":"2014 October 26, Sunday","format":false,"excerpt":"Les ateliers Une fois par semaine, plusieurs ateliers sont propos\u00e9s dans l'emploi du temps (1 ou 2 s\u00e9ances) : Sports : Skate, Rugby en partenariat avec l'US Nafarroa,\u00a0 Activit\u00e9s culturelles : th\u00e9\u00e2tre, jeux de soci\u00e9t\u00e9s, danse,\u00a0 Un\u2026","rel":"","context":"Similar post","img":{"alt_text":"","src":"","width":0,"height":0},"classes":[]},{"id":62,"url":"https:\/\/saintemariemayorga64220.fr\/eu\/college-jean-de-mayorga\/mayorga-pratique\/renseignements-pratiques\/inscriptions\/","url_meta":{"origin":2726,"position":3},"title":"Argibide praktikoak","date":"2014 October 26, Sunday","format":false,"excerpt":"[et_pb_section fb_built=\"1\"\u2026","rel":"","context":"Similar post","img":{"alt_text":"","src":"","width":0,"height":0},"classes":[]},{"id":64,"url":"https:\/\/saintemariemayorga64220.fr\/eu\/college-jean-de-mayorga\/mayorga-pratique\/renseignements-pratiques\/horaires\/","url_meta":{"origin":2726,"position":4},"title":"Ordutegia","date":"2014 October 26, Sunday","format":false,"excerpt":"[et_pb_slider\u2026","rel":"","context":"Similar post","img":{"alt_text":"","src":"","width":0,"height":0},"classes":[]},{"id":68,"url":"https:\/\/saintemariemayorga64220.fr\/eu\/college-jean-de-mayorga\/mayorga-pratique\/renseignements-pratiques\/transports-scolaires\/","url_meta":{"origin":2726,"position":5},"title":"Transports scolaires","date":"2014 October 26, Sunday","format":false,"excerpt":" [et_pb_slide _builder_version=\"3.0.84\" heading=\"Transports scolaires\" use_background_color_gradient=\"off\" background_color_gradient_start=\"#2b87da\" background_color_gradient_end=\"#29c4a9\" background_color_gradient_type=\"linear\" background_color_gradient_direction=\"180deg\" background_color_gradient_direction_radial=\"center\" background_color_gradient_start_position=\"0%\" background_color_gradient_end_position=\"100%\" background_image=\"http:\/\/saintemariemayorga64220.fr\/wp-content\/uploads\/2014\/10\/auto-2583303_1920.jpg\" parallax=\"off\" parallax_method=\"on\" background_size=\"cover\" background_position=\"center\" background_repeat=\"no-repeat\" background_blend=\"normal\" allow_player_pause=\"off\" use_bg_overlay=\"on\" use_text_overlay=\"off\" text_border_radius=\"3\" alignment=\"center\" background_layout=\"dark\" header_level=\"h1\" header_font=\"||||||||\" header_font_size=\"65\" header_font_size_tablet=\"65\" header_font_size_phone=\"65\" body_font=\"||||||||\" custom_button=\"off\" button_bg_use_color_gradient=\"off\" button_bg_color_gradient_start=\"#2b87da\" button_bg_color_gradient_end=\"#29c4a9\" button_bg_color_gradient_type=\"linear\"\u2026","rel":"","context":"Similar post","img":{"alt_text":"","src":"","width":0,"height":0},"classes":[]}],"_links":{"self":[{"href":"https:\/\/saintemariemayorga64220.fr\/eu\/wp-json\/wp\/v2\/pages\/2726"}],"collection":[{"href":"https:\/\/saintemariemayorga64220.fr\/eu\/wp-json\/wp\/v2\/pages"}],"about":[{"href":"https:\/\/saintemariemayorga64220.fr\/eu\/wp-json\/wp\/v2\/types\/page"}],"author":[{"embeddable":true,"href":"https:\/\/saintemariemayorga64220.fr\/eu\/wp-json\/wp\/v2\/users\/5"}],"replies":[{"embeddable":true,"href":"https:\/\/saintemariemayorga64220.fr\/eu\/wp-json\/wp\/v2\/comments?post=2726"}],"version-history":[{"count":16,"href":"https:\/\/saintemariemayorga64220.fr\/eu\/wp-json\/wp\/v2\/pages\/2726\/revisions"}],"predecessor-version":[{"id":2763,"href":"https:\/\/saintemariemayorga64220.fr\/eu\/wp-json\/wp\/v2\/pages\/2726\/revisions\/2763"}],"wp:attachment":[{"href":"https:\/\/saintemariemayorga64220.fr\/eu\/wp-json\/wp\/v2\/media?parent=2726"}],"curies":[{"name":"wp","href":"https:\/\/api.w.org\/{rel}","templated":true}]}}