{"id":34,"date":"2014-10-26T13:55:21","date_gmt":"2014-10-26T12:55:21","guid":{"rendered":"http:\/\/saintemariemayorga64220.fr\/?page_id=34"},"modified":"2026-01-17T08:21:53","modified_gmt":"2026-01-17T07:21:53","slug":"linternat","status":"publish","type":"page","link":"https:\/\/saintemariemayorga64220.fr\/eu\/college-jean-de-mayorga\/linternat\/","title":{"rendered":"L&#8217;internat"},"content":{"rendered":"<p>[et_pb_section fb_built=&#8221;1&#8243; _builder_version=&#8221;3.0.84&#8243; custom_padding=&#8221;3px|0px|3px|0px&#8221; box_shadow_style=&#8221;preset6&#8243; box_shadow_horizontal=&#8221;80px&#8221; box_shadow_vertical=&#8221;80px&#8221; box_shadow_blur=&#8221;38px&#8221; box_shadow_spread=&#8221;35px&#8221;][et_pb_row make_fullwidth=&#8221;on&#8221; custom_padding=&#8221;22px|0px|0px|0px&#8221; _builder_version=&#8221;3.0.84&#8243; module_alignment=&#8221;center&#8221; use_background_color_gradient_1=&#8221;off&#8221; background_color_gradient_start_1=&#8221;#29c4a9&#8243; background_color_gradient_end_1=&#8221;#2b87da&#8221;][et_pb_column type=&#8221;4_4&#8243; _builder_version=&#8221;3.0.84&#8243; parallax=&#8221;off&#8221; parallax_method=&#8221;on&#8221; use_background_color_gradient=&#8221;off&#8221; background_color_gradient_start=&#8221;#29c4a9&#8243; background_color_gradient_end=&#8221;#2b87da&#8221;][et_pb_text _builder_version=&#8221;3.0.84&#8243; text_font=&#8221;||||||||&#8221; header_font=&#8221;Candal|700|||||||&#8221; header_text_align=&#8221;center&#8221; header_font_size=&#8221;50px&#8221;]<\/p>\n<h1 style=\"text-align: center;\"><em><span style=\"color: #0b50bf;\">Internat<\/span><\/em><\/h1>\n<p>[\/et_pb_text][\/et_pb_column][\/et_pb_row][\/et_pb_section][et_pb_section fb_built=&#8221;1&#8243; specialty=&#8221;on&#8221; _builder_version=&#8221;3.0.84&#8243; box_shadow_style=&#8221;preset3&#8243;][et_pb_column type=&#8221;1_2&#8243; specialty_columns=&#8221;2&#8243; _builder_version=&#8221;3.0.47&#8243;][et_pb_row_inner _builder_version=&#8221;3.0.84&#8243;][et_pb_column_inner type=&#8221;4_4&#8243; saved_specialty_column_type=&#8221;1_2&#8243; _builder_version=&#8221;3.0.47&#8243; box_shadow_position=&#8221;outer&#8221; parallax=&#8221;off&#8221; parallax_method=&#8221;on&#8221;][et_pb_text _builder_version=&#8221;3.0.84&#8243; text_font=&#8221;||||||||&#8221; header_font=&#8221;||||||||&#8221;]<\/p>\n<h3><span style=\"color: #0c71c3;\"><em><strong>Vers un internat d&#8217;excellence<\/strong><\/em><\/span><\/h3>\n<p>Au sein m\u00eame du coll\u00e8ge, l\u2019internat accueille les \u00e9l\u00e8ves de la sixi\u00e8me \u00e0 la troisi\u00e8me, du lundi au vendredi, dans un cadre de vie rigoureux et familial.<\/p>\n<p>L\u2019internat, est structur\u00e9 de mani\u00e8re \u00e0 concilier temps de travail et moments de d\u00e9tente. Chacun apprend \u00e0 respecter les r\u00e8gles de vie afin d\u2019assurer une vie communautaire paisible.<\/p>\n<p>&nbsp;<\/p>\n<h3><span style=\"color: #0c71c3;\"><strong><em>Objectif<\/em><\/strong><\/span><\/h3>\n<p><span style=\"color: #001144; font-family: 'Open Sans', Arial, sans-serif; font-size: 14px; font-style: normal; font-variant-ligatures: normal; font-variant-caps: normal; font-weight: 500; letter-spacing: normal; orphans: 2; text-align: left; text-indent: 0px; text-transform: none; widows: 2; word-spacing: 0px; -webkit-text-stroke-width: 0px; white-space: normal; background-color: #ffffff; text-decoration-thickness: initial; text-decoration-style: initial; text-decoration-color: initial; display: inline !important; float: none;\">Favoriser les conditions de l\u2019excellence, c\u2019est pouvoir donner \u00e0 tout \u00e9l\u00e8ve s\u00e9rieux et motiv\u00e9 la possibilit\u00e9<span>\u00a0<\/span><\/span><strong style=\"box-sizing: border-box; margin: 0px; padding: 0px; border: 0px; outline: 0px; background: 0px 0px #ffffff; font-size: 14px; vertical-align: baseline; text-size-adjust: 100%; font-weight: bold; color: #001144; font-family: 'Open Sans', Arial, sans-serif; font-style: normal; font-variant-ligatures: normal; font-variant-caps: normal; letter-spacing: normal; orphans: 2; text-align: left; text-indent: 0px; text-transform: none; widows: 2; word-spacing: 0px; -webkit-text-stroke-width: 0px; white-space: normal; text-decoration-thickness: initial; text-decoration-style: initial; text-decoration-color: initial;\"><u style=\"box-sizing: border-box; margin: 0px; padding: 0px; border: 0px; outline: 0px; background: 0px 0px; font-size: 14px; vertical-align: baseline; text-size-adjust: 100%;\">de viser le meilleur de lui-m\u00eame<\/u><\/strong><span style=\"color: #001144; font-family: 'Open Sans', Arial, sans-serif; font-size: 14px; font-style: normal; font-variant-ligatures: normal; font-variant-caps: normal; font-weight: 500; letter-spacing: normal; orphans: 2; text-align: left; text-indent: 0px; text-transform: none; widows: 2; word-spacing: 0px; -webkit-text-stroke-width: 0px; white-space: normal; background-color: #ffffff; text-decoration-thickness: initial; text-decoration-style: initial; text-decoration-color: initial; display: inline !important; float: none;\">, d\u2019o\u00f9 qu\u2019il parte.<\/span><\/p>\n<p>[\/et_pb_text][\/et_pb_column_inner][\/et_pb_row_inner][\/et_pb_column][et_pb_column type=&#8221;1_2&#8243; _builder_version=&#8221;3.0.47&#8243;][et_pb_image src=&#8221;https:\/\/saintemariemayorga64220.fr\/wp-content\/uploads\/2014\/10\/internat1.jpg&#8221; align=&#8221;right&#8221; _builder_version=&#8221;3.0.84&#8243;][\/et_pb_image][\/et_pb_column][\/et_pb_section][et_pb_section fb_built=&#8221;1&#8243; _builder_version=&#8221;3.0.84&#8243; box_shadow_style=&#8221;preset3&#8243;][et_pb_row make_fullwidth=&#8221;on&#8221; _builder_version=&#8221;3.0.84&#8243; module_alignment=&#8221;center&#8221;][et_pb_column type=&#8221;4_4&#8243; _builder_version=&#8221;3.0.84&#8243; parallax=&#8221;off&#8221; parallax_method=&#8221;on&#8221;][et_pb_text _builder_version=&#8221;3.0.84&#8243; text_font=&#8221;||||||||&#8221;]<\/p>\n<h2 style=\"text-align: center;\"><span style=\"color: #0c71c3;\"><strong>Ce qui favorise la r\u00e9ussite<\/strong><\/span><\/h2>\n<p>[\/et_pb_text][\/et_pb_column][\/et_pb_row][et_pb_row make_fullwidth=&#8221;on&#8221; _builder_version=&#8221;3.0.84&#8243; module_alignment=&#8221;center&#8221;][et_pb_column type=&#8221;1_3&#8243; _builder_version=&#8221;3.0.84&#8243; parallax=&#8221;off&#8221; parallax_method=&#8221;on&#8221;][et_pb_text _builder_version=&#8221;3.0.84&#8243;]<\/p>\n<h5><strong style=\"box-sizing: border-box; margin: 0px; padding: 0px; border: 0px; outline: 0px; background: 0px 0px; font-size: 14px; vertical-align: baseline; text-size-adjust: 100%; font-weight: bold;\"><u style=\"box-sizing: border-box; margin: 0px; padding: 0px; border: 0px; outline: 0px; background: 0px 0px; font-size: 14px; vertical-align: baseline; text-size-adjust: 100%;\">L&#8217;accompagnement individuel<\/u><\/strong><\/h5>\n<p>\u00a0L&#8217;internat est un internat familal qui accueille au maximum 26 \u00e9l\u00e8ves ce qui permet d&#8217;apporter une attention particuli\u00e8re \u00e0 chacun.<\/p>\n<p>[\/et_pb_text][\/et_pb_column][et_pb_column type=&#8221;1_3&#8243; _builder_version=&#8221;3.0.84&#8243; parallax=&#8221;off&#8221; parallax_method=&#8221;on&#8221;][et_pb_text _builder_version=&#8221;3.0.84&#8243;]<\/p>\n<h4><strong style=\"box-sizing: border-box; margin: 0px; padding: 0px; border: 0px; outline: 0px; background: 0px 0px; font-size: 14px; vertical-align: baseline; text-size-adjust: 100%; font-weight: bold;\"><u style=\"box-sizing: border-box; margin: 0px; padding: 0px; border: 0px; outline: 0px; background: 0px 0px; font-size: 14px; vertical-align: baseline; text-size-adjust: 100%;\">Un internat familial en lien avec les familles<\/u><\/strong>\u00a0<\/h4>\n<p>L\u2019internat est implant\u00e9 dans un petit \u00e9tablissement accueillant environ 120 \u00e9l\u00e8ves, au sein de la bourgade historique de Saint Jean Pied de Port, sur les chemins de St Jacques de Compostel.\u00a0<\/p>\n<p>[\/et_pb_text][\/et_pb_column][et_pb_column type=&#8221;1_3&#8243; _builder_version=&#8221;3.0.84&#8243; parallax=&#8221;off&#8221; parallax_method=&#8221;on&#8221;][et_pb_text _builder_version=&#8221;3.0.84&#8243;]<\/p>\n<h4><strong style=\"box-sizing: border-box; margin: 0px; padding: 0px; border: 0px; outline: 0px; background: 0px 0px; font-size: 14px; vertical-align: baseline; text-size-adjust: 100%; font-weight: bold;\"><u style=\"box-sizing: border-box; margin: 0px; padding: 0px; border: 0px; outline: 0px; background: 0px 0px; font-size: 14px; vertical-align: baseline; text-size-adjust: 100%;\">L&#8217;\u00e9panouissement personnel<\/u><\/strong><\/h4>\n<p>Le mercredi apr\u00e8s-midi est en patie consacr\u00e9 aux activit\u00e9s sportives et culturelles.<\/p>\n<p>[\/et_pb_text][\/et_pb_column][\/et_pb_row][\/et_pb_section][et_pb_section fb_built=&#8221;1&#8243; make_fullwidth=&#8221;on&#8221; specialty=&#8221;on&#8221; padding_right_1=&#8221;10px&#8221; padding_left_2=&#8221;10px&#8221; _builder_version=&#8221;3.0.84&#8243; box_shadow_style=&#8221;preset3&#8243;][et_pb_column type=&#8221;1_2&#8243; _builder_version=&#8221;3.0.47&#8243; padding_right=&#8221;10px&#8221;][et_pb_gallery fullwidth=&#8221;on&#8221; _builder_version=&#8221;3.0.84&#8243; title_font=&#8221;||||||||&#8221; caption_text_align=&#8221;center&#8221; pagination_font=&#8221;||||||||&#8221; text_orientation=&#8221;center&#8221; custom_margin=&#8221;20px|||&#8221;][\/et_pb_gallery][\/et_pb_column][et_pb_column type=&#8221;1_2&#8243; specialty_columns=&#8221;2&#8243; _builder_version=&#8221;3.0.47&#8243; padding_left=&#8221;10px&#8221;][et_pb_row_inner _builder_version=&#8221;3.0.84&#8243; custom_margin=&#8221;-20px|||&#8221;][et_pb_column_inner type=&#8221;4_4&#8243; saved_specialty_column_type=&#8221;1_2&#8243; _builder_version=&#8221;3.0.47&#8243; box_shadow_position=&#8221;outer&#8221; parallax=&#8221;off&#8221; parallax_method=&#8221;on&#8221;][et_pb_text _builder_version=&#8221;3.0.84&#8243; text_font=&#8221;||||||||&#8221; text_line_height=&#8221;1.4em&#8221; custom_margin=&#8221;|||&#8221;]<\/p>\n<h2><strong><\/strong><\/h2>\n<h2><strong><\/strong><\/h2>\n<h2><strong><\/strong><\/h2>\n<h2><strong><\/strong><\/h2>\n<h2><span style=\"color: #0c71c3;\"><strong>L&#8217;organisation<\/strong><\/span><\/h2>\n<p style=\"box-sizing: border-box; margin: 0px; padding: 0px 0px 1em; border: 0px; outline: 0px; background: 0px 0px #ffffff; font-size: 14px; vertical-align: baseline; text-size-adjust: 100%; color: #001144; font-family: 'Open Sans', Arial, sans-serif; font-style: normal; font-variant-ligatures: normal; font-variant-caps: normal; font-weight: 500; letter-spacing: normal; orphans: 2; text-align: left; text-indent: 0px; text-transform: none; widows: 2; word-spacing: 0px; -webkit-text-stroke-width: 0px; white-space: normal; text-decoration-thickness: initial; text-decoration-style: initial; text-decoration-color: initial;\">\n<p style=\"box-sizing: border-box; margin: 0px; padding: 0px 0px 1em; border: 0px; outline: 0px; background: 0px 0px #ffffff; font-size: 14px; vertical-align: baseline; text-size-adjust: 100%; color: #001144; font-family: 'Open Sans', Arial, sans-serif; font-style: normal; font-variant-ligatures: normal; font-variant-caps: normal; font-weight: 500; letter-spacing: normal; orphans: 2; text-align: left; text-indent: 0px; text-transform: none; widows: 2; word-spacing: 0px; -webkit-text-stroke-width: 0px; white-space: normal; text-decoration-thickness: initial; text-decoration-style: initial; text-decoration-color: initial;\">Une journ\u00e9e \u00e0 l\u2019internat :<\/p>\n<p style=\"padding-left: 30px;\">&#8211; 7h00 : r\u00e9veil, douche et petit d\u00e9jeuner<\/p>\n<p style=\"padding-left: 30px;\">&#8211; 8h20 : d\u00e9but des cours<\/p>\n<p style=\"padding-left: 30px;\">&#8211; 17h20 : fin des cours, go\u00fbter et pause<\/p>\n<p style=\"padding-left: 30px;\">&#8211; 18h-19h15 : \u00e9tude<\/p>\n<p style=\"padding-left: 30px;\">&#8211; 19h15-20h : repas<\/p>\n<p style=\"padding-left: 30px;\">&#8211; 20h -21h15 :\u00e9tude en fonction de l\u2019avancement des devoirs<\/p>\n<p style=\"padding-left: 30px;\">&#8211; 21h15 : pr\u00e9paration du coucher<\/p>\n<p style=\"padding-left: 30px;\">&#8211; 21h45 : extinction des lumi\u00e8res pour permettre \u00e0 chacun un temps de sommeil suffisant.<\/p>\n<p style=\"padding-left: 30px;\">\n<p><span style=\"color: #001144; font-family: 'Open Sans', Arial, sans-serif; font-size: 14px; font-style: normal; font-variant-ligatures: normal; font-variant-caps: normal; font-weight: 500; letter-spacing: normal; orphans: 2; text-align: left; text-indent: 0px; text-transform: none; widows: 2; word-spacing: 0px; -webkit-text-stroke-width: 0px; white-space: normal; background-color: #ffffff; text-decoration-thickness: initial; text-decoration-style: initial; text-decoration-color: initial; display: inline !important; float: none;\">Une liste indicative de mat\u00e9riel et fournitures est donn\u00e9e lors de l\u2019inscription.<\/span><\/p>\n<p>[\/et_pb_text][\/et_pb_column_inner][\/et_pb_row_inner][\/et_pb_column][\/et_pb_section][et_pb_section fb_built=&#8221;1&#8243; _builder_version=&#8221;3.0.84&#8243;][et_pb_row _builder_version=&#8221;3.0.84&#8243;][et_pb_column type=&#8221;4_4&#8243; _builder_version=&#8221;3.0.84&#8243; parallax=&#8221;off&#8221; parallax_method=&#8221;on&#8221;][et_pb_text _builder_version=&#8221;3.0.84&#8243;]<\/p>\n<h3 style=\"text-align: center;\">Pour d\u00e9couvrir notre projet d\u2019internat, cliquez ici :<a href=\"http:\/\/saintemariemayorga64220.fr\/wp-content\/uploads\/2014\/10\/projet-dinternat.pdf\" rel=\"\" style=\"box-sizing: border-box; margin: 0px; padding: 0px; border: 0px; outline: 0px; background: 0px 0px; font-size: 14px; vertical-align: baseline; text-size-adjust: 100%; color: #2ea3f2; text-decoration: none;\"><span>\u00a0<\/span><span style=\"font-size: large;\">projet d\u2019internat<\/span><\/a><\/h3>\n<p>[\/et_pb_text][\/et_pb_column][\/et_pb_row][\/et_pb_section]<\/p>\n","protected":false},"excerpt":{"rendered":"<p>[et_pb_section fb_built=&#8221;1&#8243; _builder_version=&#8221;3.0.84&#8243; custom_padding=&#8221;3px|0px|3px|0px&#8221; box_shadow_style=&#8221;preset6&#8243; box_shadow_horizontal=&#8221;80px&#8221; box_shadow_vertical=&#8221;80px&#8221; box_shadow_blur=&#8221;38px&#8221; box_shadow_spread=&#8221;35px&#8221;][et_pb_row make_fullwidth=&#8221;on&#8221; custom_padding=&#8221;22px|0px|0px|0px&#8221; _builder_version=&#8221;3.0.84&#8243; module_alignment=&#8221;center&#8221; use_background_color_gradient_1=&#8221;off&#8221; background_color_gradient_start_1=&#8221;#29c4a9&#8243; background_color_gradient_end_1=&#8221;#2b87da&#8221;][et_pb_column type=&#8221;4_4&#8243; _builder_version=&#8221;3.0.84&#8243; parallax=&#8221;off&#8221; parallax_method=&#8221;on&#8221; use_background_color_gradient=&#8221;off&#8221; background_color_gradient_start=&#8221;#29c4a9&#8243; background_color_gradient_end=&#8221;#2b87da&#8221;][et_pb_text _builder_version=&#8221;3.0.84&#8243; text_font=&#8221;||||||||&#8221; header_font=&#8221;Candal|700|||||||&#8221; header_text_align=&#8221;center&#8221; header_font_size=&#8221;50px&#8221;] Internat [\/et_pb_text][\/et_pb_column][\/et_pb_row][\/et_pb_section][et_pb_section fb_built=&#8221;1&#8243; specialty=&#8221;on&#8221; _builder_version=&#8221;3.0.84&#8243; box_shadow_style=&#8221;preset3&#8243;][et_pb_column type=&#8221;1_2&#8243; specialty_columns=&#8221;2&#8243; _builder_version=&#8221;3.0.47&#8243;][et_pb_row_inner _builder_version=&#8221;3.0.84&#8243;][et_pb_column_inner type=&#8221;4_4&#8243; saved_specialty_column_type=&#8221;1_2&#8243; _builder_version=&#8221;3.0.47&#8243; box_shadow_position=&#8221;outer&#8221; parallax=&#8221;off&#8221; parallax_method=&#8221;on&#8221;][et_pb_text _builder_version=&#8221;3.0.84&#8243; text_font=&#8221;||||||||&#8221; header_font=&#8221;||||||||&#8221;] Vers un internat d&#8217;excellence Au sein m\u00eame du [&hellip;]<\/p>\n","protected":false},"author":1,"featured_media":0,"parent":26,"menu_order":4,"comment_status":"closed","ping_status":"open","template":"","meta":{"spay_email":""},"jetpack_sharing_enabled":true,"jetpack_shortlink":"https:\/\/wp.me\/P9jAgw-y","jetpack_likes_enabled":true,"jetpack-related-posts":[{"id":72,"url":"https:\/\/saintemariemayorga64220.fr\/eu\/college-jean-de-mayorga\/mayorga-pratique\/renseignements-pratiques\/etude-du-soir\/","url_meta":{"origin":34,"position":0},"title":"Arratseko estudioa","date":"2014 October 26, Sunday","format":false,"excerpt":" Arratseko estudioa osoki kitorik da.\u00a0Astelehenetan, astearteetan eta ortzegunetan segurtatua da. Kolegioak, estudio hori baino lehen,\u2026","rel":"","context":"Similar post","img":{"alt_text":"","src":"","width":0,"height":0},"classes":[]},{"id":74,"url":"https:\/\/saintemariemayorga64220.fr\/eu\/college-jean-de-mayorga\/mayorga-pratique\/renseignements-pratiques\/cantin\/","url_meta":{"origin":34,"position":1},"title":"Jangela","date":"2014 October 26, Sunday","format":false,"excerpt":" Ikus tarifak eta baldintzak Tarifak erlaitzean. Eskolak eta kolegioak sukaldari bat badute. Horrek\u2026","rel":"","context":"Similar post","img":{"alt_text":"","src":"","width":0,"height":0},"classes":[]},{"id":52,"url":"https:\/\/saintemariemayorga64220.fr\/eu\/college-jean-de-mayorga\/la-vie-a-mayorga\/le-bilinguisme-et-loption-basque\/","url_meta":{"origin":34,"position":2},"title":"Elebiduntasuna eta euskara hautuz","date":"2014 October 26, Sunday","format":false,"excerpt":" [et_pb_slide _builder_version=\"3.0.84\" use_background_color_gradient=\"off\" background_color_gradient_start=\"#2b87da\" background_color_gradient_end=\"#29c4a9\" background_color_gradient_type=\"linear\" background_color_gradient_direction=\"180deg\" background_color_gradient_direction_radial=\"center\" background_color_gradient_start_position=\"0%\" background_color_gradient_end_position=\"100%\" background_image=\"http:\/\/saintemariemayorga64220.fr\/wp-content\/uploads\/2015\/10\/DSCN1903.jpg\" parallax=\"off\" parallax_method=\"on\" background_size=\"cover\" background_position=\"center\" background_repeat=\"no-repeat\" background_blend=\"normal\" allow_player_pause=\"off\" use_bg_overlay=\"off\" use_text_overlay=\"off\" text_border_radius=\"3\" alignment=\"center\" background_layout=\"dark\" header_level=\"h1\" header_font=\"||||||||\" body_font=\"||||||||\" custom_button=\"off\" button_bg_use_color_gradient=\"off\" button_bg_color_gradient_start=\"#2b87da\" button_bg_color_gradient_end=\"#29c4a9\" button_bg_color_gradient_type=\"linear\" button_bg_color_gradient_direction_radial=\"center\" button_bg_size=\"cover\" button_bg_position=\"center\" button_bg_repeat=\"no-repeat\" button_bg_blend=\"normal\" button_font=\"||||||||\"\u2026","rel":"","context":"Similar post","img":{"alt_text":"","src":"https:\/\/i0.wp.com\/saintemariemayorga64220.fr\/wp-content\/uploads\/2015\/10\/DSCN1903-300x225.jpg?resize=350%2C200","width":350,"height":200},"classes":[]},{"id":17,"url":"https:\/\/saintemariemayorga64220.fr\/eu\/","url_meta":{"origin":34,"position":3},"title":"Hastapena","date":"2014 September 28, Sunday","format":false,"excerpt":"[et_pb_section fb_built=\"1\" _builder_version=\"3.0.84\"\u2026","rel":"","context":"Similar post","img":{"alt_text":"","src":"","width":0,"height":0},"classes":[]},{"id":62,"url":"https:\/\/saintemariemayorga64220.fr\/eu\/college-jean-de-mayorga\/mayorga-pratique\/renseignements-pratiques\/inscriptions\/","url_meta":{"origin":34,"position":4},"title":"Argibide praktikoak","date":"2014 October 26, Sunday","format":false,"excerpt":"[et_pb_section fb_built=\"1\"\u2026","rel":"","context":"Similar post","img":{"alt_text":"","src":"","width":0,"height":0},"classes":[]},{"id":54,"url":"https:\/\/saintemariemayorga64220.fr\/eu\/college-jean-de-mayorga\/la-vie-a-mayorga\/les-ateliers-et-le-sport\/","url_meta":{"origin":34,"position":5},"title":"Kirola eta atelierrak","date":"2014 October 26, Sunday","format":false,"excerpt":"Les ateliers Une fois par semaine, plusieurs ateliers sont propos\u00e9s dans l'emploi du temps (1 ou 2 s\u00e9ances) : Sports : Skate, Rugby en partenariat avec l'US Nafarroa,\u00a0 Activit\u00e9s culturelles : th\u00e9\u00e2tre, jeux de soci\u00e9t\u00e9s, danse,\u00a0 Un\u2026","rel":"","context":"Similar post","img":{"alt_text":"","src":"","width":0,"height":0},"classes":[]}],"_links":{"self":[{"href":"https:\/\/saintemariemayorga64220.fr\/eu\/wp-json\/wp\/v2\/pages\/34"}],"collection":[{"href":"https:\/\/saintemariemayorga64220.fr\/eu\/wp-json\/wp\/v2\/pages"}],"about":[{"href":"https:\/\/saintemariemayorga64220.fr\/eu\/wp-json\/wp\/v2\/types\/page"}],"author":[{"embeddable":true,"href":"https:\/\/saintemariemayorga64220.fr\/eu\/wp-json\/wp\/v2\/users\/1"}],"replies":[{"embeddable":true,"href":"https:\/\/saintemariemayorga64220.fr\/eu\/wp-json\/wp\/v2\/comments?post=34"}],"version-history":[{"count":29,"href":"https:\/\/saintemariemayorga64220.fr\/eu\/wp-json\/wp\/v2\/pages\/34\/revisions"}],"predecessor-version":[{"id":2656,"href":"https:\/\/saintemariemayorga64220.fr\/eu\/wp-json\/wp\/v2\/pages\/34\/revisions\/2656"}],"up":[{"embeddable":true,"href":"https:\/\/saintemariemayorga64220.fr\/eu\/wp-json\/wp\/v2\/pages\/26"}],"wp:attachment":[{"href":"https:\/\/saintemariemayorga64220.fr\/eu\/wp-json\/wp\/v2\/media?parent=34"}],"curies":[{"name":"wp","href":"https:\/\/api.w.org\/{rel}","templated":true}]}}