{"id":54,"date":"2014-10-26T14:02:00","date_gmt":"2014-10-26T13:02:00","guid":{"rendered":"http:\/\/saintemariemayorga64220.fr\/?page_id=54"},"modified":"2026-01-27T22:22:57","modified_gmt":"2026-01-27T21:22:57","slug":"les-ateliers-et-le-sport","status":"publish","type":"page","link":"https:\/\/saintemariemayorga64220.fr\/eu\/college-jean-de-mayorga\/la-vie-a-mayorga\/les-ateliers-et-le-sport\/","title":{"rendered":"Kirola eta atelierrak"},"content":{"rendered":"<p>[et_pb_section fb_built=&#8221;1&#8243; _builder_version=&#8221;3.0.84&#8243;][et_pb_row _builder_version=&#8221;3.0.84&#8243;][et_pb_column type=&#8221;4_4&#8243; _builder_version=&#8221;3.0.84&#8243; parallax=&#8221;off&#8221; parallax_method=&#8221;on&#8221;][et_pb_tabs _builder_version=&#8221;3.0.84&#8243;][et_pb_tab title=&#8221;Les ateliers et l&#8217;UNSS&#8221; _builder_version=&#8221;3.0.84&#8243;]<\/p>\n<h4><strong>Les ateliers<\/strong><\/h4>\n<p>Une fois par semaine, plusieurs ateliers sont propos\u00e9s dans l&#8217;emploi du temps (1 ou 2 s\u00e9ances) :<\/p>\n<ul>\n<li>Sports : Skate, Rugby en partenariat avec l&#8217;US Nafarroa,\u00a0<\/li>\n<li>Activit\u00e9s culturelles : th\u00e9\u00e2tre, jeux de soci\u00e9t\u00e9s, danse,\u00a0<\/li>\n<\/ul>\n<p>Un spectacle (repr\u00e9sentation th\u00e9\u00e2trale int\u00e9grant ces trois ateliers) est organis\u00e9 en fin d&#8217;ann\u00e9e. \u00a0<\/p>\n<p>&nbsp;<\/p>\n<h4><strong>UNSS : association sportive<\/strong><\/h4>\n<p>Le mercredi apr\u00e8s-midi, diverses activit\u00e9s sont propos\u00e9es dans le cadre de l&#8217;UNSS.\u00a0<\/p>\n<p>[\/et_pb_tab][et_pb_tab title=&#8221;Tailerrak eta UNSS&#8221; _builder_version=&#8221;3.0.84&#8243;]<\/p>\n<h4><strong>Atelierrak<\/strong><\/h4>\n<p>Astea guziz, atelierrak proposatuak dira, ordutegiaren barnean :<\/p>\n<ul>\n<li>Kirolak: Skate,\u00a0<span id=\"tgt_sent_0\"><span class=\"\">Errugbia<\/span> <span class=\"\">US<\/span> <span class=\"\">Nafarroarekin<\/span> <span class=\"\">elkartuta<\/span><\/span><\/li>\n<li>Jarduera kulturalak: antzerkia,\u00a0mahai-jokoak, dantza,\u00a0<\/li>\n<\/ul>\n<p>\u00a0Ikusgarri bat antolatua da urte bukaeran urteko lanaren presentatzeko.<\/p>\n<p>&nbsp;<\/p>\n<h4><strong>Kirol Elkartea<\/strong><\/h4>\n<p>Asteazken arratsaldeetan, <em>UNSS<\/em> elkarteari esker, hainbat kirol jarduera proposatzen ditugu.<\/p>\n<p>[\/et_pb_tab][et_pb_tab title=&#8221;Los talleres y UNSS&#8221; _builder_version=&#8221;3.0.84&#8243;]<\/p>\n<h3>Los talleres<\/h3>\n<p>\u00a0 El horario escolar incluye varios talleres cada semana :<\/p>\n<p>\u2022 Deporte : Skate, Rugby con el club de US Nafarroa<\/p>\n<p>\u2022 Actividades culturales : Teatro, Juegos de mesa, Baile,<\/p>\n<p>&nbsp;<\/p>\n<h3>La UNSS<\/h3>\n<p>\u00a0 Los mi\u00e9rcoles por la tarde, se proponen varias actividades deportivas en el marco de la UNSS.<\/p>\n<p>[\/et_pb_tab][\/et_pb_tabs][\/et_pb_column][\/et_pb_row][et_pb_row _builder_version=&#8221;3.0.47&#8243; background_size=&#8221;initial&#8221; background_position=&#8221;top_left&#8221; background_repeat=&#8221;repeat&#8221;][et_pb_column type=&#8221;1_2&#8243; _builder_version=&#8221;3.0.47&#8243; parallax=&#8221;off&#8221; parallax_method=&#8221;on&#8221;][et_pb_image src=&#8221;http:\/\/saintemariemayorga64220.fr\/wp-content\/uploads\/2018\/02\/IMG_20171221_175156.jpg&#8221; _builder_version=&#8221;3.0.84&#8243;]<br \/>\n[\/et_pb_image][\/et_pb_column][et_pb_column type=&#8221;1_4&#8243; _builder_version=&#8221;3.0.47&#8243; parallax=&#8221;off&#8221; parallax_method=&#8221;on&#8221;][et_pb_image src=&#8221;http:\/\/saintemariemayorga64220.fr\/wp-content\/uploads\/2018\/02\/3-1.jpg&#8221; _builder_version=&#8221;3.0.84&#8243;]<br \/>\n[\/et_pb_image][\/et_pb_column][et_pb_column type=&#8221;1_4&#8243; _builder_version=&#8221;3.0.47&#8243; parallax=&#8221;off&#8221; parallax_method=&#8221;on&#8221;][et_pb_image src=&#8221;http:\/\/saintemariemayorga64220.fr\/wp-content\/uploads\/2018\/02\/IMG_20171110_133527.jpg&#8221; _builder_version=&#8221;3.0.84&#8243;]<br \/>\n[\/et_pb_image][\/et_pb_column][\/et_pb_row][et_pb_row _builder_version=&#8221;3.0.47&#8243; background_size=&#8221;initial&#8221; background_position=&#8221;top_left&#8221; background_repeat=&#8221;repeat&#8221;][et_pb_column type=&#8221;1_4&#8243; _builder_version=&#8221;3.0.47&#8243; parallax=&#8221;off&#8221; parallax_method=&#8221;on&#8221;][et_pb_image src=&#8221;http:\/\/saintemariemayorga64220.fr\/wp-content\/uploads\/2018\/02\/5-1.jpg&#8221; _builder_version=&#8221;3.0.84&#8243;]<br \/>\n[\/et_pb_image][\/et_pb_column][et_pb_column type=&#8221;1_4&#8243; _builder_version=&#8221;3.0.47&#8243; parallax=&#8221;off&#8221; parallax_method=&#8221;on&#8221;][et_pb_image src=&#8221;http:\/\/saintemariemayorga64220.fr\/wp-content\/uploads\/2018\/02\/DSCN2699.jpg&#8221; _builder_version=&#8221;3.0.84&#8243;]<br \/>\n[\/et_pb_image][\/et_pb_column][et_pb_column type=&#8221;1_2&#8243; _builder_version=&#8221;3.0.47&#8243; parallax=&#8221;off&#8221; parallax_method=&#8221;on&#8221;][et_pb_image src=&#8221;http:\/\/saintemariemayorga64220.fr\/wp-content\/uploads\/2018\/02\/P1060656.jpg&#8221; _builder_version=&#8221;3.0.84&#8243;]<br \/>\n[\/et_pb_image][\/et_pb_column][\/et_pb_row][\/et_pb_section]<\/p>\n","protected":false},"excerpt":{"rendered":"<p>[et_pb_section fb_built=&#8221;1&#8243; _builder_version=&#8221;3.0.84&#8243;][et_pb_row _builder_version=&#8221;3.0.84&#8243;][et_pb_column type=&#8221;4_4&#8243; _builder_version=&#8221;3.0.84&#8243; parallax=&#8221;off&#8221; parallax_method=&#8221;on&#8221;][et_pb_tabs _builder_version=&#8221;3.0.84&#8243;][et_pb_tab title=&#8221;Les ateliers et l&#8217;UNSS&#8221; _builder_version=&#8221;3.0.84&#8243;] Les ateliers Une fois par semaine, plusieurs ateliers sont propos\u00e9s dans l&#8217;emploi du temps (1 ou 2 s\u00e9ances) : Sports : Skate, Rugby en partenariat avec l&#8217;US Nafarroa,\u00a0 Activit\u00e9s culturelles : th\u00e9\u00e2tre, jeux de soci\u00e9t\u00e9s, danse,\u00a0 Un spectacle (repr\u00e9sentation th\u00e9\u00e2trale int\u00e9grant [&hellip;]<\/p>\n","protected":false},"author":1,"featured_media":0,"parent":32,"menu_order":7,"comment_status":"closed","ping_status":"open","template":"","meta":{"spay_email":""},"jetpack_sharing_enabled":true,"jetpack_shortlink":"https:\/\/wp.me\/P9jAgw-S","jetpack_likes_enabled":true,"jetpack-related-posts":[{"id":17,"url":"https:\/\/saintemariemayorga64220.fr\/eu\/","url_meta":{"origin":54,"position":0},"title":"Hastapena","date":"2014 September 28, Sunday","format":false,"excerpt":"[et_pb_section fb_built=\"1\" _builder_version=\"3.0.84\"\u2026","rel":"","context":"Similar post","img":{"alt_text":"","src":"","width":0,"height":0},"classes":[]},{"id":2052,"url":"https:\/\/saintemariemayorga64220.fr\/eu\/modules\/","url_meta":{"origin":54,"position":1},"title":"Modules","date":"2025 November 26, Wednesday","format":false,"excerpt":"[et_pb_slide heading=\"Une poule sur un mur\" button_text=\"Voir les r\u00e9sultats\u2026","rel":"","context":"Similar post","img":{"alt_text":"","src":"https:\/\/i0.wp.com\/saintemariemayorga64220.fr\/wp-content\/uploads\/2020\/04\/10-225x300.jpg?resize=350%2C200&ssl=1","width":350,"height":200},"classes":[]},{"id":805,"url":"https:\/\/saintemariemayorga64220.fr\/eu\/lhistorique\/","url_meta":{"origin":54,"position":2},"title":"Historia","date":"2016 January 28, Thursday","format":false,"excerpt":"L\u2019ensemble scolaire Sainte Marie \u2013 Mayorga\u00a0se trouve \u00e0 St Jean Pied de Port, village\u00a0des Pyr\u00e9n\u00e9es Atlantiques.\u00a0Capitale de la Basse Navarre, St Jean Pied de Port doit ce vocable \u00e0 sa situation au pied du \u00ab\u00a0port\u00a0\u00bb ou \u00ab\u00a0col\u00a0\u00bb de Ronceveaux (col\u2026","rel":"","context":"Similar post","img":{"alt_text":"","src":"","width":0,"height":0},"classes":[]},{"id":2680,"url":"https:\/\/saintemariemayorga64220.fr\/eu\/college-2\/","url_meta":{"origin":54,"position":3},"title":"Coll\u00e8ge","date":"2026 January 22, Thursday","format":false,"excerpt":" Voir la Page\u2026","rel":"","context":"Similar post","img":{"alt_text":"","src":"","width":0,"height":0},"classes":[]},{"id":66,"url":"https:\/\/saintemariemayorga64220.fr\/eu\/college-jean-de-mayorga\/mayorga-pratique\/renseignements-pratiques\/tarifs-et-bourses\/","url_meta":{"origin":54,"position":4},"title":"Tarifak eta bekak","date":"2014 October 26, Sunday","format":false,"excerpt":" SCOLARITE : en fonction du quotient familial : 23.3, 31 et 38.10 \u20ac par mois INTERNAT :\u00a0\u00a0\u00a0\u2026","rel":"","context":"Similar post","img":{"alt_text":"","src":"","width":0,"height":0},"classes":[]},{"id":74,"url":"https:\/\/saintemariemayorga64220.fr\/eu\/college-jean-de-mayorga\/mayorga-pratique\/renseignements-pratiques\/cantin\/","url_meta":{"origin":54,"position":5},"title":"Jangela","date":"2014 October 26, Sunday","format":false,"excerpt":" Ikus tarifak eta baldintzak Tarifak erlaitzean. Eskolak eta kolegioak sukaldari bat badute. Horrek\u2026","rel":"","context":"Similar post","img":{"alt_text":"","src":"","width":0,"height":0},"classes":[]}],"_links":{"self":[{"href":"https:\/\/saintemariemayorga64220.fr\/eu\/wp-json\/wp\/v2\/pages\/54"}],"collection":[{"href":"https:\/\/saintemariemayorga64220.fr\/eu\/wp-json\/wp\/v2\/pages"}],"about":[{"href":"https:\/\/saintemariemayorga64220.fr\/eu\/wp-json\/wp\/v2\/types\/page"}],"author":[{"embeddable":true,"href":"https:\/\/saintemariemayorga64220.fr\/eu\/wp-json\/wp\/v2\/users\/1"}],"replies":[{"embeddable":true,"href":"https:\/\/saintemariemayorga64220.fr\/eu\/wp-json\/wp\/v2\/comments?post=54"}],"version-history":[{"count":16,"href":"https:\/\/saintemariemayorga64220.fr\/eu\/wp-json\/wp\/v2\/pages\/54\/revisions"}],"predecessor-version":[{"id":2757,"href":"https:\/\/saintemariemayorga64220.fr\/eu\/wp-json\/wp\/v2\/pages\/54\/revisions\/2757"}],"up":[{"embeddable":true,"href":"https:\/\/saintemariemayorga64220.fr\/eu\/wp-json\/wp\/v2\/pages\/32"}],"wp:attachment":[{"href":"https:\/\/saintemariemayorga64220.fr\/eu\/wp-json\/wp\/v2\/media?parent=54"}],"curies":[{"name":"wp","href":"https:\/\/api.w.org\/{rel}","templated":true}]}}