{"id":58,"date":"2014-10-26T14:03:30","date_gmt":"2014-10-26T13:03:30","guid":{"rendered":"http:\/\/saintemariemayorga64220.fr\/?page_id=58"},"modified":"2018-11-16T09:34:15","modified_gmt":"2018-11-16T08:34:15","slug":"lorganisation","status":"publish","type":"page","link":"https:\/\/saintemariemayorga64220.fr\/eu\/college-jean-de-mayorga\/linternat\/lorganisation\/","title":{"rendered":"Antolaketa"},"content":{"rendered":"<p>Material eta hornidura zerrenda bat banatzen zaio izena ematen duenari.<\/p>\n<p>Barnetegia kolegioan berean da. Lan denbora eta atsedenaldia akomeatzeko egituratua da. Bakotxak ikasten du bizi arauak errespetatzen, talde bizi baketsua segurtatzeko gisan.<\/p>\n<p>Asteazken arratsaldeetako parte bat kirol edo joko jarduerei eskaintzen zaie. Aurten, <a href=\"http:\/\/www.frontball.com\/#!reglement\/c10ma\"><strong>frontball-ean<\/strong><\/a> <strong>aritzea<\/strong> <strong>sustatuko da.<\/strong> <a href=\"http:\/\/www.frontball.com\/#!reglement\/c10ma\"><strong>E<\/strong><\/a><strong><u>torkizun ederreko p<\/u><\/strong><a href=\"http:\/\/www.frontball.com\/#!reglement\/c10ma\"><strong>ilota joko bat <\/strong><\/a><strong><u>da<\/u><\/strong><strong>.<\/strong><\/p>\n<p>&nbsp;<\/p>\n<p>Egun bat barnetegian:<\/p>\n<ul>\n<li>7:00: \u00a0 iratzartzea, dutxa eta gosaria<\/li>\n<li>8:20: \u00a0 klaseen hastapena<\/li>\n<li>17:20: klaseen bukaera, arratsaldeko askaria eta pausaldia<\/li>\n<li>18:00-19:15: estudioa edo atelierra<\/li>\n<li>19:15-20:00: afaria<\/li>\n<li>20:00-21:15: estudioa, etxeko ikaslanen aitzinamenduaren arabera<\/li>\n<li>21:15: oheratzeko prestatzen. Argiak 21:45ean itzaltzen dira, denek pausatzeko aski denbora izan dezaten.<\/li>\n<\/ul>\n<p>Gure barnetegiko proiektua ezagutu nahi baldin baduzu, hemen klik egizu:<a href=\"http:\/\/saintemariemayorga64220.fr\/wp-content\/uploads\/2014\/10\/projet-dinternat.pdf\"> barnetegiko proiektua<\/a><\/p>","protected":false},"excerpt":{"rendered":"<p>Material eta hornidura zerrenda bat banatzen zaio izena ematen duenari. Barnetegia kolegioan berean da. Lan denbora eta atsedenaldia akomeatzeko egituratua da. Bakotxak ikasten du bizi arauak errespetatzen, talde bizi baketsua segurtatzeko gisan. Asteazken arratsaldeetako parte bat kirol edo joko jarduerei eskaintzen zaie. Aurten, frontball-ean aritzea sustatuko da. Etorkizun ederreko pilota joko bat da. &nbsp; Egun [&hellip;]<\/p>\n","protected":false},"author":1,"featured_media":0,"parent":34,"menu_order":2,"comment_status":"closed","ping_status":"open","template":"","meta":{"spay_email":""},"jetpack_sharing_enabled":true,"jetpack_shortlink":"https:\/\/wp.me\/P9jAgw-W","jetpack_likes_enabled":true,"jetpack-related-posts":[{"id":34,"url":"https:\/\/saintemariemayorga64220.fr\/eu\/college-jean-de-mayorga\/linternat\/","url_meta":{"origin":58,"position":0},"title":"L&#8217;internat","date":"2014 October 26, Sunday","format":false,"excerpt":"Vers un internat d'excellence Au sein\u2026","rel":"","context":"Similar post","img":{"alt_text":"","src":"","width":0,"height":0},"classes":[]},{"id":66,"url":"https:\/\/saintemariemayorga64220.fr\/eu\/college-jean-de-mayorga\/mayorga-pratique\/renseignements-pratiques\/tarifs-et-bourses\/","url_meta":{"origin":58,"position":1},"title":"Tarifak eta bekak","date":"2014 October 26, Sunday","format":false,"excerpt":" SCOLARITE : en fonction du quotient familial : 23.3, 31 et 38.10 \u20ac par mois INTERNAT :\u00a0\u00a0\u00a0\u2026","rel":"","context":"Similar post","img":{"alt_text":"","src":"","width":0,"height":0},"classes":[]},{"id":17,"url":"https:\/\/saintemariemayorga64220.fr\/eu\/","url_meta":{"origin":58,"position":2},"title":"Hastapena","date":"2014 September 28, Sunday","format":false,"excerpt":"[et_pb_section fb_built=\"1\" _builder_version=\"3.0.84\"\u2026","rel":"","context":"Similar post","img":{"alt_text":"","src":"","width":0,"height":0},"classes":[]},{"id":50,"url":"https:\/\/saintemariemayorga64220.fr\/eu\/college-jean-de-mayorga\/la-vie-a-mayorga\/laide-individuelle-et-methodologique\/","url_meta":{"origin":58,"position":3},"title":"Laguntza indibiduala eta metologikoa","date":"2014 October 26, Sunday","format":false,"excerpt":" Arta bereziarekin lantzen da laguntza indibiduala, adibidez etxeko ikaslanen egiteko laguntzari esker. Alabainan,\u00a0oren batez, etxeko ikaslanen egiteko, irakasle batek laguntzea proposatzen zaie hala nahi duten ikasleei. Arratsetan, estudio zaindua ere proposatua da, oren batez, klaseen ondotik. 6.ean,\u2026","rel":"","context":"Similar post","img":{"alt_text":"","src":"","width":0,"height":0},"classes":[]},{"id":670,"url":"https:\/\/saintemariemayorga64220.fr\/eu\/ecole-sainte-marie\/infos-pratiques\/horairesgarderieetude\/","url_meta":{"origin":58,"position":4},"title":"HORAIRES\/GARDERIE\/ETUDE","date":"2015 October 23, Friday","format":false,"excerpt":"L'\u00e9cole fonctionne toujours sur 4 jours : Lundi, mardi, jeudi et vendredi. Horaires des cours: 8h30-11h30 \u00a0\/ \u00a013h30-16h30 L'\u00e9cole vous propose des services GRATUITS comme: LA GARDERIE: \u00e0 partir de 7h45 le matin, jusqu'\u00e0 12h, et le soir jusqu'\u00e0 18h30. L'ETUDE : les lundis et jeudis soir de 16h45 \u00e0\u2026","rel":"","context":"Similar post","img":{"alt_text":"","src":"","width":0,"height":0},"classes":[]},{"id":72,"url":"https:\/\/saintemariemayorga64220.fr\/eu\/college-jean-de-mayorga\/mayorga-pratique\/renseignements-pratiques\/etude-du-soir\/","url_meta":{"origin":58,"position":5},"title":"Arratseko estudioa","date":"2014 October 26, Sunday","format":false,"excerpt":" Arratseko estudioa osoki kitorik da.\u00a0Astelehenetan, astearteetan eta ortzegunetan segurtatua da. Kolegioak, estudio hori baino lehen,\u2026","rel":"","context":"Similar post","img":{"alt_text":"","src":"","width":0,"height":0},"classes":[]}],"_links":{"self":[{"href":"https:\/\/saintemariemayorga64220.fr\/eu\/wp-json\/wp\/v2\/pages\/58"}],"collection":[{"href":"https:\/\/saintemariemayorga64220.fr\/eu\/wp-json\/wp\/v2\/pages"}],"about":[{"href":"https:\/\/saintemariemayorga64220.fr\/eu\/wp-json\/wp\/v2\/types\/page"}],"author":[{"embeddable":true,"href":"https:\/\/saintemariemayorga64220.fr\/eu\/wp-json\/wp\/v2\/users\/1"}],"replies":[{"embeddable":true,"href":"https:\/\/saintemariemayorga64220.fr\/eu\/wp-json\/wp\/v2\/comments?post=58"}],"version-history":[{"count":7,"href":"https:\/\/saintemariemayorga64220.fr\/eu\/wp-json\/wp\/v2\/pages\/58\/revisions"}],"predecessor-version":[{"id":1664,"href":"https:\/\/saintemariemayorga64220.fr\/eu\/wp-json\/wp\/v2\/pages\/58\/revisions\/1664"}],"up":[{"embeddable":true,"href":"https:\/\/saintemariemayorga64220.fr\/eu\/wp-json\/wp\/v2\/pages\/34"}],"wp:attachment":[{"href":"https:\/\/saintemariemayorga64220.fr\/eu\/wp-json\/wp\/v2\/media?parent=58"}],"curies":[{"name":"wp","href":"https:\/\/api.w.org\/{rel}","templated":true}]}}