{"id":796,"date":"2016-01-28T14:10:54","date_gmt":"2016-01-28T13:10:54","guid":{"rendered":"http:\/\/saintemariemayorga64220.fr\/?page_id=796"},"modified":"2026-01-10T19:21:05","modified_gmt":"2026-01-10T18:21:05","slug":"projet-detablissement","status":"publish","type":"page","link":"https:\/\/saintemariemayorga64220.fr\/eu\/projet-detablissement\/","title":{"rendered":"Projet d&#8217;\u00e9tablissement"},"content":{"rendered":"<p>[et_pb_section fb_built=&#8221;1&#8243; admin_label=&#8221;section&#8221; _builder_version=&#8221;3.0.47&#8243;][et_pb_row admin_label=&#8221;row&#8221; _builder_version=&#8221;3.0.47&#8243; background_size=&#8221;initial&#8221; background_position=&#8221;top_left&#8221; background_repeat=&#8221;repeat&#8221;][et_pb_column type=&#8221;4_4&#8243; _builder_version=&#8221;3.0.47&#8243; parallax=&#8221;off&#8221; parallax_method=&#8221;on&#8221;][et_pb_text admin_label=&#8221;Text&#8221; _builder_version=&#8221;3.0.47&#8243; background_size=&#8221;initial&#8221; background_position=&#8221;top_left&#8221; background_repeat=&#8221;repeat&#8221;]<\/p>\n<p>\u00a0<\/p>\n<p style=\"text-align: center;\"><a href=\"https:\/\/i0.wp.com\/saintemariemayorga64220.fr\/wp-content\/uploads\/2016\/01\/projet-etablissement.jpg\" rel=\"attachment wp-att-784\"><img data-attachment-id=\"784\" data-permalink=\"https:\/\/saintemariemayorga64220.fr\/eu\/projet-etablissement\/\" data-orig-file=\"https:\/\/i0.wp.com\/saintemariemayorga64220.fr\/wp-content\/uploads\/2016\/01\/projet-etablissement.jpg?fit=1754%2C1240&amp;ssl=1\" data-orig-size=\"1754,1240\" data-comments-opened=\"0\" data-image-meta=\"{&quot;aperture&quot;:&quot;0&quot;,&quot;credit&quot;:&quot;&quot;,&quot;camera&quot;:&quot;&quot;,&quot;caption&quot;:&quot;&quot;,&quot;created_timestamp&quot;:&quot;0&quot;,&quot;copyright&quot;:&quot;&quot;,&quot;focal_length&quot;:&quot;0&quot;,&quot;iso&quot;:&quot;0&quot;,&quot;shutter_speed&quot;:&quot;0&quot;,&quot;title&quot;:&quot;&quot;,&quot;orientation&quot;:&quot;0&quot;}\" data-image-title=\"projet etablissement\" data-image-description=\"\" data-image-caption=\"\" data-medium-file=\"https:\/\/i0.wp.com\/saintemariemayorga64220.fr\/wp-content\/uploads\/2016\/01\/projet-etablissement.jpg?fit=300%2C212&amp;ssl=1\" data-large-file=\"https:\/\/i0.wp.com\/saintemariemayorga64220.fr\/wp-content\/uploads\/2016\/01\/projet-etablissement.jpg?fit=1024%2C724&amp;ssl=1\" loading=\"lazy\" class=\"wp-image-784  alignnone\" src=\"https:\/\/i0.wp.com\/saintemariemayorga64220.fr\/wp-content\/uploads\/2016\/01\/projet-etablissement.jpg?resize=535%2C378\" alt=\"projet etablissement\" width=\"535\" height=\"378\" srcset=\"https:\/\/i0.wp.com\/saintemariemayorga64220.fr\/wp-content\/uploads\/2016\/01\/projet-etablissement.jpg?w=1754&amp;ssl=1 1754w, https:\/\/i0.wp.com\/saintemariemayorga64220.fr\/wp-content\/uploads\/2016\/01\/projet-etablissement.jpg?resize=300%2C212&amp;ssl=1 300w, https:\/\/i0.wp.com\/saintemariemayorga64220.fr\/wp-content\/uploads\/2016\/01\/projet-etablissement.jpg?resize=768%2C543&amp;ssl=1 768w, https:\/\/i0.wp.com\/saintemariemayorga64220.fr\/wp-content\/uploads\/2016\/01\/projet-etablissement.jpg?resize=1024%2C724&amp;ssl=1 1024w\" sizes=\"(max-width: 535px) 100vw, 535px\" data-recalc-dims=\"1\" \/><\/a><\/p>\n<p style=\"text-align: center;\">Le projet d&#8217;\u00e9tablissement de l&#8217;\u00e9cole et du coll\u00e8ge<\/p>\n<p><\/p>\n<p>[\/et_pb_text][\/et_pb_column][\/et_pb_row][\/et_pb_section]<\/p>","protected":false},"excerpt":{"rendered":"<p>[et_pb_section fb_built=&#8221;1&#8243; admin_label=&#8221;section&#8221; _builder_version=&#8221;3.0.47&#8243;][et_pb_row admin_label=&#8221;row&#8221; _builder_version=&#8221;3.0.47&#8243; background_size=&#8221;initial&#8221; background_position=&#8221;top_left&#8221; background_repeat=&#8221;repeat&#8221;][et_pb_column type=&#8221;4_4&#8243; _builder_version=&#8221;3.0.47&#8243; parallax=&#8221;off&#8221; parallax_method=&#8221;on&#8221;][et_pb_text admin_label=&#8221;Text&#8221; _builder_version=&#8221;3.0.47&#8243; background_size=&#8221;initial&#8221; background_position=&#8221;top_left&#8221; background_repeat=&#8221;repeat&#8221;] \u00a0 Le projet d&#8217;\u00e9tablissement de l&#8217;\u00e9cole et du coll\u00e8ge [\/et_pb_text][\/et_pb_column][\/et_pb_row][\/et_pb_section]<\/p>\n","protected":false},"author":1,"featured_media":0,"parent":0,"menu_order":0,"comment_status":"closed","ping_status":"closed","template":"","meta":{"spay_email":""},"jetpack_sharing_enabled":true,"jetpack_shortlink":"https:\/\/wp.me\/P9jAgw-cQ","jetpack_likes_enabled":true,"jetpack-related-posts":[{"id":2052,"url":"https:\/\/saintemariemayorga64220.fr\/eu\/modules\/","url_meta":{"origin":796,"position":0},"title":"Modules","date":"2025 November 26, Wednesday","format":false,"excerpt":"[et_pb_slide heading=\"Une poule sur un mur\" button_text=\"Voir les r\u00e9sultats\u2026","rel":"","context":"Similar post","img":{"alt_text":"","src":"https:\/\/i0.wp.com\/saintemariemayorga64220.fr\/wp-content\/uploads\/2020\/04\/10-225x300.jpg?resize=350%2C200&ssl=1","width":350,"height":200},"classes":[]},{"id":17,"url":"https:\/\/saintemariemayorga64220.fr\/eu\/","url_meta":{"origin":796,"position":1},"title":"Hastapena","date":"2014 September 28, Sunday","format":false,"excerpt":"[et_pb_section fb_built=\"1\" _builder_version=\"3.0.84\"\u2026","rel":"","context":"Similar post","img":{"alt_text":"","src":"","width":0,"height":0},"classes":[]},{"id":1058,"url":"https:\/\/saintemariemayorga64220.fr\/eu\/ensemble-scolaire\/","url_meta":{"origin":796,"position":2},"title":"Ikastetxea","date":"2017 January 18, Wednesday","format":false,"excerpt":"[et_pb_accordion open_toggle_text_color=\"#020202\" open_toggle_background_color=\"#ffffff\" closed_toggle_text_color=\"#020202\" closed_toggle_background_color=\"#b5b5b5\" _builder_version=\"3.0.84\" body_font=\"||||||||\" toggle_font=\"|800|||||||\" toggle_text_align=\"left\" toggle_font_size=\"24px\" toggle_text_color=\"#ffffff\"\u2026","rel":"","context":"Similar post","img":{"alt_text":"","src":"","width":0,"height":0},"classes":[]},{"id":814,"url":"https:\/\/saintemariemayorga64220.fr\/eu\/la-presse-en-parle\/","url_meta":{"origin":796,"position":3},"title":"La presse en parle&#8230;","date":"2016 January 28, Thursday","format":false,"excerpt":"[et_pb_cta title=\"Semaine du go\u00fbt \u00e0 l'\u00e9cole Sainte Marie\u2026","rel":"","context":"Similar post","img":{"alt_text":"","src":"https:\/\/i0.wp.com\/bpsgm.fr\/wp-content\/uploads\/2015\/06\/eleves.png?resize=350%2C200","width":350,"height":200},"classes":[]},{"id":2680,"url":"https:\/\/saintemariemayorga64220.fr\/eu\/college-2\/","url_meta":{"origin":796,"position":4},"title":"Coll\u00e8ge","date":"2026 January 22, Thursday","format":false,"excerpt":" Voir la Page\u2026","rel":"","context":"Similar post","img":{"alt_text":"","src":"","width":0,"height":0},"classes":[]},{"id":62,"url":"https:\/\/saintemariemayorga64220.fr\/eu\/college-jean-de-mayorga\/mayorga-pratique\/renseignements-pratiques\/inscriptions\/","url_meta":{"origin":796,"position":5},"title":"Argibide praktikoak","date":"2014 October 26, Sunday","format":false,"excerpt":"[et_pb_section fb_built=\"1\"\u2026","rel":"","context":"Similar post","img":{"alt_text":"","src":"","width":0,"height":0},"classes":[]}],"_links":{"self":[{"href":"https:\/\/saintemariemayorga64220.fr\/eu\/wp-json\/wp\/v2\/pages\/796"}],"collection":[{"href":"https:\/\/saintemariemayorga64220.fr\/eu\/wp-json\/wp\/v2\/pages"}],"about":[{"href":"https:\/\/saintemariemayorga64220.fr\/eu\/wp-json\/wp\/v2\/types\/page"}],"author":[{"embeddable":true,"href":"https:\/\/saintemariemayorga64220.fr\/eu\/wp-json\/wp\/v2\/users\/1"}],"replies":[{"embeddable":true,"href":"https:\/\/saintemariemayorga64220.fr\/eu\/wp-json\/wp\/v2\/comments?post=796"}],"version-history":[{"count":7,"href":"https:\/\/saintemariemayorga64220.fr\/eu\/wp-json\/wp\/v2\/pages\/796\/revisions"}],"predecessor-version":[{"id":2587,"href":"https:\/\/saintemariemayorga64220.fr\/eu\/wp-json\/wp\/v2\/pages\/796\/revisions\/2587"}],"wp:attachment":[{"href":"https:\/\/saintemariemayorga64220.fr\/eu\/wp-json\/wp\/v2\/media?parent=796"}],"curies":[{"name":"wp","href":"https:\/\/api.w.org\/{rel}","templated":true}]}}