{"id":801,"date":"2016-01-28T14:24:45","date_gmt":"2016-01-28T13:24:45","guid":{"rendered":"http:\/\/saintemariemayorga64220.fr\/?page_id=801"},"modified":"2016-01-28T14:25:24","modified_gmt":"2016-01-28T13:25:24","slug":"les-associations","status":"publish","type":"page","link":"https:\/\/saintemariemayorga64220.fr\/eu\/les-associations\/","title":{"rendered":"Les associations"},"content":{"rendered":"","protected":false},"excerpt":{"rendered":"","protected":false},"author":1,"featured_media":0,"parent":0,"menu_order":6,"comment_status":"closed","ping_status":"closed","template":"","meta":{"spay_email":""},"jetpack_sharing_enabled":true,"jetpack_shortlink":"https:\/\/wp.me\/P9jAgw-cV","jetpack_likes_enabled":true,"jetpack-related-posts":[{"id":1062,"url":"https:\/\/saintemariemayorga64220.fr\/eu\/associations\/","url_meta":{"origin":801,"position":0},"title":"ASSOCIATIONS","date":"2017 January 18, Wednesday","format":false,"excerpt":"","rel":"","context":"Similar post","img":{"alt_text":"","src":"","width":0,"height":0},"classes":[]},{"id":125,"url":"https:\/\/saintemariemayorga64220.fr\/eu\/les-associations\/apel\/","url_meta":{"origin":801,"position":1},"title":"APEL","date":"2014 October 26, Sunday","format":false,"excerpt":"Pr\u00e9sentation Avec ses 878 000 familles adh\u00e9rentes, l'Apel (Association de parents d'\u00e9l\u00e8ves de l'enseignement libre) est la plus importante association nationale de parents d'\u00e9l\u00e8ves. C'est \u00e9galement la seule association de parents d'\u00e9l\u00e8ves\u2026","rel":"","context":"Similar post","img":{"alt_text":"","src":"","width":0,"height":0},"classes":[]},{"id":127,"url":"https:\/\/saintemariemayorga64220.fr\/eu\/les-associations\/ogec\/","url_meta":{"origin":801,"position":2},"title":"OGEC","date":"2014 October 26, Sunday","format":false,"excerpt":"OGEC Sainte Marie - Jean de Mayorga \u00a0 Pr\u00e9sentation L'OGEC est l'organisme de gestion de l'Enseignement Catholique; il s'agit d'une association loi 1901 dont les membres \u00e9lus sont des b\u00e9n\u00e9voles qui mettent\u2026","rel":"","context":"Similar post","img":{"alt_text":"","src":"","width":0,"height":0},"classes":[]},{"id":814,"url":"https:\/\/saintemariemayorga64220.fr\/eu\/la-presse-en-parle\/","url_meta":{"origin":801,"position":3},"title":"La presse en parle&#8230;","date":"2016 January 28, Thursday","format":false,"excerpt":"[et_pb_cta title=\"Semaine du go\u00fbt \u00e0 l'\u00e9cole Sainte Marie\u2026","rel":"","context":"Similar post","img":{"alt_text":"","src":"https:\/\/i0.wp.com\/bpsgm.fr\/wp-content\/uploads\/2015\/06\/eleves.png?resize=350%2C200","width":350,"height":200},"classes":[]},{"id":54,"url":"https:\/\/saintemariemayorga64220.fr\/eu\/college-jean-de-mayorga\/la-vie-a-mayorga\/les-ateliers-et-le-sport\/","url_meta":{"origin":801,"position":4},"title":"Kirola eta atelierrak","date":"2014 October 26, Sunday","format":false,"excerpt":"Les ateliers Une fois par semaine, plusieurs ateliers sont propos\u00e9s dans l'emploi du temps (1 ou 2 s\u00e9ances) : Sports : Skate, Rugby en partenariat avec l'US Nafarroa,\u00a0 Activit\u00e9s culturelles : th\u00e9\u00e2tre, jeux de soci\u00e9t\u00e9s, danse,\u00a0 Un\u2026","rel":"","context":"Similar post","img":{"alt_text":"","src":"","width":0,"height":0},"classes":[]},{"id":712,"url":"https:\/\/saintemariemayorga64220.fr\/eu\/ecole-sainte-marie\/le-bilinguisme\/","url_meta":{"origin":801,"position":5},"title":"LE BILINGUISME","date":"2015 October 24, Saturday","format":false,"excerpt":"L'\u00e9cole Sainte Marie dispose d'une fili\u00e8re bilingue basque. La maternelle bilingue basque a bascul\u00e9 dans un dispositif immersif depuis 2015. Mais \u00e0 partir du CP, cette fili\u00e8re dispense une partie des cours en langue basque et l'autre en fran\u00e7ais\u2026","rel":"","context":"Similar post","img":{"alt_text":"","src":"","width":0,"height":0},"classes":[]}],"_links":{"self":[{"href":"https:\/\/saintemariemayorga64220.fr\/eu\/wp-json\/wp\/v2\/pages\/801"}],"collection":[{"href":"https:\/\/saintemariemayorga64220.fr\/eu\/wp-json\/wp\/v2\/pages"}],"about":[{"href":"https:\/\/saintemariemayorga64220.fr\/eu\/wp-json\/wp\/v2\/types\/page"}],"author":[{"embeddable":true,"href":"https:\/\/saintemariemayorga64220.fr\/eu\/wp-json\/wp\/v2\/users\/1"}],"replies":[{"embeddable":true,"href":"https:\/\/saintemariemayorga64220.fr\/eu\/wp-json\/wp\/v2\/comments?post=801"}],"version-history":[{"count":1,"href":"https:\/\/saintemariemayorga64220.fr\/eu\/wp-json\/wp\/v2\/pages\/801\/revisions"}],"predecessor-version":[{"id":802,"href":"https:\/\/saintemariemayorga64220.fr\/eu\/wp-json\/wp\/v2\/pages\/801\/revisions\/802"}],"wp:attachment":[{"href":"https:\/\/saintemariemayorga64220.fr\/eu\/wp-json\/wp\/v2\/media?parent=801"}],"curies":[{"name":"wp","href":"https:\/\/api.w.org\/{rel}","templated":true}]}}